{"id":11,"date":"2021-05-17T16:05:09","date_gmt":"2021-05-17T14:05:09","guid":{"rendered":"https:\/\/laplomberieducanal.com\/?page_id=11"},"modified":"2023-08-03T14:43:03","modified_gmt":"2023-08-03T12:43:03","slug":"association-laplomberieducanal","status":"publish","type":"page","link":"https:\/\/laplomberieducanal.com\/index.php\/association-laplomberieducanal\/","title":{"rendered":"L&rsquo;association"},"content":{"rendered":"\n<h2 class=\"wp-block-heading\">Fruit de la rencontre entre artistes et acteurs sociaux, l\u2019association La Plomberie du Canal a \u00e9t\u00e9 cr\u00e9\u00e9e pour favoriser l\u2019acc\u00e8s aux Arts et \u00e0 la Culture pour tous.<\/h2>\n\n\n\n<figure class=\"wp-block-image size-large\"><img data-recalc-dims=\"1\" loading=\"lazy\" decoding=\"async\" width=\"1024\" height=\"1024\" data-attachment-id=\"1471\" data-permalink=\"https:\/\/laplomberieducanal.com\/cropped-rendez-vous-temps-forts-jpg\/\" data-orig-file=\"https:\/\/i0.wp.com\/laplomberieducanal.com\/wp-content\/uploads\/2021\/06\/cropped-Rendez-vous-Temps-Forts.jpg?fit=1080%2C1080&amp;ssl=1\" data-orig-size=\"1080,1080\" data-comments-opened=\"1\" data-image-meta=\"{&quot;aperture&quot;:&quot;0&quot;,&quot;credit&quot;:&quot;&quot;,&quot;camera&quot;:&quot;&quot;,&quot;caption&quot;:&quot;&quot;,&quot;created_timestamp&quot;:&quot;0&quot;,&quot;copyright&quot;:&quot;&quot;,&quot;focal_length&quot;:&quot;0&quot;,&quot;iso&quot;:&quot;0&quot;,&quot;shutter_speed&quot;:&quot;0&quot;,&quot;title&quot;:&quot;&quot;,&quot;orientation&quot;:&quot;1&quot;}\" data-image-title=\"espace adh\u00e9rents\" data-image-description=\"&lt;p&gt;https:\/\/laplomberieducanal.com\/wp-content\/uploads\/2021\/06\/cropped-Rendez-vous-Temps-Forts.jpg&lt;\/p&gt;\n\" data-image-caption=\"\" data-medium-file=\"https:\/\/i0.wp.com\/laplomberieducanal.com\/wp-content\/uploads\/2021\/06\/cropped-Rendez-vous-Temps-Forts.jpg?fit=300%2C300&amp;ssl=1\" data-large-file=\"https:\/\/i0.wp.com\/laplomberieducanal.com\/wp-content\/uploads\/2021\/06\/cropped-Rendez-vous-Temps-Forts.jpg?fit=1024%2C1024&amp;ssl=1\" tabindex=\"0\" role=\"button\" src=\"https:\/\/i0.wp.com\/laplomberieducanal.com\/wp-content\/uploads\/2021\/06\/cropped-Rendez-vous-Temps-Forts.jpg?resize=1024%2C1024&#038;ssl=1\" alt=\"L'association La Plomberie du Canal\" class=\"wp-image-1471\" srcset=\"https:\/\/i0.wp.com\/laplomberieducanal.com\/wp-content\/uploads\/2021\/06\/cropped-Rendez-vous-Temps-Forts.jpg?resize=1024%2C1024&amp;ssl=1 1024w, https:\/\/i0.wp.com\/laplomberieducanal.com\/wp-content\/uploads\/2021\/06\/cropped-Rendez-vous-Temps-Forts.jpg?resize=300%2C300&amp;ssl=1 300w, https:\/\/i0.wp.com\/laplomberieducanal.com\/wp-content\/uploads\/2021\/06\/cropped-Rendez-vous-Temps-Forts.jpg?resize=150%2C150&amp;ssl=1 150w, https:\/\/i0.wp.com\/laplomberieducanal.com\/wp-content\/uploads\/2021\/06\/cropped-Rendez-vous-Temps-Forts.jpg?resize=768%2C768&amp;ssl=1 768w, https:\/\/i0.wp.com\/laplomberieducanal.com\/wp-content\/uploads\/2021\/06\/cropped-Rendez-vous-Temps-Forts.jpg?w=1080&amp;ssl=1 1080w\" sizes=\"(max-width: 1024px) 100vw, 1024px\" \/><\/figure>\n\n\n\n<p>Situ\u00e9e au 44, Canal Saint-Martin \u00e0 <strong>Rennes<\/strong>, l\u2019association a \u00e9t\u00e9 imagin\u00e9e comme une passerelle pour et par l\u2019Art.<br><strong>La Plomberie du Canal<\/strong> \u0153uvre depuis 2009 pour permettre \u00e0 tous les publics de d\u00e9couvrir, pratiquer, exp\u00e9rimenter et susciter des ambitions dans le <strong>secteur artistique et culturel<\/strong>.<\/p>\n\n\n\n<p>Sous gouvernance coll\u00e9giale, les membres de l\u2019association participent \u00e0 la vie associative, culturelle et artistique du bassin <strong>rennais<\/strong>.<\/p>\n\n\n\n<div class=\"wp-block-buttons is-horizontal is-content-justification-center is-layout-flex wp-container-core-buttons-is-layout-1 wp-block-buttons-is-layout-flex\">\n<div class=\"wp-block-button is-style-outline\"><a class=\"wp-block-button__link has-black-color has-luminous-vivid-amber-background-color has-text-color has-background wp-element-button\" href=\"https:\/\/laplomberieducanal.com\/index.php\/association\/equipe\/\">Notre \u00e9quipe<\/a><\/div>\n<\/div>\n\n\n\n<hr class=\"wp-block-separator has-alpha-channel-opacity is-style-dots\"\/>\n\n\n\n<h2 class=\"wp-block-heading has-text-color\" style=\"color:#a70048\">Les activit\u00e9s de notre association<\/h2>\n\n\n\n<p>\u00c0 dominante <strong>spectacle vivant<\/strong>, nous proposons une diversit\u00e9 de services&nbsp;:<\/p>\n\n\n\n<ul>\n<li>La location d\u2019un <strong>espace partag\u00e9 en<a href=\"https:\/\/laplomberieducanal.com\/index.php\/hang-art\/espace-de-coworking-rennes\/\"> coworking<\/a><\/strong><\/li>\n\n\n\n<li>La location de locaux pour <strong>r\u00e9sidences artistiques<\/strong> \/ <strong><a href=\"https:\/\/laplomberieducanal.com\/index.php\/hang-art\/residences-artistiques\/\">espace sc\u00e9nique<\/a> <\/strong><\/li>\n\n\n\n<li>La location du Hang&rsquo;Art pour <a href=\"https:\/\/laplomberieducanal.com\/index.php\/hang-art\/anniversaires\/\"><strong>\u00e9v\u00e9nements priv\u00e9s <\/strong><\/a><strong>(anniversaires, d\u00e9parts \u00e0 la retraite, expositions, th\u00e9s dansants, bapt\u00eames, enterrements de vie de gar\u00e7on ou de jeune fille, etc.)<\/strong><\/li>\n\n\n\n<li>De la <strong>formation artistique<\/strong> : des ateliers th\u00e9\u00e2tre et des stages pour enfants d\u00e8s 8 ans et adultes (d\u00e9butant, interm\u00e9diaire ou avanc\u00e9)<\/li>\n\n\n\n<li>Des <a href=\"https:\/\/laplomberieducanal.com\/index.php\/coaching-aisance-a-loral\/\"><strong>coaching sur la ma\u00eetrise de soi <\/strong><\/a>(aisance oral, gestion du stress, confiance en soi, d\u00e9bloquer ses \u00e9motions, cr\u00e9er des relations positives avec soi-m\u00eame et les autres)<\/li>\n\n\n\n<li>Des <strong>rendez-vous socioculturels et artistiques<\/strong> en pr\u00e9sence d\u2019artistes professionnels<\/li>\n<\/ul>\n\n\n\n<h2 class=\"wp-block-heading has-text-color\" style=\"color:#a70048\"><strong>Nos valeurs<\/strong><\/h2>\n\n\n\n<p>Fondamentales \u00e0 nos activit\u00e9s, nous portons fi\u00e8rement les valeurs de <strong>transmission<\/strong>, de <strong>respect<\/strong>, de <strong>partage<\/strong>, d\u2019<strong>entraide<\/strong>, d&rsquo;<strong>\u00e9panouissement <\/strong>et d\u2019<strong>accueil<\/strong> pour tous. La Plomberie du Canal a \u00e0 c\u0153ur d\u2019int\u00e9grer et de mettre en lumi\u00e8re chacun et chacune&nbsp;:<\/p>\n\n\n\n<ul>\n<li>Artistes r\u00e9sidents<\/li>\n\n\n\n<li>Adh\u00e9rents et b\u00e9n\u00e9voles<\/li>\n\n\n\n<li>Membre de l\u2019\u00e9quipe<\/li>\n\n\n\n<li>Partenaires et soutiens de l\u2019association<\/li>\n<\/ul>\n\n\n\n<div class=\"wp-block-buttons is-horizontal is-content-justification-center is-layout-flex wp-container-core-buttons-is-layout-2 wp-block-buttons-is-layout-flex\">\n<div class=\"wp-block-button\"><a class=\"wp-block-button__link has-background wp-element-button\" href=\"https:\/\/laplomberieducanal.com\/index.php\/adherer-association\/\" style=\"background-color:#a70042\">Pour adh\u00e9rer \u00e0 l&rsquo;association<\/a><\/div>\n\n\n\n<div class=\"wp-block-button is-style-outline\"><a class=\"wp-block-button__link has-background wp-element-button\" href=\"https:\/\/laplomberieducanal.com\/index.php\/association\/partenaires\/\" style=\"background-color:#febe32\">Nos partenaires<\/a><\/div>\n<\/div>\n\n\n\n<hr class=\"wp-block-separator has-alpha-channel-opacity is-style-dots\"\/>\n\n\n\n<h2 class=\"wp-block-heading has-text-color\" style=\"color:#a70048\">Venez discuter avec nous autour d&rsquo;une tasse de caf\u00e9 ou de th\u00e9 !<\/h2>\n\n\n\n<p>Dans le cadre unique des Prairies Saint-Martin, <a href=\"https:\/\/youtu.be\/Z8zmPjZ_q4w\">La Plomberie du Canal <\/a>(vue du ciel, film\u00e9e avec un drone par l&rsquo;un de ses adh\u00e9rents) est situ\u00e9e au bord du Canal, \u00e0 quelques minutes \u00e0 pied de la place Sainte-Anne et du centre-ville.<\/p>\n\n\n\n<div class=\"wp-block-columns is-layout-flex wp-container-core-columns-is-layout-1 wp-block-columns-is-layout-flex\">\n<div class=\"wp-block-column is-vertically-aligned-center is-layout-flow wp-block-column-is-layout-flow\" style=\"flex-basis:66.66%\">\n<div class=\"wp-block-group\"><div class=\"wp-block-group__inner-container is-layout-flow wp-block-group-is-layout-flow\">\n<iframe src=\"https:\/\/www.google.com\/maps\/embed?pb=!1m14!1m8!1m3!1d10653.374751929729!2d-1.6784378!3d48.1228951!3m2!1i1024!2i768!4f13.1!3m3!1m2!1s0x0%3A0x147cf83f27e35463!2sLa%20Plomberie%20du%20Canal!5e0!3m2!1sfr!2sfr!4v1621517876901!5m2!1sfr!2sfr\" width=\"600\" height=\"450\" style=\"border:0;\" allowfullscreen=\"\" loading=\"lazy\"><\/iframe>\n<\/div><\/div>\n<\/div>\n\n\n\n<div class=\"wp-block-column is-vertically-aligned-center is-layout-flow wp-block-column-is-layout-flow\" style=\"flex-basis:33.33%\">\n<p>Pour s\u2019y rendre :<\/p>\n\n\n\n<ul>\n<li><strong>V\u00e9lo<\/strong> : Station Pont Saint-Martin<\/li>\n\n\n\n<li><strong>Bus<\/strong> : n\u00b012 (Arr\u00eat Auberge de Jeunesse)<\/li>\n\n\n\n<li><strong>M\u00e9tro ligne A<\/strong> : Arr\u00eats Anatole France ou Sainte-Anne (10-15 minutes \u00e0 pied)<\/li>\n\n\n\n<li><strong>M\u00e9tro ligne B <\/strong>: arr\u00eat Jules Ferry (15 minutes \u00e0 pied)<\/li>\n\n\n\n<li><strong>Voiture<\/strong> : Rocade, sortie Beauregard ou Saint-Martin<\/li>\n<\/ul>\n<\/div>\n<\/div>\n\n\n\n<div class=\"wp-block-buttons is-horizontal is-content-justification-center is-layout-flex wp-container-core-buttons-is-layout-3 wp-block-buttons-is-layout-flex\">\n<div class=\"wp-block-button is-style-outline\"><a class=\"wp-block-button__link has-black-color has-luminous-vivid-amber-background-color has-text-color has-background wp-element-button\" href=\"https:\/\/laplomberieducanal.com\/?page_id=319&amp;preview=true\">Nous contacter<\/a><\/div>\n<\/div>\n","protected":false},"excerpt":{"rendered":"<p>Fruit de la rencontre entre artistes et acteurs sociaux, l\u2019association La Plomberie du Canal a \u00e9t\u00e9 cr\u00e9\u00e9e pour favoriser l\u2019acc\u00e8s aux Arts et \u00e0 la Culture pour tous. Situ\u00e9e au 44, Canal Saint-Martin \u00e0 Rennes, l\u2019association a \u00e9t\u00e9 imagin\u00e9e comme une passerelle pour et par l\u2019Art.La Plomberie du Canal \u0153uvre depuis 2009 pour permettre \u00e0&hellip; <br \/> <a class=\"read-more\" href=\"https:\/\/laplomberieducanal.com\/index.php\/association-laplomberieducanal\/\">Lire la suite<\/a><\/p>\n","protected":false},"author":1,"featured_media":1603,"parent":0,"menu_order":0,"comment_status":"open","ping_status":"closed","template":"","meta":{"footnotes":""},"yoast_head":"<!-- This site is optimized with the Yoast SEO plugin v23.0 - https:\/\/yoast.com\/wordpress\/plugins\/seo\/ -->\n<title>L&#039;association - La Plomberie du Canal<\/title>\n<meta name=\"description\" content=\"Rencontre entre artistes et acteurs sociaux. L\u2019association La Plomberie du Canal favorise l\u2019acc\u00e8s aux Arts et \u00e0 la Culture pour tous.\" \/>\n<meta name=\"robots\" content=\"index, follow, max-snippet:-1, max-image-preview:large, max-video-preview:-1\" \/>\n<link rel=\"canonical\" href=\"https:\/\/laplomberieducanal.com\/index.php\/association-laplomberieducanal\/\" \/>\n<meta property=\"og:locale\" content=\"fr_FR\" \/>\n<meta property=\"og:type\" content=\"article\" \/>\n<meta property=\"og:title\" content=\"L&#039;association - La Plomberie du Canal\" \/>\n<meta property=\"og:description\" content=\"Rencontre entre artistes et acteurs sociaux. L\u2019association La Plomberie du Canal favorise l\u2019acc\u00e8s aux Arts et \u00e0 la Culture pour tous.\" \/>\n<meta property=\"og:url\" content=\"https:\/\/laplomberieducanal.com\/index.php\/association-laplomberieducanal\/\" \/>\n<meta property=\"og:site_name\" content=\"La Plomberie du Canal\" \/>\n<meta property=\"article:modified_time\" content=\"2023-08-03T12:43:03+00:00\" \/>\n<meta property=\"og:image\" content=\"https:\/\/laplomberieducanal.com\/wp-content\/uploads\/2023\/08\/hang.png\" \/>\n\t<meta property=\"og:image:width\" content=\"288\" \/>\n\t<meta property=\"og:image:height\" content=\"405\" \/>\n\t<meta property=\"og:image:type\" content=\"image\/png\" \/>\n<meta name=\"twitter:card\" content=\"summary_large_image\" \/>\n<meta name=\"twitter:label1\" content=\"Dur\u00e9e de lecture estim\u00e9e\" \/>\n\t<meta name=\"twitter:data1\" content=\"3 minutes\" \/>\n<script type=\"application\/ld+json\" class=\"yoast-schema-graph\">{\"@context\":\"https:\/\/schema.org\",\"@graph\":[{\"@type\":\"WebPage\",\"@id\":\"https:\/\/laplomberieducanal.com\/index.php\/association-laplomberieducanal\/\",\"url\":\"https:\/\/laplomberieducanal.com\/index.php\/association-laplomberieducanal\/\",\"name\":\"L'association - La Plomberie du Canal\",\"isPartOf\":{\"@id\":\"https:\/\/laplomberieducanal.com\/#website\"},\"primaryImageOfPage\":{\"@id\":\"https:\/\/laplomberieducanal.com\/index.php\/association-laplomberieducanal\/#primaryimage\"},\"image\":{\"@id\":\"https:\/\/laplomberieducanal.com\/index.php\/association-laplomberieducanal\/#primaryimage\"},\"thumbnailUrl\":\"https:\/\/i0.wp.com\/laplomberieducanal.com\/wp-content\/uploads\/2023\/08\/hang.png?fit=288%2C405&ssl=1\",\"datePublished\":\"2021-05-17T14:05:09+00:00\",\"dateModified\":\"2023-08-03T12:43:03+00:00\",\"description\":\"Rencontre entre artistes et acteurs sociaux. L\u2019association La Plomberie du Canal favorise l\u2019acc\u00e8s aux Arts et \u00e0 la Culture pour tous.\",\"breadcrumb\":{\"@id\":\"https:\/\/laplomberieducanal.com\/index.php\/association-laplomberieducanal\/#breadcrumb\"},\"inLanguage\":\"fr-FR\",\"potentialAction\":[{\"@type\":\"ReadAction\",\"target\":[\"https:\/\/laplomberieducanal.com\/index.php\/association-laplomberieducanal\/\"]}]},{\"@type\":\"ImageObject\",\"inLanguage\":\"fr-FR\",\"@id\":\"https:\/\/laplomberieducanal.com\/index.php\/association-laplomberieducanal\/#primaryimage\",\"url\":\"https:\/\/i0.wp.com\/laplomberieducanal.com\/wp-content\/uploads\/2023\/08\/hang.png?fit=288%2C405&ssl=1\",\"contentUrl\":\"https:\/\/i0.wp.com\/laplomberieducanal.com\/wp-content\/uploads\/2023\/08\/hang.png?fit=288%2C405&ssl=1\",\"width\":288,\"height\":405,\"caption\":\"L'association La Plomberie du Canal\"},{\"@type\":\"BreadcrumbList\",\"@id\":\"https:\/\/laplomberieducanal.com\/index.php\/association-laplomberieducanal\/#breadcrumb\",\"itemListElement\":[{\"@type\":\"ListItem\",\"position\":1,\"name\":\"Accueil\",\"item\":\"https:\/\/laplomberieducanal.com\/\"},{\"@type\":\"ListItem\",\"position\":2,\"name\":\"L&#8217;association\"}]},{\"@type\":\"WebSite\",\"@id\":\"https:\/\/laplomberieducanal.com\/#website\",\"url\":\"https:\/\/laplomberieducanal.com\/\",\"name\":\"La Plomberie du Canal\",\"description\":\"Association artistique et culturelle\",\"publisher\":{\"@id\":\"https:\/\/laplomberieducanal.com\/#organization\"},\"potentialAction\":[{\"@type\":\"SearchAction\",\"target\":{\"@type\":\"EntryPoint\",\"urlTemplate\":\"https:\/\/laplomberieducanal.com\/?s={search_term_string}\"},\"query-input\":\"required name=search_term_string\"}],\"inLanguage\":\"fr-FR\"},{\"@type\":\"Organization\",\"@id\":\"https:\/\/laplomberieducanal.com\/#organization\",\"name\":\"La Plomberie du Canal\",\"url\":\"https:\/\/laplomberieducanal.com\/\",\"logo\":{\"@type\":\"ImageObject\",\"inLanguage\":\"fr-FR\",\"@id\":\"https:\/\/laplomberieducanal.com\/#\/schema\/logo\/image\/\",\"url\":\"https:\/\/i0.wp.com\/laplomberieducanal.com\/wp-content\/uploads\/2023\/04\/cropped-Logo-La-Plomberie-du-Canal-couleur-sans-contour.png?fit=2105%2C1964&ssl=1\",\"contentUrl\":\"https:\/\/i0.wp.com\/laplomberieducanal.com\/wp-content\/uploads\/2023\/04\/cropped-Logo-La-Plomberie-du-Canal-couleur-sans-contour.png?fit=2105%2C1964&ssl=1\",\"width\":2105,\"height\":1964,\"caption\":\"La Plomberie du Canal\"},\"image\":{\"@id\":\"https:\/\/laplomberieducanal.com\/#\/schema\/logo\/image\/\"}}]}<\/script>\n<!-- \/ Yoast SEO plugin. -->","yoast_head_json":{"title":"L'association - La Plomberie du Canal","description":"Rencontre entre artistes et acteurs sociaux. L\u2019association La Plomberie du Canal favorise l\u2019acc\u00e8s aux Arts et \u00e0 la Culture pour tous.","robots":{"index":"index","follow":"follow","max-snippet":"max-snippet:-1","max-image-preview":"max-image-preview:large","max-video-preview":"max-video-preview:-1"},"canonical":"https:\/\/laplomberieducanal.com\/index.php\/association-laplomberieducanal\/","og_locale":"fr_FR","og_type":"article","og_title":"L'association - La Plomberie du Canal","og_description":"Rencontre entre artistes et acteurs sociaux. L\u2019association La Plomberie du Canal favorise l\u2019acc\u00e8s aux Arts et \u00e0 la Culture pour tous.","og_url":"https:\/\/laplomberieducanal.com\/index.php\/association-laplomberieducanal\/","og_site_name":"La Plomberie du Canal","article_modified_time":"2023-08-03T12:43:03+00:00","og_image":[{"width":288,"height":405,"url":"https:\/\/laplomberieducanal.com\/wp-content\/uploads\/2023\/08\/hang.png","type":"image\/png"}],"twitter_card":"summary_large_image","twitter_misc":{"Dur\u00e9e de lecture estim\u00e9e":"3 minutes"},"schema":{"@context":"https:\/\/schema.org","@graph":[{"@type":"WebPage","@id":"https:\/\/laplomberieducanal.com\/index.php\/association-laplomberieducanal\/","url":"https:\/\/laplomberieducanal.com\/index.php\/association-laplomberieducanal\/","name":"L'association - La Plomberie du Canal","isPartOf":{"@id":"https:\/\/laplomberieducanal.com\/#website"},"primaryImageOfPage":{"@id":"https:\/\/laplomberieducanal.com\/index.php\/association-laplomberieducanal\/#primaryimage"},"image":{"@id":"https:\/\/laplomberieducanal.com\/index.php\/association-laplomberieducanal\/#primaryimage"},"thumbnailUrl":"https:\/\/i0.wp.com\/laplomberieducanal.com\/wp-content\/uploads\/2023\/08\/hang.png?fit=288%2C405&ssl=1","datePublished":"2021-05-17T14:05:09+00:00","dateModified":"2023-08-03T12:43:03+00:00","description":"Rencontre entre artistes et acteurs sociaux. L\u2019association La Plomberie du Canal favorise l\u2019acc\u00e8s aux Arts et \u00e0 la Culture pour tous.","breadcrumb":{"@id":"https:\/\/laplomberieducanal.com\/index.php\/association-laplomberieducanal\/#breadcrumb"},"inLanguage":"fr-FR","potentialAction":[{"@type":"ReadAction","target":["https:\/\/laplomberieducanal.com\/index.php\/association-laplomberieducanal\/"]}]},{"@type":"ImageObject","inLanguage":"fr-FR","@id":"https:\/\/laplomberieducanal.com\/index.php\/association-laplomberieducanal\/#primaryimage","url":"https:\/\/i0.wp.com\/laplomberieducanal.com\/wp-content\/uploads\/2023\/08\/hang.png?fit=288%2C405&ssl=1","contentUrl":"https:\/\/i0.wp.com\/laplomberieducanal.com\/wp-content\/uploads\/2023\/08\/hang.png?fit=288%2C405&ssl=1","width":288,"height":405,"caption":"L'association La Plomberie du Canal"},{"@type":"BreadcrumbList","@id":"https:\/\/laplomberieducanal.com\/index.php\/association-laplomberieducanal\/#breadcrumb","itemListElement":[{"@type":"ListItem","position":1,"name":"Accueil","item":"https:\/\/laplomberieducanal.com\/"},{"@type":"ListItem","position":2,"name":"L&#8217;association"}]},{"@type":"WebSite","@id":"https:\/\/laplomberieducanal.com\/#website","url":"https:\/\/laplomberieducanal.com\/","name":"La Plomberie du Canal","description":"Association artistique et culturelle","publisher":{"@id":"https:\/\/laplomberieducanal.com\/#organization"},"potentialAction":[{"@type":"SearchAction","target":{"@type":"EntryPoint","urlTemplate":"https:\/\/laplomberieducanal.com\/?s={search_term_string}"},"query-input":"required name=search_term_string"}],"inLanguage":"fr-FR"},{"@type":"Organization","@id":"https:\/\/laplomberieducanal.com\/#organization","name":"La Plomberie du Canal","url":"https:\/\/laplomberieducanal.com\/","logo":{"@type":"ImageObject","inLanguage":"fr-FR","@id":"https:\/\/laplomberieducanal.com\/#\/schema\/logo\/image\/","url":"https:\/\/i0.wp.com\/laplomberieducanal.com\/wp-content\/uploads\/2023\/04\/cropped-Logo-La-Plomberie-du-Canal-couleur-sans-contour.png?fit=2105%2C1964&ssl=1","contentUrl":"https:\/\/i0.wp.com\/laplomberieducanal.com\/wp-content\/uploads\/2023\/04\/cropped-Logo-La-Plomberie-du-Canal-couleur-sans-contour.png?fit=2105%2C1964&ssl=1","width":2105,"height":1964,"caption":"La Plomberie du Canal"},"image":{"@id":"https:\/\/laplomberieducanal.com\/#\/schema\/logo\/image\/"}}]}},"jetpack_sharing_enabled":true,"jetpack_likes_enabled":true,"jetpack_shortlink":"https:\/\/wp.me\/PdRAvF-b","_links":{"self":[{"href":"https:\/\/laplomberieducanal.com\/index.php\/wp-json\/wp\/v2\/pages\/11"}],"collection":[{"href":"https:\/\/laplomberieducanal.com\/index.php\/wp-json\/wp\/v2\/pages"}],"about":[{"href":"https:\/\/laplomberieducanal.com\/index.php\/wp-json\/wp\/v2\/types\/page"}],"author":[{"embeddable":true,"href":"https:\/\/laplomberieducanal.com\/index.php\/wp-json\/wp\/v2\/users\/1"}],"replies":[{"embeddable":true,"href":"https:\/\/laplomberieducanal.com\/index.php\/wp-json\/wp\/v2\/comments?post=11"}],"version-history":[{"count":26,"href":"https:\/\/laplomberieducanal.com\/index.php\/wp-json\/wp\/v2\/pages\/11\/revisions"}],"predecessor-version":[{"id":1654,"href":"https:\/\/laplomberieducanal.com\/index.php\/wp-json\/wp\/v2\/pages\/11\/revisions\/1654"}],"wp:featuredmedia":[{"embeddable":true,"href":"https:\/\/laplomberieducanal.com\/index.php\/wp-json\/wp\/v2\/media\/1603"}],"wp:attachment":[{"href":"https:\/\/laplomberieducanal.com\/index.php\/wp-json\/wp\/v2\/media?parent=11"}],"curies":[{"name":"wp","href":"https:\/\/api.w.org\/{rel}","templated":true}]}}