{"id":13,"date":"2021-05-17T16:05:55","date_gmt":"2021-05-17T14:05:55","guid":{"rendered":"https:\/\/laplomberieducanal.com\/?page_id=13"},"modified":"2023-07-13T17:55:13","modified_gmt":"2023-07-13T15:55:13","slug":"hang-art","status":"publish","type":"page","link":"https:\/\/laplomberieducanal.com\/index.php\/hang-art\/","title":{"rendered":"Le Hang&rsquo;Art de La Plomberie du Canal"},"content":{"rendered":"\n<h2 class=\"wp-block-heading\">Situ\u00e9 au bord du Canal Saint-Martin, le Hang&rsquo;Art(hangar) est un lieu paisible \u00e0 proximit\u00e9 du centre-ville de Rennes.<\/h2>\n\n\n\n<p>H\u00e9ritage du pass\u00e9 industriel rennais, le hangar a \u00e9t\u00e9 r\u00e9habilit\u00e9 en un lieu de tous les possibles.<\/p>\n\n\n\n<div class=\"wp-block-columns is-layout-flex wp-container-core-columns-is-layout-1 wp-block-columns-is-layout-flex\">\n<div class=\"wp-block-column is-vertically-aligned-center is-layout-flow wp-block-column-is-layout-flow\">\n<h2 class=\"wp-block-heading\">Le Hang&rsquo;Art est actuellement compos\u00e9 de diff\u00e9rents espaces :<\/h2>\n\n\n\n<ul>\n<li>Bureaux de l\u2019association<\/li>\n\n\n\n<li><a href=\"https:\/\/laplomberieducanal.com\/index.php\/hang-art\/bureaux-coworking\/\">Bureaux en coworking<\/a><\/li>\n\n\n\n<li><a href=\"https:\/\/laplomberieducanal.com\/index.php\/hang-art\/residences-artistiques\/\">Espace de jeu<\/a><\/li>\n\n\n\n<li>Local technique et loges<\/li>\n\n\n\n<li>Jardin transform\u00e9 en th\u00e9\u00e2tre de verdure<\/li>\n<\/ul>\n<\/div>\n<\/div>\n\n\n\n<p><strong>La Plomberie du Canal<\/strong> a investi les lieux en 2009, date \u00e0 laquelle s\u2019est cr\u00e9\u00e9e l\u2019association. En tant qu\u2019artistes, l\u2019espace du Hang\u2019Art nous a permis de mener \u00e0 bien de nombreux projets et spectacles, mais \u00e9galement d\u2019en faire b\u00e9n\u00e9ficier \u00e0 d\u2019autres artistes.<\/p>\n\n\n\n<div class=\"wp-block-buttons is-horizontal is-content-justification-center is-layout-flex wp-container-core-buttons-is-layout-1 wp-block-buttons-is-layout-flex\">\n<div class=\"wp-block-button\"><a class=\"wp-block-button__link has-background wp-element-button\" href=\"https:\/\/laplomberieducanal.com\/index.php\/rendez-vous\/\" style=\"background-color:#febe32\">Nos activit\u00e9s socioculturelles<\/a><\/div>\n<\/div>\n\n\n\n<h2 class=\"wp-block-heading has-text-color\" style=\"color:#a70048\">R\u00e9sidences artistiques<\/h2>\n\n\n\n<p>Depuis 2009, nous mettons \u00e0 votre disposition le \u00ab\u00a0Studio\u00a0\u00bb, un espace de jeu couvert de 70m\u00b2.<\/p>\n\n\n\n<p>Le but est de permettre au plus grand nombre de cr\u00e9er \u00e0 <strong>Rennes<\/strong>, dans le cadre unique des <strong>Prairies Saint-Martin<\/strong>, proches du centre ville et de l\u2019acc\u00e8s \u00e0 la rocade.<\/p>\n\n\n\n\t\t<!-- MasterSlider -->\n\t\t<div id=\"P_MS6a00955c59fee\" class=\"master-slider-parent msl ms-parent-id-16\" style=\"max-width:945px;\">\n\n\t\t\t\n\t\t\t<!-- MasterSlider Main -->\n\t\t\t<div id=\"MS6a00955c59fee\" class=\"master-slider ms-skin-default\" >\n\t\t\t\t \t\t\t\t \n\t\t\t\t<div  class=\"ms-slide\" data-delay=\"3\" data-fill-mode=\"fit\"  >\n\t\t\t\t\t<img data-recalc-dims=\"1\" decoding=\"async\" src=\"https:\/\/i0.wp.com\/laplomberieducanal.com\/wp-content\/plugins\/master-slider\/public\/assets\/css\/blank.gif?w=3840&#038;ssl=1\" alt=\"\" title=\"\" data-src=\"https:\/\/laplomberieducanal.com\/wp-content\/uploads\/2021\/06\/HangArt-5.jpg\" \/>\n\n\n\t<img data-recalc-dims=\"1\" height=\"80\" width=\"140\" decoding=\"async\" class=\"ms-thumb\" src=\"https:\/\/i0.wp.com\/laplomberieducanal.com\/wp-content\/uploads\/2021\/06\/HangArt-5.jpg?resize=140%2C80&#038;ssl=1\" alt=\"\" \/>\n\t<div class=\"ms-thumb\" ><div class=\"ms-tab-context\"><div class=\"&quot;ms-tab-context&quot;\"><\/div><\/div>\n<\/div>\n\t\t\t\t<\/div>\n\t\t\t\t<div  class=\"ms-slide\" data-delay=\"3\" data-fill-mode=\"fit\"  >\n\t\t\t\t\t<img data-recalc-dims=\"1\" decoding=\"async\" src=\"https:\/\/i0.wp.com\/laplomberieducanal.com\/wp-content\/plugins\/master-slider\/public\/assets\/css\/blank.gif?w=3840&#038;ssl=1\" alt=\"\" title=\"\" data-src=\"https:\/\/laplomberieducanal.com\/wp-content\/uploads\/2021\/06\/HangArt-2-5.jpg\" \/>\n\n\n\t<img data-recalc-dims=\"1\" height=\"80\" width=\"140\" decoding=\"async\" class=\"ms-thumb\" src=\"https:\/\/i0.wp.com\/laplomberieducanal.com\/wp-content\/uploads\/2021\/06\/HangArt-2-5.jpg?resize=140%2C80&#038;ssl=1\" alt=\"\" \/>\n\t<div class=\"ms-thumb\" ><div class=\"ms-tab-context\"><div class=\"&quot;ms-tab-context&quot;\"><\/div><\/div>\n<\/div>\n\t\t\t\t<\/div>\n\t\t\t\t<div  class=\"ms-slide\" data-delay=\"3\" data-fill-mode=\"fit\"  >\n\t\t\t\t\t<img data-recalc-dims=\"1\" decoding=\"async\" src=\"https:\/\/i0.wp.com\/laplomberieducanal.com\/wp-content\/plugins\/master-slider\/public\/assets\/css\/blank.gif?w=3840&#038;ssl=1\" alt=\"\" title=\"\" data-src=\"https:\/\/laplomberieducanal.com\/wp-content\/uploads\/2021\/06\/HangArt-2-6.jpg\" \/>\n\n\n\t<img data-recalc-dims=\"1\" height=\"80\" width=\"140\" decoding=\"async\" class=\"ms-thumb\" src=\"https:\/\/i0.wp.com\/laplomberieducanal.com\/wp-content\/uploads\/2021\/06\/HangArt-2-6.jpg?resize=140%2C80&#038;ssl=1\" alt=\"\" \/>\n\t<div class=\"ms-thumb\" ><div class=\"ms-tab-context\"><div class=\"&quot;ms-tab-context&quot;\"><\/div><\/div>\n<\/div>\n\t\t\t\t<\/div>\n\t\t\t\t<div  class=\"ms-slide\" data-delay=\"3\" data-fill-mode=\"fit\"  >\n\t\t\t\t\t<img data-recalc-dims=\"1\" decoding=\"async\" src=\"https:\/\/i0.wp.com\/laplomberieducanal.com\/wp-content\/plugins\/master-slider\/public\/assets\/css\/blank.gif?w=3840&#038;ssl=1\" alt=\"\" title=\"\" data-src=\"https:\/\/laplomberieducanal.com\/wp-content\/uploads\/2021\/06\/HangArt-2-4.jpg\" \/>\n\n\n\t<img data-recalc-dims=\"1\" height=\"80\" width=\"140\" decoding=\"async\" class=\"ms-thumb\" src=\"https:\/\/i0.wp.com\/laplomberieducanal.com\/wp-content\/uploads\/2021\/06\/HangArt-2-4.jpg?resize=140%2C80&#038;ssl=1\" alt=\"\" \/>\n\t<div class=\"ms-thumb\" ><div class=\"ms-tab-context\"><div class=\"&quot;ms-tab-context&quot;\"><\/div><\/div>\n<\/div>\n\t\t\t\t<\/div>\n\t\t\t\t<div  class=\"ms-slide\" data-delay=\"3\" data-fill-mode=\"fit\"  >\n\t\t\t\t\t<img data-recalc-dims=\"1\" decoding=\"async\" src=\"https:\/\/i0.wp.com\/laplomberieducanal.com\/wp-content\/plugins\/master-slider\/public\/assets\/css\/blank.gif?w=3840&#038;ssl=1\" alt=\"\" title=\"\" data-src=\"https:\/\/laplomberieducanal.com\/wp-content\/uploads\/2021\/06\/HangArt-2-3-scaled.jpg\" \/>\n\n\n\t<img data-recalc-dims=\"1\" height=\"80\" width=\"140\" decoding=\"async\" class=\"ms-thumb\" src=\"https:\/\/i0.wp.com\/laplomberieducanal.com\/wp-content\/uploads\/2021\/06\/HangArt-2-3-scaled.jpg?resize=140%2C80&#038;ssl=1\" alt=\"\" \/>\n\t<div class=\"ms-thumb\" ><div class=\"ms-tab-context\"><div class=\"&quot;ms-tab-context&quot;\"><\/div><\/div>\n<\/div>\n\t\t\t\t<\/div>\n\t\t\t\t<div  class=\"ms-slide\" data-delay=\"3\" data-fill-mode=\"fit\"  >\n\t\t\t\t\t<img data-recalc-dims=\"1\" decoding=\"async\" src=\"https:\/\/i0.wp.com\/laplomberieducanal.com\/wp-content\/plugins\/master-slider\/public\/assets\/css\/blank.gif?w=3840&#038;ssl=1\" alt=\"\" title=\"\" data-src=\"https:\/\/laplomberieducanal.com\/wp-content\/uploads\/2021\/06\/HangArt-2-2-scaled.jpg\" \/>\n\n\n\t<img data-recalc-dims=\"1\" height=\"80\" width=\"140\" decoding=\"async\" class=\"ms-thumb\" src=\"https:\/\/i0.wp.com\/laplomberieducanal.com\/wp-content\/uploads\/2021\/06\/HangArt-2-2-scaled.jpg?resize=140%2C80&#038;ssl=1\" alt=\"\" \/>\n\t<div class=\"ms-thumb\" ><div class=\"ms-tab-context\"><div class=\"&quot;ms-tab-context&quot;\"><\/div><\/div>\n<\/div>\n\t\t\t\t<\/div>\n\t\t\t\t<div  class=\"ms-slide\" data-delay=\"3\" data-fill-mode=\"fit\"  >\n\t\t\t\t\t<img data-recalc-dims=\"1\" decoding=\"async\" src=\"https:\/\/i0.wp.com\/laplomberieducanal.com\/wp-content\/plugins\/master-slider\/public\/assets\/css\/blank.gif?w=3840&#038;ssl=1\" alt=\"\" title=\"\" data-src=\"https:\/\/laplomberieducanal.com\/wp-content\/uploads\/2021\/06\/HangArt-2-1.jpg\" \/>\n\n\n\t<img data-recalc-dims=\"1\" height=\"80\" width=\"140\" decoding=\"async\" class=\"ms-thumb\" src=\"https:\/\/i0.wp.com\/laplomberieducanal.com\/wp-content\/uploads\/2021\/06\/HangArt-2-1.jpg?resize=140%2C80&#038;ssl=1\" alt=\"\" \/>\n\t<div class=\"ms-thumb\" ><div class=\"ms-tab-context\"><div class=\"&quot;ms-tab-context&quot;\"><\/div><\/div>\n<\/div>\n\t\t\t\t<\/div>\n\t\t\t\t<div  class=\"ms-slide\" data-delay=\"3\" data-fill-mode=\"fit\"  >\n\t\t\t\t\t<img data-recalc-dims=\"1\" decoding=\"async\" src=\"https:\/\/i0.wp.com\/laplomberieducanal.com\/wp-content\/plugins\/master-slider\/public\/assets\/css\/blank.gif?w=3840&#038;ssl=1\" alt=\"\" title=\"\" data-src=\"https:\/\/laplomberieducanal.com\/wp-content\/uploads\/2021\/06\/HangArt-6.jpg\" \/>\n\n\n\t<img data-recalc-dims=\"1\" height=\"80\" width=\"140\" decoding=\"async\" class=\"ms-thumb\" src=\"https:\/\/i0.wp.com\/laplomberieducanal.com\/wp-content\/uploads\/2021\/06\/HangArt-6.jpg?resize=140%2C80&#038;ssl=1\" alt=\"\" \/>\n\t<div class=\"ms-thumb\" ><div class=\"ms-tab-context\"><div class=\"&quot;ms-tab-context&quot;\"><\/div><\/div>\n<\/div>\n\t\t\t\t<\/div>\n\t\t\t\t<div  class=\"ms-slide\" data-delay=\"3\" data-fill-mode=\"fit\"  >\n\t\t\t\t\t<img data-recalc-dims=\"1\" decoding=\"async\" src=\"https:\/\/i0.wp.com\/laplomberieducanal.com\/wp-content\/plugins\/master-slider\/public\/assets\/css\/blank.gif?w=3840&#038;ssl=1\" alt=\"\" title=\"\" data-src=\"https:\/\/laplomberieducanal.com\/wp-content\/uploads\/2021\/06\/HangArt-4.jpg\" \/>\n\n\n\t<img data-recalc-dims=\"1\" height=\"80\" width=\"140\" decoding=\"async\" class=\"ms-thumb\" src=\"https:\/\/i0.wp.com\/laplomberieducanal.com\/wp-content\/uploads\/2021\/06\/HangArt-4.jpg?resize=140%2C80&#038;ssl=1\" alt=\"\" \/>\n\t<div class=\"ms-thumb\" ><div class=\"ms-tab-context\"><div class=\"&quot;ms-tab-context&quot;\"><\/div><\/div>\n<\/div>\n\t\t\t\t<\/div>\n\t\t\t\t<div  class=\"ms-slide\" data-delay=\"3\" data-fill-mode=\"fit\"  >\n\t\t\t\t\t<img data-recalc-dims=\"1\" decoding=\"async\" src=\"https:\/\/i0.wp.com\/laplomberieducanal.com\/wp-content\/plugins\/master-slider\/public\/assets\/css\/blank.gif?w=3840&#038;ssl=1\" alt=\"Espace sc\u00e9nique\" title=\"\" data-src=\"https:\/\/laplomberieducanal.com\/wp-content\/uploads\/2021\/05\/3.jpg\" \/>\n\n\n\t<img data-recalc-dims=\"1\" height=\"80\" width=\"140\" decoding=\"async\" class=\"ms-thumb\" src=\"https:\/\/i0.wp.com\/laplomberieducanal.com\/wp-content\/uploads\/2021\/05\/3.jpg?resize=140%2C80&#038;ssl=1\" alt=\"Espace sc\u00e9nique\" \/>\n\t<div class=\"ms-thumb\" ><div class=\"ms-tab-context\"><div class=\"&quot;ms-tab-context&quot;\"><\/div><\/div>\n<\/div>\n\t\t\t\t<\/div>\n\t\t\t\t<div  class=\"ms-slide\" data-delay=\"3\" data-fill-mode=\"fit\"  >\n\t\t\t\t\t<img data-recalc-dims=\"1\" decoding=\"async\" src=\"https:\/\/i0.wp.com\/laplomberieducanal.com\/wp-content\/plugins\/master-slider\/public\/assets\/css\/blank.gif?w=3840&#038;ssl=1\" alt=\"Th\u00e9\u00e2tre de Verdure\" title=\"\" data-src=\"https:\/\/laplomberieducanal.com\/wp-content\/uploads\/2021\/06\/Etape-2-Mai-2019-scaled.jpg\" \/>\n\n\n\t<img data-recalc-dims=\"1\" height=\"80\" width=\"140\" decoding=\"async\" class=\"ms-thumb\" src=\"https:\/\/i0.wp.com\/laplomberieducanal.com\/wp-content\/uploads\/2021\/06\/Etape-2-Mai-2019-scaled.jpg?resize=140%2C80&#038;ssl=1\" alt=\"Th\u00e9\u00e2tre de Verdure\" \/>\n\t<div class=\"ms-thumb\" ><div class=\"ms-tab-context\"><div class=\"&quot;ms-tab-context&quot;\"><\/div><\/div>\n<\/div>\n\t\t\t\t<\/div>\n\n\t\t\t<\/div>\n\t\t\t<!-- END MasterSlider Main -->\n\n\t\t\t \n\t\t<\/div>\n\t\t<!-- END MasterSlider -->\n\n\t\t<script>\n\t\t(function ( $ ) {\n\t\t\t\"use strict\";\n\n\t\t\t$(function () {\n\t\t\t\tvar masterslider_9fee = new MasterSlider();\n\n\t\t\t\t\/\/ slider controls\n\t\t\t\tmasterslider_9fee.control('arrows'     ,{ autohide:false, overVideo:true  });\t\t\t\tmasterslider_9fee.control('bullets'    ,{ autohide:false, overVideo:true, dir:'h', align:'bottom' , margin:10  });\n\n\t\t\t\tmasterslider_9fee.control('thumblist'  ,{ autohide:false, overVideo:true, dir:'v', speed:17, inset:false, arrows:false, hover:false, customClass:'', align:'right',type:'thumbs', margin:5, width:140, height:80, space:5, fillMode:'fill'  });\n\t\t\t\t\/\/ slider setup\n\t\t\t\tmasterslider_9fee.setup(\"MS6a00955c59fee\", {\n\t\t\t\t\t\twidth           : 800,\n\t\t\t\t\t\theight          : 480,\n\t\t\t\t\t\tminHeight       : 0,\n\t\t\t\t\t\tspace           : 0,\n\t\t\t\t\t\tstart           : 1,\n\t\t\t\t\t\tgrabCursor      : true,\n\t\t\t\t\t\tswipe           : true,\n\t\t\t\t\t\tmouse           : true,\n\t\t\t\t\t\tlayout          : \"boxed\",\n\t\t\t\t\t\twheel           : false,\n\t\t\t\t\t\tautoplay        : false,\n\t\t\t\t\t\tinstantStartLayers:false,\n\t\t\t\t\t\tloop            : true,\n\t\t\t\t\t\tshuffle         : false,\n\t\t\t\t\t\tpreload         : 0,\n\t\t\t\t\t\theightLimit     : true,\n\t\t\t\t\t\tautoHeight      : false,\n\t\t\t\t\t\tsmoothHeight    : true,\n\t\t\t\t\t\tendPause        : false,\n\t\t\t\t\t\toverPause       : true,\n\t\t\t\t\t\tfillMode        : \"fill\",\n\t\t\t\t\t\tcenterControls  : true,\n\t\t\t\t\t\tstartOnAppear   : false,\n\t\t\t\t\t\tlayersMode      : \"center\",\n\t\t\t\t\t\thideLayers      : false,\n\t\t\t\t\t\tfullscreenMargin: 0,\n\t\t\t\t\t\tspeed           : 20,\n\t\t\t\t\t\tdir             : \"h\",\n\t\t\t\t\t\tparallaxMode    : 'swipe',\n\t\t\t\t\t\tview            : \"basic\"\n\t\t\t\t});\n\n\t\t\t\t\n\t\t\t\twindow.masterslider_instances = window.masterslider_instances || [];\n\t\t\t\twindow.masterslider_instances.push( masterslider_9fee );\n\t\t\t });\n\n\t\t})(jQuery);\n\t\t<\/script>\n\n\n\n\n\n<p><br>Avec plus de 10 ans d\u2019activit\u00e9s, th\u00e9\u00e2tre, projections, r\u00e9sidences artistiques, marionnettes, tournages et autres expositions ont vues le jour sous le Hang\u2019Art.<\/p>\n\n\n\n<div class=\"wp-block-buttons is-horizontal is-content-justification-center is-layout-flex wp-container-core-buttons-is-layout-2 wp-block-buttons-is-layout-flex\">\n<div class=\"wp-block-button\"><a class=\"wp-block-button__link has-background wp-element-button\" href=\"https:\/\/laplomberieducanal.com\/index.php\/hang-art\/residences-artistiques\/\" style=\"background-color:#febe32\">R\u00e9sidences artistiques<\/a><\/div>\n\n\n\n<div class=\"wp-block-button\"><a class=\"wp-block-button__link has-background wp-element-button\" href=\"https:\/\/laplomberieducanal.com\/index.php\/hang-art\/lagenda-des-residences\/\" style=\"background-color:#febe32\">L&rsquo;agenda des r\u00e9sidences<\/a><\/div>\n<\/div>\n\n\n\n<h2 class=\"wp-block-heading has-text-color\" style=\"color:#a70048\">Bureaux en coworking<\/h2>\n\n\n\n<p>Parce que l\u2019accueil et le partage font partie de nos valeurs, nous avons \u00e0 c\u0153ur de pouvoir proposer un espace de coworking dans les m\u00eames conditions&nbsp;: un <strong>cadre paisible et unique au c\u0153ur de Rennes<\/strong>.<\/p>\n\n\n\n<p>La <strong>Plomberie du Canal<\/strong> vous propose un espace de 20m\u00b2 en coworking&nbsp;: id\u00e9al pour les artistes et\/ou structures \u00e9mergentes, associations et tous ceux qui ont besoin d\u2019un lieu calme et propice \u00e0 travailler.<\/p>\n\n\n\n<div class=\"wp-block-buttons is-horizontal is-content-justification-center is-layout-flex wp-container-core-buttons-is-layout-3 wp-block-buttons-is-layout-flex\">\n<div class=\"wp-block-button\"><a class=\"wp-block-button__link has-background wp-element-button\" href=\"https:\/\/laplomberieducanal.com\/index.php\/hang-art\/bureaux-coworking\/\" style=\"background-color:#febe32\">Bureaux en coworking<\/a><\/div>\n<\/div>\n\n\n\n<p>Imagin\u00e9 comme un espace de tous les possibles, le <strong>Hang\u2019Art<\/strong> saura convenir \u00e0 vos attentes et r\u00e9pondre \u00e0 vos besoins.<\/p>\n\n\n\n<div class=\"wp-block-buttons is-horizontal is-content-justification-center is-layout-flex wp-container-core-buttons-is-layout-4 wp-block-buttons-is-layout-flex\">\n<div class=\"wp-block-button is-style-outline\"><a class=\"wp-block-button__link has-text-color wp-element-button\" href=\"https:\/\/laplomberieducanal.com\/index.php\/contact\/\" style=\"color:#febe32\">Contactons-nous<\/a><\/div>\n<\/div>\n\n\n\n<p><\/p>\n","protected":false},"excerpt":{"rendered":"<p>Situ\u00e9 au bord du Canal Saint-Martin, le Hang&rsquo;Art(hangar) est un lieu paisible \u00e0 proximit\u00e9 du centre-ville de Rennes. H\u00e9ritage du pass\u00e9 industriel rennais, le hangar a \u00e9t\u00e9 r\u00e9habilit\u00e9 en un lieu de tous les possibles. Le Hang&rsquo;Art est actuellement compos\u00e9 de diff\u00e9rents espaces : La Plomberie du Canal a investi les lieux en 2009, date&hellip; <br \/> <a class=\"read-more\" href=\"https:\/\/laplomberieducanal.com\/index.php\/hang-art\/\">Lire la suite<\/a><\/p>\n","protected":false},"author":1,"featured_media":239,"parent":0,"menu_order":0,"comment_status":"closed","ping_status":"closed","template":"","meta":{"footnotes":""},"yoast_head":"<!-- This site is optimized with the Yoast SEO plugin v23.0 - https:\/\/yoast.com\/wordpress\/plugins\/seo\/ -->\n<title>Le Hang&#039;Art de La Plomberie du Canal - La Plomberie du Canal<\/title>\n<meta name=\"robots\" content=\"index, follow, max-snippet:-1, max-image-preview:large, max-video-preview:-1\" \/>\n<link rel=\"canonical\" href=\"https:\/\/laplomberieducanal.com\/index.php\/hang-art\/\" \/>\n<meta property=\"og:locale\" content=\"fr_FR\" \/>\n<meta property=\"og:type\" content=\"article\" \/>\n<meta property=\"og:title\" content=\"Le Hang&#039;Art de La Plomberie du Canal - La Plomberie du Canal\" \/>\n<meta property=\"og:description\" content=\"Situ\u00e9 au bord du Canal Saint-Martin, le Hang&rsquo;Art(hangar) est un lieu paisible \u00e0 proximit\u00e9 du centre-ville de Rennes. H\u00e9ritage du pass\u00e9 industriel rennais, le hangar a \u00e9t\u00e9 r\u00e9habilit\u00e9 en un lieu de tous les possibles. Le Hang&rsquo;Art est actuellement compos\u00e9 de diff\u00e9rents espaces : La Plomberie du Canal a investi les lieux en 2009, date&hellip; Lire la suite\" \/>\n<meta property=\"og:url\" content=\"https:\/\/laplomberieducanal.com\/index.php\/hang-art\/\" \/>\n<meta property=\"og:site_name\" content=\"La Plomberie du Canal\" \/>\n<meta property=\"article:modified_time\" content=\"2023-07-13T15:55:13+00:00\" \/>\n<meta property=\"og:image\" content=\"https:\/\/laplomberieducanal.com\/wp-content\/uploads\/2021\/05\/Sans-titre4.png\" \/>\n\t<meta property=\"og:image:width\" content=\"400\" \/>\n\t<meta property=\"og:image:height\" content=\"550\" \/>\n\t<meta property=\"og:image:type\" content=\"image\/png\" \/>\n<meta name=\"twitter:card\" content=\"summary_large_image\" \/>\n<meta name=\"twitter:label1\" content=\"Dur\u00e9e de lecture estim\u00e9e\" \/>\n\t<meta name=\"twitter:data1\" content=\"2 minutes\" \/>\n<script type=\"application\/ld+json\" class=\"yoast-schema-graph\">{\"@context\":\"https:\/\/schema.org\",\"@graph\":[{\"@type\":\"WebPage\",\"@id\":\"https:\/\/laplomberieducanal.com\/index.php\/hang-art\/\",\"url\":\"https:\/\/laplomberieducanal.com\/index.php\/hang-art\/\",\"name\":\"Le Hang'Art de La Plomberie du Canal - La Plomberie du Canal\",\"isPartOf\":{\"@id\":\"https:\/\/laplomberieducanal.com\/#website\"},\"primaryImageOfPage\":{\"@id\":\"https:\/\/laplomberieducanal.com\/index.php\/hang-art\/#primaryimage\"},\"image\":{\"@id\":\"https:\/\/laplomberieducanal.com\/index.php\/hang-art\/#primaryimage\"},\"thumbnailUrl\":\"https:\/\/i0.wp.com\/laplomberieducanal.com\/wp-content\/uploads\/2021\/05\/Sans-titre4.png?fit=400%2C550&ssl=1\",\"datePublished\":\"2021-05-17T14:05:55+00:00\",\"dateModified\":\"2023-07-13T15:55:13+00:00\",\"breadcrumb\":{\"@id\":\"https:\/\/laplomberieducanal.com\/index.php\/hang-art\/#breadcrumb\"},\"inLanguage\":\"fr-FR\",\"potentialAction\":[{\"@type\":\"ReadAction\",\"target\":[\"https:\/\/laplomberieducanal.com\/index.php\/hang-art\/\"]}]},{\"@type\":\"ImageObject\",\"inLanguage\":\"fr-FR\",\"@id\":\"https:\/\/laplomberieducanal.com\/index.php\/hang-art\/#primaryimage\",\"url\":\"https:\/\/i0.wp.com\/laplomberieducanal.com\/wp-content\/uploads\/2021\/05\/Sans-titre4.png?fit=400%2C550&ssl=1\",\"contentUrl\":\"https:\/\/i0.wp.com\/laplomberieducanal.com\/wp-content\/uploads\/2021\/05\/Sans-titre4.png?fit=400%2C550&ssl=1\",\"width\":400,\"height\":550,\"caption\":\"Hangar c\u00f4t\u00e9 Jardin\"},{\"@type\":\"BreadcrumbList\",\"@id\":\"https:\/\/laplomberieducanal.com\/index.php\/hang-art\/#breadcrumb\",\"itemListElement\":[{\"@type\":\"ListItem\",\"position\":1,\"name\":\"Accueil\",\"item\":\"https:\/\/laplomberieducanal.com\/\"},{\"@type\":\"ListItem\",\"position\":2,\"name\":\"Le Hang&#8217;Art de La Plomberie du Canal\"}]},{\"@type\":\"WebSite\",\"@id\":\"https:\/\/laplomberieducanal.com\/#website\",\"url\":\"https:\/\/laplomberieducanal.com\/\",\"name\":\"La Plomberie du Canal\",\"description\":\"Association artistique et culturelle\",\"publisher\":{\"@id\":\"https:\/\/laplomberieducanal.com\/#organization\"},\"potentialAction\":[{\"@type\":\"SearchAction\",\"target\":{\"@type\":\"EntryPoint\",\"urlTemplate\":\"https:\/\/laplomberieducanal.com\/?s={search_term_string}\"},\"query-input\":\"required name=search_term_string\"}],\"inLanguage\":\"fr-FR\"},{\"@type\":\"Organization\",\"@id\":\"https:\/\/laplomberieducanal.com\/#organization\",\"name\":\"La Plomberie du Canal\",\"url\":\"https:\/\/laplomberieducanal.com\/\",\"logo\":{\"@type\":\"ImageObject\",\"inLanguage\":\"fr-FR\",\"@id\":\"https:\/\/laplomberieducanal.com\/#\/schema\/logo\/image\/\",\"url\":\"https:\/\/i0.wp.com\/laplomberieducanal.com\/wp-content\/uploads\/2023\/04\/cropped-Logo-La-Plomberie-du-Canal-couleur-sans-contour.png?fit=2105%2C1964&ssl=1\",\"contentUrl\":\"https:\/\/i0.wp.com\/laplomberieducanal.com\/wp-content\/uploads\/2023\/04\/cropped-Logo-La-Plomberie-du-Canal-couleur-sans-contour.png?fit=2105%2C1964&ssl=1\",\"width\":2105,\"height\":1964,\"caption\":\"La Plomberie du Canal\"},\"image\":{\"@id\":\"https:\/\/laplomberieducanal.com\/#\/schema\/logo\/image\/\"}}]}<\/script>\n<!-- \/ Yoast SEO plugin. -->","yoast_head_json":{"title":"Le Hang'Art de La Plomberie du Canal - La Plomberie du Canal","robots":{"index":"index","follow":"follow","max-snippet":"max-snippet:-1","max-image-preview":"max-image-preview:large","max-video-preview":"max-video-preview:-1"},"canonical":"https:\/\/laplomberieducanal.com\/index.php\/hang-art\/","og_locale":"fr_FR","og_type":"article","og_title":"Le Hang'Art de La Plomberie du Canal - La Plomberie du Canal","og_description":"Situ\u00e9 au bord du Canal Saint-Martin, le Hang&rsquo;Art(hangar) est un lieu paisible \u00e0 proximit\u00e9 du centre-ville de Rennes. H\u00e9ritage du pass\u00e9 industriel rennais, le hangar a \u00e9t\u00e9 r\u00e9habilit\u00e9 en un lieu de tous les possibles. Le Hang&rsquo;Art est actuellement compos\u00e9 de diff\u00e9rents espaces : La Plomberie du Canal a investi les lieux en 2009, date&hellip; Lire la suite","og_url":"https:\/\/laplomberieducanal.com\/index.php\/hang-art\/","og_site_name":"La Plomberie du Canal","article_modified_time":"2023-07-13T15:55:13+00:00","og_image":[{"width":400,"height":550,"url":"https:\/\/laplomberieducanal.com\/wp-content\/uploads\/2021\/05\/Sans-titre4.png","type":"image\/png"}],"twitter_card":"summary_large_image","twitter_misc":{"Dur\u00e9e de lecture estim\u00e9e":"2 minutes"},"schema":{"@context":"https:\/\/schema.org","@graph":[{"@type":"WebPage","@id":"https:\/\/laplomberieducanal.com\/index.php\/hang-art\/","url":"https:\/\/laplomberieducanal.com\/index.php\/hang-art\/","name":"Le Hang'Art de La Plomberie du Canal - La Plomberie du Canal","isPartOf":{"@id":"https:\/\/laplomberieducanal.com\/#website"},"primaryImageOfPage":{"@id":"https:\/\/laplomberieducanal.com\/index.php\/hang-art\/#primaryimage"},"image":{"@id":"https:\/\/laplomberieducanal.com\/index.php\/hang-art\/#primaryimage"},"thumbnailUrl":"https:\/\/i0.wp.com\/laplomberieducanal.com\/wp-content\/uploads\/2021\/05\/Sans-titre4.png?fit=400%2C550&ssl=1","datePublished":"2021-05-17T14:05:55+00:00","dateModified":"2023-07-13T15:55:13+00:00","breadcrumb":{"@id":"https:\/\/laplomberieducanal.com\/index.php\/hang-art\/#breadcrumb"},"inLanguage":"fr-FR","potentialAction":[{"@type":"ReadAction","target":["https:\/\/laplomberieducanal.com\/index.php\/hang-art\/"]}]},{"@type":"ImageObject","inLanguage":"fr-FR","@id":"https:\/\/laplomberieducanal.com\/index.php\/hang-art\/#primaryimage","url":"https:\/\/i0.wp.com\/laplomberieducanal.com\/wp-content\/uploads\/2021\/05\/Sans-titre4.png?fit=400%2C550&ssl=1","contentUrl":"https:\/\/i0.wp.com\/laplomberieducanal.com\/wp-content\/uploads\/2021\/05\/Sans-titre4.png?fit=400%2C550&ssl=1","width":400,"height":550,"caption":"Hangar c\u00f4t\u00e9 Jardin"},{"@type":"BreadcrumbList","@id":"https:\/\/laplomberieducanal.com\/index.php\/hang-art\/#breadcrumb","itemListElement":[{"@type":"ListItem","position":1,"name":"Accueil","item":"https:\/\/laplomberieducanal.com\/"},{"@type":"ListItem","position":2,"name":"Le Hang&#8217;Art de La Plomberie du Canal"}]},{"@type":"WebSite","@id":"https:\/\/laplomberieducanal.com\/#website","url":"https:\/\/laplomberieducanal.com\/","name":"La Plomberie du Canal","description":"Association artistique et culturelle","publisher":{"@id":"https:\/\/laplomberieducanal.com\/#organization"},"potentialAction":[{"@type":"SearchAction","target":{"@type":"EntryPoint","urlTemplate":"https:\/\/laplomberieducanal.com\/?s={search_term_string}"},"query-input":"required name=search_term_string"}],"inLanguage":"fr-FR"},{"@type":"Organization","@id":"https:\/\/laplomberieducanal.com\/#organization","name":"La Plomberie du Canal","url":"https:\/\/laplomberieducanal.com\/","logo":{"@type":"ImageObject","inLanguage":"fr-FR","@id":"https:\/\/laplomberieducanal.com\/#\/schema\/logo\/image\/","url":"https:\/\/i0.wp.com\/laplomberieducanal.com\/wp-content\/uploads\/2023\/04\/cropped-Logo-La-Plomberie-du-Canal-couleur-sans-contour.png?fit=2105%2C1964&ssl=1","contentUrl":"https:\/\/i0.wp.com\/laplomberieducanal.com\/wp-content\/uploads\/2023\/04\/cropped-Logo-La-Plomberie-du-Canal-couleur-sans-contour.png?fit=2105%2C1964&ssl=1","width":2105,"height":1964,"caption":"La Plomberie du Canal"},"image":{"@id":"https:\/\/laplomberieducanal.com\/#\/schema\/logo\/image\/"}}]}},"jetpack_sharing_enabled":true,"jetpack_likes_enabled":true,"jetpack_shortlink":"https:\/\/wp.me\/PdRAvF-d","_links":{"self":[{"href":"https:\/\/laplomberieducanal.com\/index.php\/wp-json\/wp\/v2\/pages\/13"}],"collection":[{"href":"https:\/\/laplomberieducanal.com\/index.php\/wp-json\/wp\/v2\/pages"}],"about":[{"href":"https:\/\/laplomberieducanal.com\/index.php\/wp-json\/wp\/v2\/types\/page"}],"author":[{"embeddable":true,"href":"https:\/\/laplomberieducanal.com\/index.php\/wp-json\/wp\/v2\/users\/1"}],"replies":[{"embeddable":true,"href":"https:\/\/laplomberieducanal.com\/index.php\/wp-json\/wp\/v2\/comments?post=13"}],"version-history":[{"count":23,"href":"https:\/\/laplomberieducanal.com\/index.php\/wp-json\/wp\/v2\/pages\/13\/revisions"}],"predecessor-version":[{"id":1557,"href":"https:\/\/laplomberieducanal.com\/index.php\/wp-json\/wp\/v2\/pages\/13\/revisions\/1557"}],"wp:featuredmedia":[{"embeddable":true,"href":"https:\/\/laplomberieducanal.com\/index.php\/wp-json\/wp\/v2\/media\/239"}],"wp:attachment":[{"href":"https:\/\/laplomberieducanal.com\/index.php\/wp-json\/wp\/v2\/media?parent=13"}],"curies":[{"name":"wp","href":"https:\/\/api.w.org\/{rel}","templated":true}]}}