{"id":1608,"date":"2025-07-07T18:29:12","date_gmt":"2025-07-07T16:29:12","guid":{"rendered":"https:\/\/laplomberieducanal.com\/?page_id=1608"},"modified":"2025-07-10T11:17:04","modified_gmt":"2025-07-10T09:17:04","slug":"confiance-en-soi","status":"publish","type":"page","link":"https:\/\/laplomberieducanal.com\/index.php\/confiance-en-soi\/","title":{"rendered":"Confiance en soi : Prise de parole en public rennes"},"content":{"rendered":"\n<p class=\"has-medium-font-size\">L&rsquo;une des cl\u00e9s d&rsquo;une communication orale agr\u00e9able est la <strong>confiance en soi<\/strong>. Lorsque nous parlons, nous sommes vus et entendus. Cela peut entra\u00eener du stress, la peur du jugement et une faible estime de soi. Il s&rsquo;agit d&rsquo;apprendre \u00e0 mieux se conna\u00eetre. G\u00e9rer sa respiration, le d\u00e9bit de sa voix, sa posture. <strong>L&rsquo;int\u00e9gration de diff\u00e9rentes techniques th\u00e9\u00e2trales.<\/strong> Et surtout, se convaincre soi-m\u00eame avant de convaincre les autres.<\/p>\n\n\n\n<h2 class=\"wp-block-heading\">Confiance en soi et techniques th\u00e9\u00e2trales<\/h2>\n\n\n\n<p class=\"has-medium-font-size\">Nos s\u00e9ances de coaching sont anim\u00e9es par des <strong>com\u00e9diens professionnels<\/strong>. Gr\u00e2ce \u00e0 nos <strong>s\u00e9ances de coaching th\u00e9\u00e2tral<\/strong>, reprenez confiance en vous et n&rsquo;ayez plus peur de parler en public, de regarder votre interlocuteur dans les yeux et d&rsquo;exprimer vos \u00e9motions. Que ce soit dans vos relations affectives ou professionnelles. Enfin, apprenez \u00e0 g\u00e9rer votre stress, et ne craignez plus le jugement ou le regard des autres.<\/p>\n\n\n\n<h2 class=\"wp-block-heading\">Nos formules de coaching th\u00e9\u00e2tral : Confiance en soi, Gestion du stress, Aisance oral, Articulation<\/h2>\n\n\n\n<ul>\n<li class=\"has-medium-font-size\">Formule pour les entreprises<\/li>\n\n\n\n<li class=\"has-medium-font-size\">Formule pour les particuliers<\/li>\n\n\n\n<li class=\"has-medium-font-size\">Formule pour les \u00e9tudiants<\/li>\n<\/ul>\n\n\n\n<p class=\"has-text-align-center\"><iframe loading=\"lazy\" title=\"Stage de Prise de Parole en Public\" src=\"https:\/\/www.youtube.com\/embed\/h-DXRb0K50o\" allowfullscreen=\"allowfullscreen\" width=\"392\" height=\"696\" frameborder=\"0\"><\/iframe><\/p>\n\n\n\n<div class=\"wp-block-buttons is-content-justification-center is-layout-flex wp-container-core-buttons-is-layout-1 wp-block-buttons-is-layout-flex\">\n<div class=\"wp-block-button is-style-outline\"><a class=\"wp-block-button__link has-black-color has-luminous-vivid-amber-background-color has-text-color has-background wp-element-button\" href=\"https:\/\/laplomberieducanal.com\/index.php\/contact\/\">Contactez-nous pour plus d&rsquo;informations<\/a><\/div>\n\n\n\n<div class=\"wp-block-button is-style-outline\"><a class=\"wp-block-button__link has-black-color has-luminous-vivid-amber-background-color has-text-color has-background wp-element-button\" href=\"https:\/\/la-plomberie-du-canal.assoconnect.com\/collect\/description\/583739-y-stage-prise-de-parole-en-public\" target=\"_blank\" rel=\"noreferrer noopener\">Prochains <strong>Stages <\/strong><\/a><\/div>\n<\/div>\n\n\n\n<hr class=\"wp-block-separator has-alpha-channel-opacity is-style-dots\"\/>\n\n\n\n<h2 class=\"wp-block-heading\">Formule pour les entreprises<\/h2>\n\n\n\n<p class=\"has-medium-font-size\">Vous \u00eates chef d&rsquo;entreprise ou salari\u00e9 ? Vous souhaitez aborder les diff\u00e9rentes probl\u00e9matiques auxquelles vous \u00eates confront\u00e9 dans votre travail quotidien ?&nbsp;<\/p>\n\n\n\n<figure class=\"wp-block-image size-medium\"><img data-recalc-dims=\"1\" loading=\"lazy\" decoding=\"async\" width=\"300\" height=\"200\" data-attachment-id=\"1713\" data-permalink=\"https:\/\/laplomberieducanal.com\/index.php\/confiance-en-soi\/entre\/\" data-orig-file=\"https:\/\/i0.wp.com\/laplomberieducanal.com\/wp-content\/uploads\/2023\/08\/entre.jpeg?fit=1125%2C750&amp;ssl=1\" data-orig-size=\"1125,750\" data-comments-opened=\"1\" data-image-meta=\"{&quot;aperture&quot;:&quot;0&quot;,&quot;credit&quot;:&quot;&quot;,&quot;camera&quot;:&quot;&quot;,&quot;caption&quot;:&quot;&quot;,&quot;created_timestamp&quot;:&quot;0&quot;,&quot;copyright&quot;:&quot;&quot;,&quot;focal_length&quot;:&quot;0&quot;,&quot;iso&quot;:&quot;0&quot;,&quot;shutter_speed&quot;:&quot;0&quot;,&quot;title&quot;:&quot;&quot;,&quot;orientation&quot;:&quot;0&quot;}\" data-image-title=\"entre\" data-image-description=\"\" data-image-caption=\"\" data-medium-file=\"https:\/\/i0.wp.com\/laplomberieducanal.com\/wp-content\/uploads\/2023\/08\/entre.jpeg?fit=300%2C200&amp;ssl=1\" data-large-file=\"https:\/\/i0.wp.com\/laplomberieducanal.com\/wp-content\/uploads\/2023\/08\/entre.jpeg?fit=1024%2C683&amp;ssl=1\" tabindex=\"0\" role=\"button\" src=\"https:\/\/i0.wp.com\/laplomberieducanal.com\/wp-content\/uploads\/2023\/08\/entre.jpeg?resize=300%2C200&#038;ssl=1\" alt=\"Confiance en soi : Prise de parole en public rennes - entreprise RSE\" class=\"wp-image-1713\" srcset=\"https:\/\/i0.wp.com\/laplomberieducanal.com\/wp-content\/uploads\/2023\/08\/entre.jpeg?resize=300%2C200&amp;ssl=1 300w, https:\/\/i0.wp.com\/laplomberieducanal.com\/wp-content\/uploads\/2023\/08\/entre.jpeg?resize=1024%2C683&amp;ssl=1 1024w, https:\/\/i0.wp.com\/laplomberieducanal.com\/wp-content\/uploads\/2023\/08\/entre.jpeg?resize=768%2C512&amp;ssl=1 768w, https:\/\/i0.wp.com\/laplomberieducanal.com\/wp-content\/uploads\/2023\/08\/entre.jpeg?w=1125&amp;ssl=1 1125w\" sizes=\"(max-width: 300px) 100vw, 300px\" \/><\/figure>\n\n\n\n<p class=\"has-medium-font-size\">Nos <strong>com\u00e9diens professionnels<\/strong> vous proposent un coaching et des ateliers bas\u00e9s sur <strong>les techniques du th\u00e9\u00e2tre.&nbsp;<\/strong><\/p>\n\n\n\n<p class=\"has-text-color has-medium-font-size\" style=\"color:#a70042\">Dans le cadre de la <strong>formule entreprise<\/strong>, notre association artistique et culturelle vous propose :&nbsp;<\/p>\n\n\n\n<ul class=\"has-medium-font-size\">\n<li><strong>De prendre la parole pour retrouver votre confiance et apprendre \u00e0 mieux vous exprimer \u00e0 l&rsquo;oral gr\u00e2ce au jeu th\u00e9\u00e2tral.<\/strong><\/li>\n<\/ul>\n\n\n\n<ul class=\"has-medium-font-size\">\n<li><strong>De comprendre et g\u00e9rer votre stress pour surmonter les situations stressantes, apprendre \u00e0 l\u00e2cher prise et ma\u00eetriser les techniques de respiration.<\/strong><\/li>\n<\/ul>\n\n\n\n<ul class=\"has-medium-font-size\">\n<li><strong>Manager votre \u00e9quipe dans un climat de confiance, capter votre auditoire et g\u00e9rer les \u00e9l\u00e9ments perturbateurs.<\/strong><\/li>\n<\/ul>\n\n\n\n<hr class=\"wp-block-separator has-alpha-channel-opacity is-style-dots\"\/>\n\n\n\n<h2 class=\"wp-block-heading\">Formule pour les particuliers<\/h2>\n\n\n\n<p class=\"has-medium-font-size\">Vous avez besoin de reprendre confiance en vous ? Acqu\u00e9rir une certaine aisance \u00e0 l&rsquo;oral ? Contr\u00f4ler votre stress ? Ou tout simplement am\u00e9liorer votre fran\u00e7ais parce que vous aimez la langue ?<\/p>\n\n\n\n<figure class=\"wp-block-image size-medium\"><img data-recalc-dims=\"1\" loading=\"lazy\" decoding=\"async\" width=\"300\" height=\"200\" data-attachment-id=\"1714\" data-permalink=\"https:\/\/laplomberieducanal.com\/index.php\/confiance-en-soi\/echangedis\/\" data-orig-file=\"https:\/\/i0.wp.com\/laplomberieducanal.com\/wp-content\/uploads\/2023\/08\/echangedis.jpeg?fit=1125%2C750&amp;ssl=1\" data-orig-size=\"1125,750\" data-comments-opened=\"1\" data-image-meta=\"{&quot;aperture&quot;:&quot;0&quot;,&quot;credit&quot;:&quot;&quot;,&quot;camera&quot;:&quot;&quot;,&quot;caption&quot;:&quot;&quot;,&quot;created_timestamp&quot;:&quot;0&quot;,&quot;copyright&quot;:&quot;&quot;,&quot;focal_length&quot;:&quot;0&quot;,&quot;iso&quot;:&quot;0&quot;,&quot;shutter_speed&quot;:&quot;0&quot;,&quot;title&quot;:&quot;&quot;,&quot;orientation&quot;:&quot;0&quot;}\" data-image-title=\"echangedis\" data-image-description=\"\" data-image-caption=\"\" data-medium-file=\"https:\/\/i0.wp.com\/laplomberieducanal.com\/wp-content\/uploads\/2023\/08\/echangedis.jpeg?fit=300%2C200&amp;ssl=1\" data-large-file=\"https:\/\/i0.wp.com\/laplomberieducanal.com\/wp-content\/uploads\/2023\/08\/echangedis.jpeg?fit=1024%2C683&amp;ssl=1\" tabindex=\"0\" role=\"button\" src=\"https:\/\/i0.wp.com\/laplomberieducanal.com\/wp-content\/uploads\/2023\/08\/echangedis.jpeg?resize=300%2C200&#038;ssl=1\" alt=\"\" class=\"wp-image-1714\" srcset=\"https:\/\/i0.wp.com\/laplomberieducanal.com\/wp-content\/uploads\/2023\/08\/echangedis.jpeg?resize=300%2C200&amp;ssl=1 300w, https:\/\/i0.wp.com\/laplomberieducanal.com\/wp-content\/uploads\/2023\/08\/echangedis.jpeg?resize=1024%2C683&amp;ssl=1 1024w, https:\/\/i0.wp.com\/laplomberieducanal.com\/wp-content\/uploads\/2023\/08\/echangedis.jpeg?resize=768%2C512&amp;ssl=1 768w, https:\/\/i0.wp.com\/laplomberieducanal.com\/wp-content\/uploads\/2023\/08\/echangedis.jpeg?w=1125&amp;ssl=1 1125w\" sizes=\"(max-width: 300px) 100vw, 300px\" \/><\/figure>\n\n\n\n<p class=\"has-medium-font-size\">Nos <strong>com\u00e9diens professionnels<\/strong> vous proposent un coaching et des ateliers bas\u00e9s sur <strong>les techniques du th\u00e9\u00e2tre.&nbsp;<\/strong><\/p>\n\n\n\n<p class=\"has-medium-font-size\">Dans le cadre de la <strong>formule particulier<\/strong>, notre association socioculturelle vous propose un coaching th\u00e9\u00e2tral. En individuel ou en groupe. Pour am\u00e9liorer votre \u00e9locution, votre r\u00e9partie et le langage non verbal. <\/p>\n\n\n\n<p class=\"has-text-color has-medium-font-size\" style=\"color:#a70042\">Nous aborderons :<\/p>\n\n\n\n<ul>\n<li class=\"has-medium-font-size\"><strong>La confiance en soi et estime de soi.<\/strong><\/li>\n\n\n\n<li class=\"has-medium-font-size\"><strong>La gestion du stress par des exercices de respiration ventrale et th\u00e9\u00e2trale.<\/strong><\/li>\n\n\n\n<li class=\"has-medium-font-size\"><strong>Les techniques pour \u00e9viter les \u00ab\u00a0blancs\u00a0\u00bb et savoir toujours quoi dire, m\u00eame lors de nouvelles rencontres.<\/strong><\/li>\n<\/ul>\n\n\n\n<hr class=\"wp-block-separator has-alpha-channel-opacity is-style-dots\"\/>\n\n\n\n<h2 class=\"wp-block-heading\">Formule pour les \u00e9tudiants<\/h2>\n\n\n\n<p class=\"has-medium-font-size\">Notre coaching th\u00e9\u00e2tral <strong>aide de nombreux \u00e9tudiants <\/strong>\u00e0 se pr\u00e9parer aux \u00e9preuves orales de la vie, qu&rsquo;il s&rsquo;agisse de passer un <strong>examen oral,<\/strong> de <strong>nouer de nouveaux contacts<\/strong> ou de <strong>r\u00e9ussir des entretiens d&#8217;embauche<\/strong> pour <strong>des stages<\/strong>, <strong>alternances<\/strong> , <strong>des emplois,<\/strong> etc.<\/p>\n\n\n\n<figure class=\"wp-block-image size-medium is-style-default\"><img data-recalc-dims=\"1\" loading=\"lazy\" decoding=\"async\" width=\"300\" height=\"200\" data-attachment-id=\"1715\" data-permalink=\"https:\/\/laplomberieducanal.com\/index.php\/confiance-en-soi\/expooral\/\" data-orig-file=\"https:\/\/i0.wp.com\/laplomberieducanal.com\/wp-content\/uploads\/2023\/08\/expooral.webp?fit=1125%2C750&amp;ssl=1\" data-orig-size=\"1125,750\" data-comments-opened=\"1\" data-image-meta=\"{&quot;aperture&quot;:&quot;0&quot;,&quot;credit&quot;:&quot;&quot;,&quot;camera&quot;:&quot;&quot;,&quot;caption&quot;:&quot;&quot;,&quot;created_timestamp&quot;:&quot;0&quot;,&quot;copyright&quot;:&quot;&quot;,&quot;focal_length&quot;:&quot;0&quot;,&quot;iso&quot;:&quot;0&quot;,&quot;shutter_speed&quot;:&quot;0&quot;,&quot;title&quot;:&quot;&quot;,&quot;orientation&quot;:&quot;0&quot;}\" data-image-title=\"expooral\" data-image-description=\"\" data-image-caption=\"\" data-medium-file=\"https:\/\/i0.wp.com\/laplomberieducanal.com\/wp-content\/uploads\/2023\/08\/expooral.webp?fit=300%2C200&amp;ssl=1\" data-large-file=\"https:\/\/i0.wp.com\/laplomberieducanal.com\/wp-content\/uploads\/2023\/08\/expooral.webp?fit=1024%2C683&amp;ssl=1\" tabindex=\"0\" role=\"button\" src=\"https:\/\/i0.wp.com\/laplomberieducanal.com\/wp-content\/uploads\/2023\/08\/expooral.webp?resize=300%2C200&#038;ssl=1\" alt=\"Confiance en soi : Prise de parole en public rennes formule \u00e9tudiants\" class=\"wp-image-1715\" srcset=\"https:\/\/i0.wp.com\/laplomberieducanal.com\/wp-content\/uploads\/2023\/08\/expooral.webp?resize=300%2C200&amp;ssl=1 300w, https:\/\/i0.wp.com\/laplomberieducanal.com\/wp-content\/uploads\/2023\/08\/expooral.webp?resize=1024%2C683&amp;ssl=1 1024w, https:\/\/i0.wp.com\/laplomberieducanal.com\/wp-content\/uploads\/2023\/08\/expooral.webp?resize=768%2C512&amp;ssl=1 768w, https:\/\/i0.wp.com\/laplomberieducanal.com\/wp-content\/uploads\/2023\/08\/expooral.webp?w=1125&amp;ssl=1 1125w\" sizes=\"(max-width: 300px) 100vw, 300px\" \/><\/figure>\n\n\n\n<p class=\"has-medium-font-size\">Nos <strong>com\u00e9diens professionnels<\/strong> vous proposent un coaching et des ateliers bas\u00e9s sur <strong>les techniques du th\u00e9\u00e2tre.&nbsp;<\/strong><\/p>\n\n\n\n<p class=\"has-text-color has-medium-font-size\" style=\"color:#a70042\">La <strong>formule pour les \u00e9tudiants<\/strong> comprend :&nbsp;<\/p>\n\n\n\n<ul class=\"has-medium-font-size\">\n<li><strong>La prise de parole pour retrouver sa confiance et apprendre \u00e0 mieux s&rsquo;exprimer \u00e0 l&rsquo;oral gr\u00e2ce au jeu th\u00e9\u00e2tral.<\/strong><\/li>\n<\/ul>\n\n\n\n<ul class=\"has-medium-font-size\">\n<li><strong>La gestion du stress pour surmonter les situations stressantes, apprendre \u00e0 l\u00e2cher prise et ma\u00eetriser les techniques de respiration ventrale et th\u00e9\u00e2trale.<\/strong><\/li>\n<\/ul>\n\n\n\n<ul class=\"has-medium-font-size\">\n<li><strong>Les Techniques de m\u00e9morisation et d&rsquo;improvisation<\/strong><\/li>\n<\/ul>\n\n\n\n<ul class=\"has-medium-font-size\">\n<li><strong>Un travail sur la posture, les gestes parasites, le corps, la voix et les expressions du visage pour acqu\u00e9rir une bonne aisance \u00e0 l&rsquo;oral et une posture professionnelle.<\/strong><\/li>\n<\/ul>\n\n\n\n<hr class=\"wp-block-separator has-alpha-channel-opacity is-style-dots\"\/>\n\n\n\n<div class=\"wp-block-buttons is-content-justification-center is-layout-flex wp-container-core-buttons-is-layout-2 wp-block-buttons-is-layout-flex\">\n<div class=\"wp-block-button is-style-outline\"><a class=\"wp-block-button__link has-black-color has-luminous-vivid-amber-background-color has-text-color has-background wp-element-button\" href=\"https:\/\/laplomberieducanal.com\/index.php\/contact\/\">Contactez-nous pour plus d&rsquo;informations<\/a><\/div>\n<\/div>\n\n\n\n<hr class=\"wp-block-separator has-alpha-channel-opacity is-style-dots\"\/>\n\n\n\n<p>Restez au courant des \u00e9v\u00e9nements de l&rsquo;association en nous suivant sur nos diff\u00e9rents r\u00e9seaux sociaux. Notamment sur&nbsp;<a href=\"https:\/\/www.instagram.com\/plomberieducanal\/\">Instagram<\/a>,&nbsp;<a href=\"https:\/\/www.facebook.com\/PlomberieduCanal\/\">Facebook&nbsp;<\/a>et&nbsp;<a href=\"https:\/\/www.youtube.com\/@laplomberieducanal\">YouTube<\/a>&nbsp;!<\/p>\n\n\n\n<p>Vous pouvez soutenir l\u2019acc\u00e8s \u00e0 l\u2019art et \u00e0 la culture pour tous, en partageant, en donnant votre avis et en likant nos diff\u00e9rentes publications.<\/p>\n","protected":false},"excerpt":{"rendered":"<p>L&rsquo;une des cl\u00e9s d&rsquo;une communication orale agr\u00e9able est la confiance en soi. Lorsque nous parlons, nous sommes vus et entendus. Cela peut entra\u00eener du stress, la peur du jugement et une faible estime de soi. Il s&rsquo;agit d&rsquo;apprendre \u00e0 mieux se conna\u00eetre. G\u00e9rer sa respiration, le d\u00e9bit de sa voix, sa posture. L&rsquo;int\u00e9gration de diff\u00e9rentes&hellip; <br \/> <a class=\"read-more\" href=\"https:\/\/laplomberieducanal.com\/index.php\/confiance-en-soi\/\">Lire la suite<\/a><\/p>\n","protected":false},"author":1,"featured_media":0,"parent":0,"menu_order":0,"comment_status":"closed","ping_status":"closed","template":"","meta":{"footnotes":""},"yoast_head":"<!-- This site is optimized with the Yoast SEO plugin v23.0 - https:\/\/yoast.com\/wordpress\/plugins\/seo\/ -->\n<title>Confiance en soi : Prise de parole en public rennes - La Plomberie du Canal<\/title>\n<meta name=\"description\" content=\"Confiance en soi, gestion du stress, aisance orale pour concours, entretiens, vendre, manager, \u00e9tudes..Formation pro. Face camera, Rennes\" \/>\n<meta name=\"robots\" content=\"index, follow, max-snippet:-1, max-image-preview:large, max-video-preview:-1\" \/>\n<link rel=\"canonical\" href=\"https:\/\/laplomberieducanal.com\/index.php\/confiance-en-soi\/\" \/>\n<meta property=\"og:locale\" content=\"fr_FR\" \/>\n<meta property=\"og:type\" content=\"article\" \/>\n<meta property=\"og:title\" content=\"Confiance en soi : Prise de parole en public rennes - La Plomberie du Canal\" \/>\n<meta property=\"og:description\" content=\"Confiance en soi, gestion du stress, aisance orale pour concours, entretiens, vendre, manager, \u00e9tudes..Formation pro. Face camera, Rennes\" \/>\n<meta property=\"og:url\" content=\"https:\/\/laplomberieducanal.com\/index.php\/confiance-en-soi\/\" \/>\n<meta property=\"og:site_name\" content=\"La Plomberie du Canal\" \/>\n<meta property=\"article:modified_time\" content=\"2025-07-10T09:17:04+00:00\" \/>\n<meta property=\"og:image\" content=\"https:\/\/laplomberieducanal.com\/wp-content\/uploads\/2023\/08\/entre-300x200.jpeg\" \/>\n<meta name=\"twitter:card\" content=\"summary_large_image\" \/>\n<meta name=\"twitter:label1\" content=\"Dur\u00e9e de lecture estim\u00e9e\" \/>\n\t<meta name=\"twitter:data1\" content=\"4 minutes\" \/>\n<script type=\"application\/ld+json\" class=\"yoast-schema-graph\">{\"@context\":\"https:\/\/schema.org\",\"@graph\":[{\"@type\":\"WebPage\",\"@id\":\"https:\/\/laplomberieducanal.com\/index.php\/confiance-en-soi\/\",\"url\":\"https:\/\/laplomberieducanal.com\/index.php\/confiance-en-soi\/\",\"name\":\"Confiance en soi : Prise de parole en public rennes - La Plomberie du Canal\",\"isPartOf\":{\"@id\":\"https:\/\/laplomberieducanal.com\/#website\"},\"primaryImageOfPage\":{\"@id\":\"https:\/\/laplomberieducanal.com\/index.php\/confiance-en-soi\/#primaryimage\"},\"image\":{\"@id\":\"https:\/\/laplomberieducanal.com\/index.php\/confiance-en-soi\/#primaryimage\"},\"thumbnailUrl\":\"https:\/\/laplomberieducanal.com\/wp-content\/uploads\/2023\/08\/entre-300x200.jpeg\",\"datePublished\":\"2025-07-07T16:29:12+00:00\",\"dateModified\":\"2025-07-10T09:17:04+00:00\",\"description\":\"Confiance en soi, gestion du stress, aisance orale pour concours, entretiens, vendre, manager, \u00e9tudes..Formation pro. Face camera, Rennes\",\"breadcrumb\":{\"@id\":\"https:\/\/laplomberieducanal.com\/index.php\/confiance-en-soi\/#breadcrumb\"},\"inLanguage\":\"fr-FR\",\"potentialAction\":[{\"@type\":\"ReadAction\",\"target\":[\"https:\/\/laplomberieducanal.com\/index.php\/confiance-en-soi\/\"]}]},{\"@type\":\"ImageObject\",\"inLanguage\":\"fr-FR\",\"@id\":\"https:\/\/laplomberieducanal.com\/index.php\/confiance-en-soi\/#primaryimage\",\"url\":\"https:\/\/laplomberieducanal.com\/wp-content\/uploads\/2023\/08\/entre-300x200.jpeg\",\"contentUrl\":\"https:\/\/laplomberieducanal.com\/wp-content\/uploads\/2023\/08\/entre-300x200.jpeg\"},{\"@type\":\"BreadcrumbList\",\"@id\":\"https:\/\/laplomberieducanal.com\/index.php\/confiance-en-soi\/#breadcrumb\",\"itemListElement\":[{\"@type\":\"ListItem\",\"position\":1,\"name\":\"Accueil\",\"item\":\"https:\/\/laplomberieducanal.com\/\"},{\"@type\":\"ListItem\",\"position\":2,\"name\":\"Confiance en soi : Prise de parole en public rennes\"}]},{\"@type\":\"WebSite\",\"@id\":\"https:\/\/laplomberieducanal.com\/#website\",\"url\":\"https:\/\/laplomberieducanal.com\/\",\"name\":\"La Plomberie du Canal\",\"description\":\"Association artistique et culturelle\",\"publisher\":{\"@id\":\"https:\/\/laplomberieducanal.com\/#organization\"},\"potentialAction\":[{\"@type\":\"SearchAction\",\"target\":{\"@type\":\"EntryPoint\",\"urlTemplate\":\"https:\/\/laplomberieducanal.com\/?s={search_term_string}\"},\"query-input\":\"required name=search_term_string\"}],\"inLanguage\":\"fr-FR\"},{\"@type\":\"Organization\",\"@id\":\"https:\/\/laplomberieducanal.com\/#organization\",\"name\":\"La Plomberie du Canal\",\"url\":\"https:\/\/laplomberieducanal.com\/\",\"logo\":{\"@type\":\"ImageObject\",\"inLanguage\":\"fr-FR\",\"@id\":\"https:\/\/laplomberieducanal.com\/#\/schema\/logo\/image\/\",\"url\":\"https:\/\/i0.wp.com\/laplomberieducanal.com\/wp-content\/uploads\/2023\/04\/cropped-Logo-La-Plomberie-du-Canal-couleur-sans-contour.png?fit=2105%2C1964&ssl=1\",\"contentUrl\":\"https:\/\/i0.wp.com\/laplomberieducanal.com\/wp-content\/uploads\/2023\/04\/cropped-Logo-La-Plomberie-du-Canal-couleur-sans-contour.png?fit=2105%2C1964&ssl=1\",\"width\":2105,\"height\":1964,\"caption\":\"La Plomberie du Canal\"},\"image\":{\"@id\":\"https:\/\/laplomberieducanal.com\/#\/schema\/logo\/image\/\"}}]}<\/script>\n<!-- \/ Yoast SEO plugin. -->","yoast_head_json":{"title":"Confiance en soi : Prise de parole en public rennes - La Plomberie du Canal","description":"Confiance en soi, gestion du stress, aisance orale pour concours, entretiens, vendre, manager, \u00e9tudes..Formation pro. Face camera, Rennes","robots":{"index":"index","follow":"follow","max-snippet":"max-snippet:-1","max-image-preview":"max-image-preview:large","max-video-preview":"max-video-preview:-1"},"canonical":"https:\/\/laplomberieducanal.com\/index.php\/confiance-en-soi\/","og_locale":"fr_FR","og_type":"article","og_title":"Confiance en soi : Prise de parole en public rennes - La Plomberie du Canal","og_description":"Confiance en soi, gestion du stress, aisance orale pour concours, entretiens, vendre, manager, \u00e9tudes..Formation pro. Face camera, Rennes","og_url":"https:\/\/laplomberieducanal.com\/index.php\/confiance-en-soi\/","og_site_name":"La Plomberie du Canal","article_modified_time":"2025-07-10T09:17:04+00:00","og_image":[{"url":"https:\/\/laplomberieducanal.com\/wp-content\/uploads\/2023\/08\/entre-300x200.jpeg"}],"twitter_card":"summary_large_image","twitter_misc":{"Dur\u00e9e de lecture estim\u00e9e":"4 minutes"},"schema":{"@context":"https:\/\/schema.org","@graph":[{"@type":"WebPage","@id":"https:\/\/laplomberieducanal.com\/index.php\/confiance-en-soi\/","url":"https:\/\/laplomberieducanal.com\/index.php\/confiance-en-soi\/","name":"Confiance en soi : Prise de parole en public rennes - La Plomberie du Canal","isPartOf":{"@id":"https:\/\/laplomberieducanal.com\/#website"},"primaryImageOfPage":{"@id":"https:\/\/laplomberieducanal.com\/index.php\/confiance-en-soi\/#primaryimage"},"image":{"@id":"https:\/\/laplomberieducanal.com\/index.php\/confiance-en-soi\/#primaryimage"},"thumbnailUrl":"https:\/\/laplomberieducanal.com\/wp-content\/uploads\/2023\/08\/entre-300x200.jpeg","datePublished":"2025-07-07T16:29:12+00:00","dateModified":"2025-07-10T09:17:04+00:00","description":"Confiance en soi, gestion du stress, aisance orale pour concours, entretiens, vendre, manager, \u00e9tudes..Formation pro. Face camera, Rennes","breadcrumb":{"@id":"https:\/\/laplomberieducanal.com\/index.php\/confiance-en-soi\/#breadcrumb"},"inLanguage":"fr-FR","potentialAction":[{"@type":"ReadAction","target":["https:\/\/laplomberieducanal.com\/index.php\/confiance-en-soi\/"]}]},{"@type":"ImageObject","inLanguage":"fr-FR","@id":"https:\/\/laplomberieducanal.com\/index.php\/confiance-en-soi\/#primaryimage","url":"https:\/\/laplomberieducanal.com\/wp-content\/uploads\/2023\/08\/entre-300x200.jpeg","contentUrl":"https:\/\/laplomberieducanal.com\/wp-content\/uploads\/2023\/08\/entre-300x200.jpeg"},{"@type":"BreadcrumbList","@id":"https:\/\/laplomberieducanal.com\/index.php\/confiance-en-soi\/#breadcrumb","itemListElement":[{"@type":"ListItem","position":1,"name":"Accueil","item":"https:\/\/laplomberieducanal.com\/"},{"@type":"ListItem","position":2,"name":"Confiance en soi : Prise de parole en public rennes"}]},{"@type":"WebSite","@id":"https:\/\/laplomberieducanal.com\/#website","url":"https:\/\/laplomberieducanal.com\/","name":"La Plomberie du Canal","description":"Association artistique et culturelle","publisher":{"@id":"https:\/\/laplomberieducanal.com\/#organization"},"potentialAction":[{"@type":"SearchAction","target":{"@type":"EntryPoint","urlTemplate":"https:\/\/laplomberieducanal.com\/?s={search_term_string}"},"query-input":"required name=search_term_string"}],"inLanguage":"fr-FR"},{"@type":"Organization","@id":"https:\/\/laplomberieducanal.com\/#organization","name":"La Plomberie du Canal","url":"https:\/\/laplomberieducanal.com\/","logo":{"@type":"ImageObject","inLanguage":"fr-FR","@id":"https:\/\/laplomberieducanal.com\/#\/schema\/logo\/image\/","url":"https:\/\/i0.wp.com\/laplomberieducanal.com\/wp-content\/uploads\/2023\/04\/cropped-Logo-La-Plomberie-du-Canal-couleur-sans-contour.png?fit=2105%2C1964&ssl=1","contentUrl":"https:\/\/i0.wp.com\/laplomberieducanal.com\/wp-content\/uploads\/2023\/04\/cropped-Logo-La-Plomberie-du-Canal-couleur-sans-contour.png?fit=2105%2C1964&ssl=1","width":2105,"height":1964,"caption":"La Plomberie du Canal"},"image":{"@id":"https:\/\/laplomberieducanal.com\/#\/schema\/logo\/image\/"}}]}},"jetpack_sharing_enabled":true,"jetpack_likes_enabled":true,"jetpack_shortlink":"https:\/\/wp.me\/PdRAvF-pW","_links":{"self":[{"href":"https:\/\/laplomberieducanal.com\/index.php\/wp-json\/wp\/v2\/pages\/1608"}],"collection":[{"href":"https:\/\/laplomberieducanal.com\/index.php\/wp-json\/wp\/v2\/pages"}],"about":[{"href":"https:\/\/laplomberieducanal.com\/index.php\/wp-json\/wp\/v2\/types\/page"}],"author":[{"embeddable":true,"href":"https:\/\/laplomberieducanal.com\/index.php\/wp-json\/wp\/v2\/users\/1"}],"replies":[{"embeddable":true,"href":"https:\/\/laplomberieducanal.com\/index.php\/wp-json\/wp\/v2\/comments?post=1608"}],"version-history":[{"count":16,"href":"https:\/\/laplomberieducanal.com\/index.php\/wp-json\/wp\/v2\/pages\/1608\/revisions"}],"predecessor-version":[{"id":2607,"href":"https:\/\/laplomberieducanal.com\/index.php\/wp-json\/wp\/v2\/pages\/1608\/revisions\/2607"}],"wp:attachment":[{"href":"https:\/\/laplomberieducanal.com\/index.php\/wp-json\/wp\/v2\/media?parent=1608"}],"curies":[{"name":"wp","href":"https:\/\/api.w.org\/{rel}","templated":true}]}}