{"id":17,"date":"2021-05-17T16:06:53","date_gmt":"2021-05-17T14:06:53","guid":{"rendered":"https:\/\/laplomberieducanal.com\/?page_id=17"},"modified":"2023-10-04T13:38:56","modified_gmt":"2023-10-04T11:38:56","slug":"adherer-association-laplomberieducanal","status":"publish","type":"page","link":"https:\/\/laplomberieducanal.com\/index.php\/adherer-association-laplomberieducanal\/","title":{"rendered":"Adh\u00e9rer \u00e0 l\u2019association"},"content":{"rendered":"\n<div class=\"wp-block-buttons is-layout-flex wp-block-buttons-is-layout-flex\">\n<div class=\"wp-block-button\"><a class=\"wp-block-button__link has-background wp-element-button\" href=\"https:\/\/la-plomberie-du-canal.assoconnect.com\/membres\/profil\" style=\"background-color:#a70042\">Acc\u00e9der \u00e0 mon espace personnel<\/a><\/div>\n<\/div>\n\n\n\n<hr class=\"wp-block-separator has-alpha-channel-opacity is-style-dots\"\/>\n\n\n\n<h2 class=\"wp-block-heading\">Adh\u00e9rer \u00e0 La Plomberie du Canal, c\u2019est une fa\u00e7on de soutenir les arts et la culture sur le territoire rennais.<\/h2>\n\n\n\n<h2 class=\"wp-block-heading has-text-color has-medium-font-size\" style=\"color:#a70042\">Etre adh\u00e9rent(e) \u00e0 La Plomberie du Canal <\/h2>\n\n\n\n<p class=\"has-medium-font-size\"><strong>Adh\u00e9rer \u00e0 l\u2019association<\/strong>, c\u2019est <strong>d\u00e9fendre la vitalit\u00e9 du spectacle vivant<\/strong> mais aussi le <strong>travail des artistes<\/strong> qui \u0153uvrent pour l\u2019accessibilit\u00e9 des arts pour tous les publics. <br>Ceci tout en profitant des activit\u00e9s et services de l\u2019asso :<\/p>\n\n\n\n<ul>\n<li class=\"has-medium-font-size\"><a href=\"https:\/\/laplomberieducanal.com\/index.php\/ateliers-stages\/\">Stages et Ateliers th\u00e9\u00e2tre<\/a> : pour en initier ou y participer<\/li>\n\n\n\n<li class=\"has-medium-font-size\"><a href=\"https:\/\/laplomberieducanal.com\/index.php\/hang-art\/\">Profiter du jardin et de l&rsquo;Hang&rsquo;Art<\/a> : mise \u00e0 disposition pour r\u00e9p\u00e9ter et cr\u00e9er. Avec ou sans l&rsquo;utilisation du mat\u00e9riel\/costumes\/accessoires<\/li>\n\n\n\n<li class=\"has-medium-font-size\">Les \u00e9v\u00e8nements et rencontres socioculturelles, \u00e9galement connues sous le nom de \u00ab\u00a0<a href=\"https:\/\/laplomberieducanal.com\/index.php\/rendez-vous\/\">RDV Solid&rsquo;Art<\/a>\u00a0\u00bb : pour en initier ou y participer<\/li>\n<\/ul>\n\n\n\n<hr class=\"wp-block-separator has-alpha-channel-opacity is-style-dots\"\/>\n\n\n\n<figure class=\"wp-block-image size-large\"><img data-recalc-dims=\"1\" loading=\"lazy\" decoding=\"async\" width=\"1024\" height=\"474\" data-attachment-id=\"1816\" data-permalink=\"https:\/\/laplomberieducanal.com\/index.php\/adherer-association-laplomberieducanal\/tarifs-2022-2023\/\" data-orig-file=\"https:\/\/i0.wp.com\/laplomberieducanal.com\/wp-content\/uploads\/2023\/09\/Tarifs-2022-2023.png?fit=1080%2C500&amp;ssl=1\" data-orig-size=\"1080,500\" data-comments-opened=\"1\" data-image-meta=\"{&quot;aperture&quot;:&quot;0&quot;,&quot;credit&quot;:&quot;&quot;,&quot;camera&quot;:&quot;&quot;,&quot;caption&quot;:&quot;&quot;,&quot;created_timestamp&quot;:&quot;0&quot;,&quot;copyright&quot;:&quot;&quot;,&quot;focal_length&quot;:&quot;0&quot;,&quot;iso&quot;:&quot;0&quot;,&quot;shutter_speed&quot;:&quot;0&quot;,&quot;title&quot;:&quot;&quot;,&quot;orientation&quot;:&quot;0&quot;}\" data-image-title=\"Adh\u00e9rer\" data-image-description=\"\" data-image-caption=\"\" data-medium-file=\"https:\/\/i0.wp.com\/laplomberieducanal.com\/wp-content\/uploads\/2023\/09\/Tarifs-2022-2023.png?fit=300%2C139&amp;ssl=1\" data-large-file=\"https:\/\/i0.wp.com\/laplomberieducanal.com\/wp-content\/uploads\/2023\/09\/Tarifs-2022-2023.png?fit=1024%2C474&amp;ssl=1\" tabindex=\"0\" role=\"button\" src=\"https:\/\/i0.wp.com\/laplomberieducanal.com\/wp-content\/uploads\/2023\/09\/Tarifs-2022-2023.png?resize=1024%2C474&#038;ssl=1\" alt=\"Adh\u00e9rer\" class=\"wp-image-1816\" srcset=\"https:\/\/i0.wp.com\/laplomberieducanal.com\/wp-content\/uploads\/2023\/09\/Tarifs-2022-2023.png?resize=1024%2C474&amp;ssl=1 1024w, https:\/\/i0.wp.com\/laplomberieducanal.com\/wp-content\/uploads\/2023\/09\/Tarifs-2022-2023.png?resize=300%2C139&amp;ssl=1 300w, https:\/\/i0.wp.com\/laplomberieducanal.com\/wp-content\/uploads\/2023\/09\/Tarifs-2022-2023.png?resize=768%2C356&amp;ssl=1 768w, https:\/\/i0.wp.com\/laplomberieducanal.com\/wp-content\/uploads\/2023\/09\/Tarifs-2022-2023.png?w=1080&amp;ssl=1 1080w\" sizes=\"(max-width: 1024px) 100vw, 1024px\" \/><\/figure>\n\n\n\n<p class=\"has-text-align-center\">* <em>du 1er septembre au 31 ao\u00fbt<\/em><\/p>\n\n\n\n<h2 class=\"wp-block-heading has-text-color has-medium-font-size\" style=\"color:#a70048\">Comment adh\u00e9rer \u00e0 l&rsquo;association ?<\/h2>\n\n\n\n<div class=\"wp-block-group is-vertical is-layout-flex wp-container-core-group-is-layout-2 wp-block-group-is-layout-flex\">\n<div class=\"wp-block-columns is-layout-flex wp-container-core-columns-is-layout-2 wp-block-columns-is-layout-flex\">\n<div class=\"wp-block-column is-layout-flow wp-block-column-is-layout-flow\" style=\"flex-basis:100%\">\n<div class=\"wp-block-group\"><div class=\"wp-block-group__inner-container is-layout-constrained wp-block-group-is-layout-constrained\">\n<div class=\"wp-block-columns is-layout-flex wp-container-core-columns-is-layout-1 wp-block-columns-is-layout-flex\">\n<div class=\"wp-block-column is-layout-flow wp-block-column-is-layout-flow\">\n<p class=\"has-medium-font-size\">Soit en remplissant le <strong>formulaire<\/strong> ci-contre et nous le d\u00e9poser aux heures de permanence.<\/p>\n\n\n\n<p class=\"has-medium-font-size\">Soit via : <\/p>\n\n\n\n<h2 class=\"wp-block-heading has-text-color\" style=\"color:#febe32\"><strong>Adh\u00e9sion individuelle <\/strong><\/h2>\n\n\n\n<iframe id=\"iframe_assoconnect\" src=\"https:\/\/la-plomberie-du-canal.assoconnect.com\/collect\/description\/342794-g-cotisation-individuelle-2023-2024?iframe=1\" width=\"100%\" style=\"overflow: hidden; border: 0; max-height: none;\" scrolling=\"no\" onload=\"window.location.href='#iframe_assoconnect'\"><\/iframe><script>window.addEventListener(\"message\", function(event) {if(event.data.action === \"iframe.height\" && event.origin === \"https:\/\/la-plomberie-du-canal.assoconnect.com\"){document.getElementById(\"iframe_assoconnect\").height = event.data.height;}});<\/script><style>#iframe_assoconnect{border: 0}<\/style>\n\n\n\n<hr class=\"wp-block-separator has-alpha-channel-opacity is-style-dots\"\/>\n\n\n\n<h2 class=\"wp-block-heading has-text-color\" style=\"color:#febe32\"><strong>Adh\u00e9sion structures (- et + de 10 salari\u00e9s) <\/strong> <\/h2>\n\n\n\n<p>(A venir )<\/p>\n\n\n\n<hr class=\"wp-block-separator has-alpha-channel-opacity is-style-dots\"\/>\n<\/div>\n\n\n\n<div class=\"wp-block-column is-vertically-aligned-top is-layout-flow wp-block-column-is-layout-flow\">\n<div class=\"wp-block-file aligncenter\"><a id=\"wp-block-file--media-8074160c-0adb-4e1e-8c58-00d66713066a\" href=\"https:\/\/laplomberieducanal.com\/wp-content\/uploads\/2021\/06\/Formulaire-adhesion.pdf\">Formulaire adh\u00e9sion<\/a><a href=\"https:\/\/laplomberieducanal.com\/wp-content\/uploads\/2021\/06\/Formulaire-adhesion.pdf\" class=\"wp-block-file__button wp-element-button\" download aria-describedby=\"wp-block-file--media-8074160c-0adb-4e1e-8c58-00d66713066a\">T\u00e9l\u00e9charger<\/a><\/div>\n<\/div>\n<\/div>\n<\/div><\/div>\n<\/div>\n<\/div>\n<\/div>\n\n\n\n<div class=\"wp-block-buttons is-horizontal is-content-justification-center is-layout-flex wp-container-core-buttons-is-layout-2 wp-block-buttons-is-layout-flex\"><\/div>\n\n\n\n<h2 class=\"wp-block-heading\">Sous gouvernance coll\u00e9giale et dans le respect de ces valeurs<\/h2>\n\n\n\n<div class=\"wp-block-buttons is-horizontal is-content-justification-center is-layout-flex wp-container-core-buttons-is-layout-3 wp-block-buttons-is-layout-flex\"><\/div>\n\n\n\n<p class=\"has-medium-font-size\">La Plomberie du Canal soutient des initiatives artistiques, sociales et culturelles sur le territoire rennais. L&rsquo;association s&rsquo;engage dans l&rsquo;\u00e9ducation populaire par et pour l&rsquo;art, en privil\u00e9giant le spectacle vivant.<\/p>\n\n\n\n<h3 class=\"wp-block-heading has-text-color has-medium-font-size\" style=\"color:#a70048\">Devenir membre du coll\u00e8ge associatif<\/h3>\n\n\n\n<p class=\"has-medium-font-size\">Tout adh\u00e9rent actif peut <strong>rejoindre le coll\u00e8ge associatif<\/strong>, sans forc\u00e9ment s&rsquo;engager dans des fonctions, mais pour apporter ses id\u00e9es, ses avis et faire avancer l&rsquo;association dans ses missions.<\/p>\n\n\n\n<p class=\"has-medium-font-size\">Pour <strong>int\u00e9grer le coll\u00e8ge associatif<\/strong>, il suffit de <strong>d\u00e9poser sa candidature aupr\u00e8s du coll\u00e8ge au moment de l\u2019Assembl\u00e9e G\u00e9n\u00e9rale<\/strong> qui a lieu une fois par an, g\u00e9n\u00e9ralement en septembre.<\/p>\n\n\n\n<p class=\"has-medium-font-size\">Le <strong>coll\u00e8ge associatif<\/strong> a pour mission de donner le cap, de g\u00e9rer l\u2019association dans les domaines administratif, secr\u00e9tariat, tr\u00e9sorerie, artistique et technique. Il se r\u00e9unit au moins une fois par trimestre.<br>Les <strong>membres d\u00e9cisionnaires<\/strong> s\u2019entretiennent r\u00e9guli\u00e8rement tous les mois par mail, en visioconf\u00e9rence ou physiquement.<\/p>\n\n\n\n<div class=\"wp-block-buttons is-horizontal is-content-justification-center is-layout-flex wp-container-core-buttons-is-layout-4 wp-block-buttons-is-layout-flex\">\n<div class=\"wp-block-button\"><a class=\"wp-block-button__link has-background wp-element-button\" href=\"https:\/\/laplomberieducanal.com\/index.php\/association\/equipe\/\" style=\"background-color:#a70042\">Notre \u00e9quipe<\/a><\/div>\n\n\n\n<div class=\"wp-block-button has-custom-width wp-block-button__width-50 has-custom-font-size is-style-outline has-medium-font-size\"><a class=\"wp-block-button__link has-black-color has-luminous-vivid-amber-background-color has-text-color has-background wp-element-button\" href=\"https:\/\/laplomberieducanal.com\/index.php\/contact\/\">Nous contacter<\/a><\/div>\n<\/div>\n\n\n\n<hr class=\"wp-block-separator has-alpha-channel-opacity is-style-dots\"\/>\n\n\n\n<p class=\"has-medium-font-size\">Le coll\u00e8ge peut \u00eatre second\u00e9 par des <strong>commissions<\/strong> cr\u00e9\u00e9es en soutien aux diff\u00e9rentes actions mises en place.<\/p>\n\n\n\n<h3 class=\"wp-block-heading has-text-color\" style=\"color:#a70048\">Devenir membre d&rsquo;une commission<\/h3>\n\n\n\n<p class=\"has-medium-font-size\">Les commissions ont \u00e9t\u00e9 mises en place pour d\u00e9charger les membres du coll\u00e8ge et <strong>faire \u00e9voluer l\u2019association plus concr\u00e8tement<\/strong>. <\/p>\n\n\n\n<p class=\"has-medium-font-size\">Il existe diff\u00e9rentes commissions : <\/p>\n\n\n\n<ul>\n<li class=\"has-medium-font-size\">La <strong>Commission Administrative<\/strong> : pour g\u00e9rer, organiser les activit\u00e9s administratives de l&rsquo;association<\/li>\n\n\n\n<li class=\"has-medium-font-size\">La <strong>Commission Hang\u2019Art<\/strong> : pour g\u00e9rer le hangar et le jardin, rencontrer les diff\u00e9rents locataires, nettoyer, ranger, am\u00e9liorer les conditions d&rsquo;accueil, participer aux travaux<\/li>\n\n\n\n<li class=\"has-medium-font-size\">La <strong>Commission Activit\u00e9s p\u00e9dagogiques<\/strong> : pour organiser, participer, innover dans les ateliers et stages <\/li>\n\n\n\n<li class=\"has-medium-font-size\">La <strong>Commission des Rendez-vous<\/strong> : pour organiser et cr\u00e9er des \u00e9v\u00e8nements culturels et sociaux<\/li>\n\n\n\n<li class=\"has-medium-font-size\">La <strong>Commission Communication<\/strong> : pour maintenir le lien avec les adh\u00e9rents et vers l\u2019ext\u00e9rieur aupr\u00e8s de diff\u00e9rents m\u00e9dias, promouvoir l&rsquo;association et valoriser ses missions.<\/li>\n<\/ul>\n\n\n\n<p class=\"has-medium-font-size\">Elles agissent selon le protocole suivant : <\/p>\n\n\n<div class=\"wp-block-image\">\n<figure class=\"aligncenter size-large\"><img data-recalc-dims=\"1\" loading=\"lazy\" decoding=\"async\" width=\"1024\" height=\"724\" data-attachment-id=\"666\" data-permalink=\"https:\/\/laplomberieducanal.com\/index.php\/adherer-association-laplomberieducanal\/protocole-commission-page-001\/\" data-orig-file=\"https:\/\/i0.wp.com\/laplomberieducanal.com\/wp-content\/uploads\/2021\/06\/Protocole-commission-page-001-scaled.jpg?fit=2560%2C1810&amp;ssl=1\" data-orig-size=\"2560,1810\" data-comments-opened=\"1\" data-image-meta=\"{&quot;aperture&quot;:&quot;0&quot;,&quot;credit&quot;:&quot;&quot;,&quot;camera&quot;:&quot;&quot;,&quot;caption&quot;:&quot;&quot;,&quot;created_timestamp&quot;:&quot;0&quot;,&quot;copyright&quot;:&quot;&quot;,&quot;focal_length&quot;:&quot;0&quot;,&quot;iso&quot;:&quot;0&quot;,&quot;shutter_speed&quot;:&quot;0&quot;,&quot;title&quot;:&quot;&quot;,&quot;orientation&quot;:&quot;0&quot;}\" data-image-title=\"Protocole-commission-page-001\" data-image-description=\"\" data-image-caption=\"\" data-medium-file=\"https:\/\/i0.wp.com\/laplomberieducanal.com\/wp-content\/uploads\/2021\/06\/Protocole-commission-page-001-scaled.jpg?fit=300%2C212&amp;ssl=1\" data-large-file=\"https:\/\/i0.wp.com\/laplomberieducanal.com\/wp-content\/uploads\/2021\/06\/Protocole-commission-page-001-scaled.jpg?fit=1024%2C724&amp;ssl=1\" tabindex=\"0\" role=\"button\" src=\"https:\/\/i0.wp.com\/laplomberieducanal.com\/wp-content\/uploads\/2021\/06\/Protocole-commission-page-001.jpg?resize=1024%2C724&#038;ssl=1\" alt=\"\" class=\"wp-image-666\" srcset=\"https:\/\/i0.wp.com\/laplomberieducanal.com\/wp-content\/uploads\/2021\/06\/Protocole-commission-page-001-scaled.jpg?resize=1024%2C724&amp;ssl=1 1024w, https:\/\/i0.wp.com\/laplomberieducanal.com\/wp-content\/uploads\/2021\/06\/Protocole-commission-page-001-scaled.jpg?resize=300%2C212&amp;ssl=1 300w, https:\/\/i0.wp.com\/laplomberieducanal.com\/wp-content\/uploads\/2021\/06\/Protocole-commission-page-001-scaled.jpg?resize=768%2C543&amp;ssl=1 768w, https:\/\/i0.wp.com\/laplomberieducanal.com\/wp-content\/uploads\/2021\/06\/Protocole-commission-page-001-scaled.jpg?resize=1536%2C1086&amp;ssl=1 1536w, https:\/\/i0.wp.com\/laplomberieducanal.com\/wp-content\/uploads\/2021\/06\/Protocole-commission-page-001-scaled.jpg?resize=2048%2C1448&amp;ssl=1 2048w, https:\/\/i0.wp.com\/laplomberieducanal.com\/wp-content\/uploads\/2021\/06\/Protocole-commission-page-001-scaled.jpg?resize=1528%2C1080&amp;ssl=1 1528w\" sizes=\"(max-width: 1024px) 100vw, 1024px\" \/><\/figure><\/div>\n\n\n<div class=\"wp-block-buttons is-horizontal is-content-justification-center is-layout-flex wp-container-core-buttons-is-layout-5 wp-block-buttons-is-layout-flex\">\n<div class=\"wp-block-button has-custom-width wp-block-button__width-50 has-custom-font-size is-style-outline has-medium-font-size\"><a class=\"wp-block-button__link has-black-color has-luminous-vivid-amber-background-color has-text-color has-background wp-element-button\" href=\"https:\/\/laplomberieducanal.com\/index.php\/contact\/\">Nous contacter<\/a><\/div>\n<\/div>\n\n\n\n<div class=\"wp-block-buttons has-custom-font-size has-small-font-size is-horizontal is-content-justification-center is-layout-flex wp-container-core-buttons-is-layout-6 wp-block-buttons-is-layout-flex\"><\/div>\n","protected":false},"excerpt":{"rendered":"<p>Adh\u00e9rer \u00e0 La Plomberie du Canal, c\u2019est une fa\u00e7on de soutenir les arts et la culture sur le territoire rennais. Etre adh\u00e9rent(e) \u00e0 La Plomberie du Canal Adh\u00e9rer \u00e0 l\u2019association, c\u2019est d\u00e9fendre la vitalit\u00e9 du spectacle vivant mais aussi le travail des artistes qui \u0153uvrent pour l\u2019accessibilit\u00e9 des arts pour tous les publics. Ceci tout&hellip; <br \/> <a class=\"read-more\" href=\"https:\/\/laplomberieducanal.com\/index.php\/adherer-association-laplomberieducanal\/\">Lire la suite<\/a><\/p>\n","protected":false},"author":1,"featured_media":1545,"parent":0,"menu_order":0,"comment_status":"closed","ping_status":"closed","template":"","meta":{"footnotes":""},"yoast_head":"<!-- This site is optimized with the Yoast SEO plugin v23.0 - https:\/\/yoast.com\/wordpress\/plugins\/seo\/ -->\n<title>Adh\u00e9rer \u00e0 l\u2019association - La Plomberie du Canal<\/title>\n<meta name=\"description\" content=\"Adh\u00e9rer \u00e0 La Plomberie du Canal, c\u2019est une fa\u00e7on de soutenir les arts et la culture pour tous sur le territoire rennais !\" \/>\n<meta name=\"robots\" content=\"index, follow, max-snippet:-1, max-image-preview:large, max-video-preview:-1\" \/>\n<link rel=\"canonical\" href=\"https:\/\/laplomberieducanal.com\/index.php\/adherer-association-laplomberieducanal\/\" \/>\n<meta property=\"og:locale\" content=\"fr_FR\" \/>\n<meta property=\"og:type\" content=\"article\" \/>\n<meta property=\"og:title\" content=\"Adh\u00e9rer \u00e0 l\u2019association - La Plomberie du Canal\" \/>\n<meta property=\"og:description\" content=\"Adh\u00e9rer \u00e0 La Plomberie du Canal, c\u2019est une fa\u00e7on de soutenir les arts et la culture pour tous sur le territoire rennais !\" \/>\n<meta property=\"og:url\" content=\"https:\/\/laplomberieducanal.com\/index.php\/adherer-association-laplomberieducanal\/\" \/>\n<meta property=\"og:site_name\" content=\"La Plomberie du Canal\" \/>\n<meta property=\"article:modified_time\" content=\"2023-10-04T11:38:56+00:00\" \/>\n<meta property=\"og:image\" content=\"https:\/\/laplomberieducanal.com\/wp-content\/uploads\/2023\/06\/Capentraide.png\" \/>\n\t<meta property=\"og:image:width\" content=\"597\" \/>\n\t<meta property=\"og:image:height\" content=\"297\" \/>\n\t<meta property=\"og:image:type\" content=\"image\/png\" \/>\n<meta name=\"twitter:card\" content=\"summary_large_image\" \/>\n<meta name=\"twitter:label1\" content=\"Dur\u00e9e de lecture estim\u00e9e\" \/>\n\t<meta name=\"twitter:data1\" content=\"3 minutes\" \/>\n<script type=\"application\/ld+json\" class=\"yoast-schema-graph\">{\"@context\":\"https:\/\/schema.org\",\"@graph\":[{\"@type\":\"WebPage\",\"@id\":\"https:\/\/laplomberieducanal.com\/index.php\/adherer-association-laplomberieducanal\/\",\"url\":\"https:\/\/laplomberieducanal.com\/index.php\/adherer-association-laplomberieducanal\/\",\"name\":\"Adh\u00e9rer \u00e0 l\u2019association - La Plomberie du Canal\",\"isPartOf\":{\"@id\":\"https:\/\/laplomberieducanal.com\/#website\"},\"primaryImageOfPage\":{\"@id\":\"https:\/\/laplomberieducanal.com\/index.php\/adherer-association-laplomberieducanal\/#primaryimage\"},\"image\":{\"@id\":\"https:\/\/laplomberieducanal.com\/index.php\/adherer-association-laplomberieducanal\/#primaryimage\"},\"thumbnailUrl\":\"https:\/\/i0.wp.com\/laplomberieducanal.com\/wp-content\/uploads\/2023\/06\/Capentraide.png?fit=597%2C297&ssl=1\",\"datePublished\":\"2021-05-17T14:06:53+00:00\",\"dateModified\":\"2023-10-04T11:38:56+00:00\",\"description\":\"Adh\u00e9rer \u00e0 La Plomberie du Canal, c\u2019est une fa\u00e7on de soutenir les arts et la culture pour tous sur le territoire rennais !\",\"breadcrumb\":{\"@id\":\"https:\/\/laplomberieducanal.com\/index.php\/adherer-association-laplomberieducanal\/#breadcrumb\"},\"inLanguage\":\"fr-FR\",\"potentialAction\":[{\"@type\":\"ReadAction\",\"target\":[\"https:\/\/laplomberieducanal.com\/index.php\/adherer-association-laplomberieducanal\/\"]}]},{\"@type\":\"ImageObject\",\"inLanguage\":\"fr-FR\",\"@id\":\"https:\/\/laplomberieducanal.com\/index.php\/adherer-association-laplomberieducanal\/#primaryimage\",\"url\":\"https:\/\/i0.wp.com\/laplomberieducanal.com\/wp-content\/uploads\/2023\/06\/Capentraide.png?fit=597%2C297&ssl=1\",\"contentUrl\":\"https:\/\/i0.wp.com\/laplomberieducanal.com\/wp-content\/uploads\/2023\/06\/Capentraide.png?fit=597%2C297&ssl=1\",\"width\":597,\"height\":297,\"caption\":\"Projets \u00e0 soutenir\"},{\"@type\":\"BreadcrumbList\",\"@id\":\"https:\/\/laplomberieducanal.com\/index.php\/adherer-association-laplomberieducanal\/#breadcrumb\",\"itemListElement\":[{\"@type\":\"ListItem\",\"position\":1,\"name\":\"Accueil\",\"item\":\"https:\/\/laplomberieducanal.com\/\"},{\"@type\":\"ListItem\",\"position\":2,\"name\":\"Adh\u00e9rer \u00e0 l\u2019association\"}]},{\"@type\":\"WebSite\",\"@id\":\"https:\/\/laplomberieducanal.com\/#website\",\"url\":\"https:\/\/laplomberieducanal.com\/\",\"name\":\"La Plomberie du Canal\",\"description\":\"Association artistique et culturelle\",\"publisher\":{\"@id\":\"https:\/\/laplomberieducanal.com\/#organization\"},\"potentialAction\":[{\"@type\":\"SearchAction\",\"target\":{\"@type\":\"EntryPoint\",\"urlTemplate\":\"https:\/\/laplomberieducanal.com\/?s={search_term_string}\"},\"query-input\":\"required name=search_term_string\"}],\"inLanguage\":\"fr-FR\"},{\"@type\":\"Organization\",\"@id\":\"https:\/\/laplomberieducanal.com\/#organization\",\"name\":\"La Plomberie du Canal\",\"url\":\"https:\/\/laplomberieducanal.com\/\",\"logo\":{\"@type\":\"ImageObject\",\"inLanguage\":\"fr-FR\",\"@id\":\"https:\/\/laplomberieducanal.com\/#\/schema\/logo\/image\/\",\"url\":\"https:\/\/i0.wp.com\/laplomberieducanal.com\/wp-content\/uploads\/2023\/04\/cropped-Logo-La-Plomberie-du-Canal-couleur-sans-contour.png?fit=2105%2C1964&ssl=1\",\"contentUrl\":\"https:\/\/i0.wp.com\/laplomberieducanal.com\/wp-content\/uploads\/2023\/04\/cropped-Logo-La-Plomberie-du-Canal-couleur-sans-contour.png?fit=2105%2C1964&ssl=1\",\"width\":2105,\"height\":1964,\"caption\":\"La Plomberie du Canal\"},\"image\":{\"@id\":\"https:\/\/laplomberieducanal.com\/#\/schema\/logo\/image\/\"}}]}<\/script>\n<!-- \/ Yoast SEO plugin. -->","yoast_head_json":{"title":"Adh\u00e9rer \u00e0 l\u2019association - La Plomberie du Canal","description":"Adh\u00e9rer \u00e0 La Plomberie du Canal, c\u2019est une fa\u00e7on de soutenir les arts et la culture pour tous sur le territoire rennais !","robots":{"index":"index","follow":"follow","max-snippet":"max-snippet:-1","max-image-preview":"max-image-preview:large","max-video-preview":"max-video-preview:-1"},"canonical":"https:\/\/laplomberieducanal.com\/index.php\/adherer-association-laplomberieducanal\/","og_locale":"fr_FR","og_type":"article","og_title":"Adh\u00e9rer \u00e0 l\u2019association - La Plomberie du Canal","og_description":"Adh\u00e9rer \u00e0 La Plomberie du Canal, c\u2019est une fa\u00e7on de soutenir les arts et la culture pour tous sur le territoire rennais !","og_url":"https:\/\/laplomberieducanal.com\/index.php\/adherer-association-laplomberieducanal\/","og_site_name":"La Plomberie du Canal","article_modified_time":"2023-10-04T11:38:56+00:00","og_image":[{"width":597,"height":297,"url":"https:\/\/laplomberieducanal.com\/wp-content\/uploads\/2023\/06\/Capentraide.png","type":"image\/png"}],"twitter_card":"summary_large_image","twitter_misc":{"Dur\u00e9e de lecture estim\u00e9e":"3 minutes"},"schema":{"@context":"https:\/\/schema.org","@graph":[{"@type":"WebPage","@id":"https:\/\/laplomberieducanal.com\/index.php\/adherer-association-laplomberieducanal\/","url":"https:\/\/laplomberieducanal.com\/index.php\/adherer-association-laplomberieducanal\/","name":"Adh\u00e9rer \u00e0 l\u2019association - La Plomberie du Canal","isPartOf":{"@id":"https:\/\/laplomberieducanal.com\/#website"},"primaryImageOfPage":{"@id":"https:\/\/laplomberieducanal.com\/index.php\/adherer-association-laplomberieducanal\/#primaryimage"},"image":{"@id":"https:\/\/laplomberieducanal.com\/index.php\/adherer-association-laplomberieducanal\/#primaryimage"},"thumbnailUrl":"https:\/\/i0.wp.com\/laplomberieducanal.com\/wp-content\/uploads\/2023\/06\/Capentraide.png?fit=597%2C297&ssl=1","datePublished":"2021-05-17T14:06:53+00:00","dateModified":"2023-10-04T11:38:56+00:00","description":"Adh\u00e9rer \u00e0 La Plomberie du Canal, c\u2019est une fa\u00e7on de soutenir les arts et la culture pour tous sur le territoire rennais !","breadcrumb":{"@id":"https:\/\/laplomberieducanal.com\/index.php\/adherer-association-laplomberieducanal\/#breadcrumb"},"inLanguage":"fr-FR","potentialAction":[{"@type":"ReadAction","target":["https:\/\/laplomberieducanal.com\/index.php\/adherer-association-laplomberieducanal\/"]}]},{"@type":"ImageObject","inLanguage":"fr-FR","@id":"https:\/\/laplomberieducanal.com\/index.php\/adherer-association-laplomberieducanal\/#primaryimage","url":"https:\/\/i0.wp.com\/laplomberieducanal.com\/wp-content\/uploads\/2023\/06\/Capentraide.png?fit=597%2C297&ssl=1","contentUrl":"https:\/\/i0.wp.com\/laplomberieducanal.com\/wp-content\/uploads\/2023\/06\/Capentraide.png?fit=597%2C297&ssl=1","width":597,"height":297,"caption":"Projets \u00e0 soutenir"},{"@type":"BreadcrumbList","@id":"https:\/\/laplomberieducanal.com\/index.php\/adherer-association-laplomberieducanal\/#breadcrumb","itemListElement":[{"@type":"ListItem","position":1,"name":"Accueil","item":"https:\/\/laplomberieducanal.com\/"},{"@type":"ListItem","position":2,"name":"Adh\u00e9rer \u00e0 l\u2019association"}]},{"@type":"WebSite","@id":"https:\/\/laplomberieducanal.com\/#website","url":"https:\/\/laplomberieducanal.com\/","name":"La Plomberie du Canal","description":"Association artistique et culturelle","publisher":{"@id":"https:\/\/laplomberieducanal.com\/#organization"},"potentialAction":[{"@type":"SearchAction","target":{"@type":"EntryPoint","urlTemplate":"https:\/\/laplomberieducanal.com\/?s={search_term_string}"},"query-input":"required name=search_term_string"}],"inLanguage":"fr-FR"},{"@type":"Organization","@id":"https:\/\/laplomberieducanal.com\/#organization","name":"La Plomberie du Canal","url":"https:\/\/laplomberieducanal.com\/","logo":{"@type":"ImageObject","inLanguage":"fr-FR","@id":"https:\/\/laplomberieducanal.com\/#\/schema\/logo\/image\/","url":"https:\/\/i0.wp.com\/laplomberieducanal.com\/wp-content\/uploads\/2023\/04\/cropped-Logo-La-Plomberie-du-Canal-couleur-sans-contour.png?fit=2105%2C1964&ssl=1","contentUrl":"https:\/\/i0.wp.com\/laplomberieducanal.com\/wp-content\/uploads\/2023\/04\/cropped-Logo-La-Plomberie-du-Canal-couleur-sans-contour.png?fit=2105%2C1964&ssl=1","width":2105,"height":1964,"caption":"La Plomberie du Canal"},"image":{"@id":"https:\/\/laplomberieducanal.com\/#\/schema\/logo\/image\/"}}]}},"jetpack_sharing_enabled":true,"jetpack_likes_enabled":true,"jetpack_shortlink":"https:\/\/wp.me\/PdRAvF-h","_links":{"self":[{"href":"https:\/\/laplomberieducanal.com\/index.php\/wp-json\/wp\/v2\/pages\/17"}],"collection":[{"href":"https:\/\/laplomberieducanal.com\/index.php\/wp-json\/wp\/v2\/pages"}],"about":[{"href":"https:\/\/laplomberieducanal.com\/index.php\/wp-json\/wp\/v2\/types\/page"}],"author":[{"embeddable":true,"href":"https:\/\/laplomberieducanal.com\/index.php\/wp-json\/wp\/v2\/users\/1"}],"replies":[{"embeddable":true,"href":"https:\/\/laplomberieducanal.com\/index.php\/wp-json\/wp\/v2\/comments?post=17"}],"version-history":[{"count":39,"href":"https:\/\/laplomberieducanal.com\/index.php\/wp-json\/wp\/v2\/pages\/17\/revisions"}],"predecessor-version":[{"id":1923,"href":"https:\/\/laplomberieducanal.com\/index.php\/wp-json\/wp\/v2\/pages\/17\/revisions\/1923"}],"wp:featuredmedia":[{"embeddable":true,"href":"https:\/\/laplomberieducanal.com\/index.php\/wp-json\/wp\/v2\/media\/1545"}],"wp:attachment":[{"href":"https:\/\/laplomberieducanal.com\/index.php\/wp-json\/wp\/v2\/media?parent=17"}],"curies":[{"name":"wp","href":"https:\/\/api.w.org\/{rel}","templated":true}]}}