{"id":19,"date":"2023-09-22T15:22:26","date_gmt":"2023-09-22T13:22:26","guid":{"rendered":"https:\/\/laplomberieducanal.com\/?page_id=19"},"modified":"2023-09-22T15:24:04","modified_gmt":"2023-09-22T13:24:04","slug":"notre-histoire","status":"publish","type":"page","link":"https:\/\/laplomberieducanal.com\/index.php\/association-laplomberieducanal\/notre-histoire\/","title":{"rendered":"Notre histoire"},"content":{"rendered":"\n<h2 class=\"wp-block-heading\">L\u2019histoire de La Plomberie du Canal commence en 1971, lorsque les entrep\u00f4ts \u00ab&nbsp;Frigo Moisan&nbsp;\u00bb cherchaient repreneurs. Odette et Albert Frogeais d\u00e9cident de racheter la maison, le hangar, le jardin.<\/h2>\n\n\n\n<div class=\"wp-block-columns is-layout-flex wp-container-core-columns-is-layout-1 wp-block-columns-is-layout-flex\">\n<div class=\"wp-block-column is-vertically-aligned-center is-layout-flow wp-block-column-is-layout-flow\">\n<p>Albert se met alors \u00e0 son compte et cr\u00e9e son entreprise de Plomberie-Chauffage.<br>Fervent d\u00e9fenseur des prairies Saint-Martin, sensible \u00e0 la flore et la faune, aux \u00ab <em>petits oiseaux<\/em> \u00bb et avec aussi un grand sens de la f\u00eate&nbsp;; il s\u2019investit aupr\u00e8s du Comit\u00e9 de quartier Saint-Martin.<\/p>\n\n\n\n<p>Passionn\u00e9 de v\u00e9lo, il cr\u00e9era dans ses ch\u00e8res prairies un cyclo-cross qui durera 22 ann\u00e9es. Pour la f\u00eate de la Saint-Jean, il inventera m\u00eame des radeaux-p\u00e9dalo. En 1998, apr\u00e8s 27 ans de labeur : d\u00e9part en retraite. <br>En 2002, la maladie est plus forte et l\u2019emporte.<\/p>\n<\/div>\n\n\n\n<div class=\"wp-block-column is-vertically-aligned-center is-layout-flow wp-block-column-is-layout-flow\"><div class=\"wp-block-image\">\n<figure class=\"aligncenter size-large\"><img data-recalc-dims=\"1\" loading=\"lazy\" decoding=\"async\" width=\"300\" height=\"300\" data-attachment-id=\"295\" data-permalink=\"https:\/\/laplomberieducanal.com\/index.php\/association-laplomberieducanal\/notre-histoire\/portrait-albert-frogeais_catherine-riverain\/\" data-orig-file=\"https:\/\/i0.wp.com\/laplomberieducanal.com\/wp-content\/uploads\/2021\/05\/Portrait-Albert-Frogeais_Catherine-Riverain.jpg?fit=300%2C300&amp;ssl=1\" data-orig-size=\"300,300\" data-comments-opened=\"1\" data-image-meta=\"{&quot;aperture&quot;:&quot;0&quot;,&quot;credit&quot;:&quot;&quot;,&quot;camera&quot;:&quot;&quot;,&quot;caption&quot;:&quot;&quot;,&quot;created_timestamp&quot;:&quot;0&quot;,&quot;copyright&quot;:&quot;&quot;,&quot;focal_length&quot;:&quot;0&quot;,&quot;iso&quot;:&quot;0&quot;,&quot;shutter_speed&quot;:&quot;0&quot;,&quot;title&quot;:&quot;&quot;,&quot;orientation&quot;:&quot;1&quot;}\" data-image-title=\"Portrait-Albert-Frogeais_Catherine-Riverain\" data-image-description=\"\" data-image-caption=\"\" data-medium-file=\"https:\/\/i0.wp.com\/laplomberieducanal.com\/wp-content\/uploads\/2021\/05\/Portrait-Albert-Frogeais_Catherine-Riverain.jpg?fit=300%2C300&amp;ssl=1\" data-large-file=\"https:\/\/i0.wp.com\/laplomberieducanal.com\/wp-content\/uploads\/2021\/05\/Portrait-Albert-Frogeais_Catherine-Riverain.jpg?fit=300%2C300&amp;ssl=1\" tabindex=\"0\" role=\"button\" src=\"https:\/\/i0.wp.com\/laplomberieducanal.com\/wp-content\/uploads\/2021\/05\/Portrait-Albert-Frogeais_Catherine-Riverain.jpg?resize=300%2C300&#038;ssl=1\" alt=\"Notre histoire\" class=\"wp-image-295\" srcset=\"https:\/\/i0.wp.com\/laplomberieducanal.com\/wp-content\/uploads\/2021\/05\/Portrait-Albert-Frogeais_Catherine-Riverain.jpg?w=300&amp;ssl=1 300w, https:\/\/i0.wp.com\/laplomberieducanal.com\/wp-content\/uploads\/2021\/05\/Portrait-Albert-Frogeais_Catherine-Riverain.jpg?resize=150%2C150&amp;ssl=1 150w\" sizes=\"(max-width: 300px) 100vw, 300px\" \/><figcaption class=\"wp-element-caption\">Portrait d&rsquo;Albert Frogeais, r\u00e9alis\u00e9 par Catherine Riverain (10 ans de l&rsquo;association, 2019)<\/figcaption><\/figure><\/div><\/div>\n<\/div>\n\n\n\n<h2 class=\"wp-block-heading has-text-color\" style=\"color:#a70048\">La naissance de l\u2019association<\/h2>\n\n\n\n<div class=\"wp-block-columns is-layout-flex wp-container-core-columns-is-layout-2 wp-block-columns-is-layout-flex\">\n<div class=\"wp-block-column is-layout-flow wp-block-column-is-layout-flow\" style=\"flex-basis:33.33%\">\n<h4 class=\"wp-block-heading has-text-align-center has-text-color\" style=\"color:#a70048\"><strong>2006<\/strong><\/h4>\n<\/div>\n\n\n\n<div class=\"wp-block-column is-layout-flow wp-block-column-is-layout-flow\" style=\"flex-basis:66.66%\">\n<p>Une Compagnie de Th\u00e9\u00e2tre &amp; Arts de la rue, <strong>Les Didascalies<\/strong>, loue le local pour ses besoins (cr\u00e9ation, r\u00e9p\u00e9titions, administratif) et teste, grandeur nature, l\u2019acc\u00e8s du lieu aux artistes avec le premier : \u00ab <strong>Festival O Canal<\/strong> \u00bb. Une premi\u00e8re plut\u00f4t r\u00e9ussie.<\/p>\n<\/div>\n<\/div>\n\n\n\n<div class=\"wp-block-columns is-layout-flex wp-container-core-columns-is-layout-3 wp-block-columns-is-layout-flex\">\n<div class=\"wp-block-column is-layout-flow wp-block-column-is-layout-flow\" style=\"flex-basis:33.33%\">\n<h4 class=\"wp-block-heading has-text-align-center has-text-color\" style=\"color:#a70048\"><strong>2009<\/strong><\/h4>\n<\/div>\n\n\n\n<div class=\"wp-block-column is-layout-flow wp-block-column-is-layout-flow\" style=\"flex-basis:66.66%\">\n<p>Deux com\u00e9diens issus de cette compagnie, <strong>Sylvie Simon<\/strong> et <strong>Eddy Frogeais<\/strong>, fils d\u2019Albert et Odette, lancent l&rsquo;id\u00e9e de fonder une association. Avec l&rsquo;arriv\u00e9e de <strong>Vincent Leclerc<\/strong>, la Plomberie du Canal est cr\u00e9\u00e9e afin de partager leur passion des Arts de la Sc\u00e8ne.<br>Ses statuts reprennent ceux d\u2019une pr\u00e9c\u00e9dente asso : <strong>A&amp;E Dramamus<\/strong>.<\/p>\n<\/div>\n<\/div>\n\n\n\n<div class=\"wp-block-columns is-layout-flex wp-container-core-columns-is-layout-4 wp-block-columns-is-layout-flex\">\n<div class=\"wp-block-column is-layout-flow wp-block-column-is-layout-flow\" style=\"flex-basis:33.33%\">\n<h4 class=\"wp-block-heading has-text-align-center has-text-color\" style=\"color:#a70048\"><strong>2010<\/strong><\/h4>\n<\/div>\n\n\n\n<div class=\"wp-block-column is-layout-flow wp-block-column-is-layout-flow\" style=\"flex-basis:66.66%\">\n<p>Premi\u00e8re r\u00e9sidence avec l\u2019association <strong>Les \u0152ils<\/strong> pendant 6 mois. La Plomberie du Canal reprend \u00e0 son compte le \u00ab <strong>Festival O Canal<\/strong> \u00bb de fa\u00e7on biannuelle.<\/p>\n<\/div>\n<\/div>\n\n\n\n<div class=\"wp-block-columns is-layout-flex wp-container-core-columns-is-layout-5 wp-block-columns-is-layout-flex\">\n<div class=\"wp-block-column is-layout-flow wp-block-column-is-layout-flow\" style=\"flex-basis:33.33%\">\n<h4 class=\"wp-block-heading has-text-align-center has-text-color\" style=\"color:#a70048\"><strong>2013<\/strong><\/h4>\n<\/div>\n\n\n\n<div class=\"wp-block-column is-layout-flow wp-block-column-is-layout-flow\" style=\"flex-basis:66.66%\">\n<p>Le nouveau tr\u00e9sorier, <strong>Christophe Jouan<\/strong> de l&rsquo;association <em>Fais pas ci, Fais pas \u00e7a<\/em>, apporte son exp\u00e9rience pour d\u00e9velopper l\u2019activit\u00e9 ateliers.<br>La Plomberie du Canal cr\u00e9e son premier emploi : un animateur d\u2019ateliers th\u00e9\u00e2tre \u00e0 temps plein.<\/p>\n<\/div>\n<\/div>\n\n\n\n<div class=\"wp-block-columns is-layout-flex wp-container-core-columns-is-layout-6 wp-block-columns-is-layout-flex\">\n<div class=\"wp-block-column is-layout-flow wp-block-column-is-layout-flow\" style=\"flex-basis:33.33%\">\n<h4 class=\"wp-block-heading has-text-align-center has-text-color\" style=\"color:#a70048\"><strong>2014<\/strong><\/h4>\n<\/div>\n\n\n\n<div class=\"wp-block-column is-layout-flow wp-block-column-is-layout-flow\" style=\"flex-basis:66.66%\">\n<p>L\u2019association accueille une deuxi\u00e8me intervenante salari\u00e9e.<\/p>\n<\/div>\n<\/div>\n\n\n\n<div class=\"wp-block-columns is-layout-flex wp-container-core-columns-is-layout-7 wp-block-columns-is-layout-flex\">\n<div class=\"wp-block-column is-layout-flow wp-block-column-is-layout-flow\" style=\"flex-basis:33.33%\">\n<h4 class=\"wp-block-heading has-text-align-center has-text-color\" style=\"color:#a70048\"><strong>2015<\/strong><\/h4>\n<\/div>\n\n\n\n<div class=\"wp-block-column is-layout-flow wp-block-column-is-layout-flow\" style=\"flex-basis:66.66%\">\n<p>Nous accueillons une nouvelle intervenante qui assure \u00e9galement une partie administrative et permet au lieu une permanence.<br>Nous avons \u00e9galement b\u00e9n\u00e9ficier d\u2019un Dispositif Local d\u2019Accompagnement encadr\u00e9 par la R\u00e9gion Bretagne.<\/p>\n<\/div>\n<\/div>\n\n\n\n<div class=\"wp-block-columns is-layout-flex wp-container-core-columns-is-layout-8 wp-block-columns-is-layout-flex\">\n<div class=\"wp-block-column is-layout-flow wp-block-column-is-layout-flow\" style=\"flex-basis:33.33%\">\n<h4 class=\"wp-block-heading has-text-align-center has-text-color\" style=\"color:#a70048\"><strong>2018<\/strong><\/h4>\n<\/div>\n\n\n\n<div class=\"wp-block-column is-layout-flow wp-block-column-is-layout-flow\" style=\"flex-basis:66.66%\">\n<p>Premi\u00e8res Portes Ouvertes et inauguration du \u00ab&nbsp;<strong>Th\u00e9\u00e2tre de Verdure<\/strong>&nbsp;\u00bb. L&rsquo;association passe en gouvernance coll\u00e9giale pour une gestion plus participative et des responsabilit\u00e9s plus partag\u00e9es.<\/p>\n<\/div>\n<\/div>\n\n\n\n<div class=\"wp-block-columns is-layout-flex wp-container-core-columns-is-layout-9 wp-block-columns-is-layout-flex\">\n<div class=\"wp-block-column is-layout-flow wp-block-column-is-layout-flow\" style=\"flex-basis:33.33%\">\n<h4 class=\"wp-block-heading has-text-align-center has-text-color\" style=\"color:#a70048\"><strong>2019<\/strong><\/h4>\n<\/div>\n\n\n\n<div class=\"wp-block-column is-layout-flow wp-block-column-is-layout-flow\" style=\"flex-basis:66.66%\">\n<p>Nous avons f\u00eat\u00e9 les <strong>10 ans de l&rsquo;association<\/strong> avec <a href=\"https:\/\/laplomberieducanal.com\/index.php\/adherer-association-laplomberieducanal\/espace-adherents\/\">nos adh\u00e9rents<\/a>, les artistes et <a href=\"https:\/\/laplomberieducanal.com\/index.php\/association-laplomberieducanal\/partenaires\/\">nos partenaires<\/a>.<\/p>\n<\/div>\n<\/div>\n\n\n\n<hr class=\"wp-block-separator has-alpha-channel-opacity is-style-dots\"\/>\n\n\n\n<div class=\"wp-block-buttons is-horizontal is-content-justification-center is-layout-flex wp-container-core-buttons-is-layout-1 wp-block-buttons-is-layout-flex\">\n<div class=\"wp-block-button has-custom-width wp-block-button__width-50\"><a class=\"wp-block-button__link has-background wp-element-button\" href=\"https:\/\/laplomberieducanal.com\/index.php\/contact-la-plomberie-du-canal-association-artistique-et-culturelle\/\" style=\"border-radius:47px;background-color:#febe32\">Nous contacter<\/a><\/div>\n<\/div>\n\n\n\n<div class=\"wp-block-columns is-layout-flex wp-container-core-columns-is-layout-10 wp-block-columns-is-layout-flex\">\n<div class=\"wp-block-column is-vertically-aligned-center is-layout-flow wp-block-column-is-layout-flow\" style=\"flex-basis:100%\">\n<hr class=\"wp-block-separator has-css-opacity is-style-dots\"\/>\n<\/div>\n<\/div>\n\n\n\n<p>Aujourd\u2019hui forte de plus de 10 ans d\u2019activit\u00e9s, l\u2019<strong>association<\/strong> continue de partager sa <strong>passion des arts de la sc\u00e8ne et du spectacle<\/strong> \u00e0 travers <a href=\"https:\/\/laplomberieducanal.com\/index.php\/2023\/07\/25\/stages-et-cours-de-theatre-pour-enfants-et-adultes\/\"><strong>stages<\/strong> et <strong>ateliers<\/strong><\/a>. Mais aussi de permettre <a href=\"https:\/\/laplomberieducanal.com\/index.php\/hang-art\/location-espace-scenique-et-jardin-residences-artistiques\/\">aux <strong>artistes<\/strong><\/a> de tous horizons de pratiquer et d\u00e9velopper leurs arts, de montrer et de partager leur travail.<\/p>\n\n\n\n<div class=\"wp-block-buttons is-horizontal is-content-justification-center is-layout-flex wp-container-core-buttons-is-layout-2 wp-block-buttons-is-layout-flex\">\n<div class=\"wp-block-button\"><a class=\"wp-block-button__link has-background wp-element-button\" href=\"https:\/\/laplomberieducanal.com\/?post_type=post\" style=\"background-color:#febe32\">Nos actualit\u00e9s<\/a><\/div>\n\n\n\n<div class=\"wp-block-button is-style-outline\"><a class=\"wp-block-button__link has-text-color wp-element-button\" href=\"https:\/\/laplomberieducanal.com\/?page_id=319&amp;preview=true\" style=\"color:#febe32\">Contactons-nous<\/a><\/div>\n<\/div>\n\n\n\n<p><\/p>\n","protected":false},"excerpt":{"rendered":"<p>L\u2019histoire de La Plomberie du Canal commence en 1971, lorsque les entrep\u00f4ts \u00ab&nbsp;Frigo Moisan&nbsp;\u00bb cherchaient repreneurs. Odette et Albert Frogeais d\u00e9cident de racheter la maison, le hangar, le jardin. Albert se met alors \u00e0 son compte et cr\u00e9e son entreprise de Plomberie-Chauffage.Fervent d\u00e9fenseur des prairies Saint-Martin, sensible \u00e0 la flore et la faune, aux \u00ab&hellip; <br \/> <a class=\"read-more\" href=\"https:\/\/laplomberieducanal.com\/index.php\/association-laplomberieducanal\/notre-histoire\/\">Lire la suite<\/a><\/p>\n","protected":false},"author":1,"featured_media":0,"parent":11,"menu_order":0,"comment_status":"closed","ping_status":"closed","template":"","meta":{"footnotes":""},"yoast_head":"<!-- This site is optimized with the Yoast SEO plugin v23.0 - https:\/\/yoast.com\/wordpress\/plugins\/seo\/ -->\n<title>Notre histoire - La Plomberie du Canal<\/title>\n<meta name=\"description\" content=\"Notre histoire commence en 1971, lorsque les entrep\u00f4ts \u00ab\u00a0Frigo Moisan\u00a0\u00bb cherchaient repreneurs. Odette et Albert Frogeais d\u00e9cident...\" \/>\n<meta name=\"robots\" content=\"index, follow, max-snippet:-1, max-image-preview:large, max-video-preview:-1\" \/>\n<link rel=\"canonical\" href=\"https:\/\/laplomberieducanal.com\/index.php\/association-laplomberieducanal\/notre-histoire\/\" \/>\n<meta property=\"og:locale\" content=\"fr_FR\" \/>\n<meta property=\"og:type\" content=\"article\" \/>\n<meta property=\"og:title\" content=\"Notre histoire - La Plomberie du Canal\" \/>\n<meta property=\"og:description\" content=\"Notre histoire commence en 1971, lorsque les entrep\u00f4ts \u00ab\u00a0Frigo Moisan\u00a0\u00bb cherchaient repreneurs. Odette et Albert Frogeais d\u00e9cident...\" \/>\n<meta property=\"og:url\" content=\"https:\/\/laplomberieducanal.com\/index.php\/association-laplomberieducanal\/notre-histoire\/\" \/>\n<meta property=\"og:site_name\" content=\"La Plomberie du Canal\" \/>\n<meta property=\"article:modified_time\" content=\"2023-09-22T13:24:04+00:00\" \/>\n<meta property=\"og:image\" content=\"https:\/\/laplomberieducanal.com\/wp-content\/uploads\/2021\/05\/Portrait-Albert-Frogeais_Catherine-Riverain.jpg\" \/>\n<meta name=\"twitter:card\" content=\"summary_large_image\" \/>\n<meta name=\"twitter:label1\" content=\"Dur\u00e9e de lecture estim\u00e9e\" \/>\n\t<meta name=\"twitter:data1\" content=\"3 minutes\" \/>\n<script type=\"application\/ld+json\" class=\"yoast-schema-graph\">{\"@context\":\"https:\/\/schema.org\",\"@graph\":[{\"@type\":\"WebPage\",\"@id\":\"https:\/\/laplomberieducanal.com\/index.php\/association-laplomberieducanal\/notre-histoire\/\",\"url\":\"https:\/\/laplomberieducanal.com\/index.php\/association-laplomberieducanal\/notre-histoire\/\",\"name\":\"Notre histoire - La Plomberie du Canal\",\"isPartOf\":{\"@id\":\"https:\/\/laplomberieducanal.com\/#website\"},\"primaryImageOfPage\":{\"@id\":\"https:\/\/laplomberieducanal.com\/index.php\/association-laplomberieducanal\/notre-histoire\/#primaryimage\"},\"image\":{\"@id\":\"https:\/\/laplomberieducanal.com\/index.php\/association-laplomberieducanal\/notre-histoire\/#primaryimage\"},\"thumbnailUrl\":\"https:\/\/laplomberieducanal.com\/wp-content\/uploads\/2021\/05\/Portrait-Albert-Frogeais_Catherine-Riverain.jpg\",\"datePublished\":\"2023-09-22T13:22:26+00:00\",\"dateModified\":\"2023-09-22T13:24:04+00:00\",\"description\":\"Notre histoire commence en 1971, lorsque les entrep\u00f4ts \u00ab\u00a0Frigo Moisan\u00a0\u00bb cherchaient repreneurs. Odette et Albert Frogeais d\u00e9cident...\",\"breadcrumb\":{\"@id\":\"https:\/\/laplomberieducanal.com\/index.php\/association-laplomberieducanal\/notre-histoire\/#breadcrumb\"},\"inLanguage\":\"fr-FR\",\"potentialAction\":[{\"@type\":\"ReadAction\",\"target\":[\"https:\/\/laplomberieducanal.com\/index.php\/association-laplomberieducanal\/notre-histoire\/\"]}]},{\"@type\":\"ImageObject\",\"inLanguage\":\"fr-FR\",\"@id\":\"https:\/\/laplomberieducanal.com\/index.php\/association-laplomberieducanal\/notre-histoire\/#primaryimage\",\"url\":\"https:\/\/i0.wp.com\/laplomberieducanal.com\/wp-content\/uploads\/2021\/05\/Portrait-Albert-Frogeais_Catherine-Riverain.jpg?fit=300%2C300&ssl=1\",\"contentUrl\":\"https:\/\/i0.wp.com\/laplomberieducanal.com\/wp-content\/uploads\/2021\/05\/Portrait-Albert-Frogeais_Catherine-Riverain.jpg?fit=300%2C300&ssl=1\",\"width\":300,\"height\":300},{\"@type\":\"BreadcrumbList\",\"@id\":\"https:\/\/laplomberieducanal.com\/index.php\/association-laplomberieducanal\/notre-histoire\/#breadcrumb\",\"itemListElement\":[{\"@type\":\"ListItem\",\"position\":1,\"name\":\"Accueil\",\"item\":\"https:\/\/laplomberieducanal.com\/\"},{\"@type\":\"ListItem\",\"position\":2,\"name\":\"L&#8217;association\",\"item\":\"https:\/\/laplomberieducanal.com\/index.php\/association-laplomberieducanal\/\"},{\"@type\":\"ListItem\",\"position\":3,\"name\":\"Notre histoire\"}]},{\"@type\":\"WebSite\",\"@id\":\"https:\/\/laplomberieducanal.com\/#website\",\"url\":\"https:\/\/laplomberieducanal.com\/\",\"name\":\"La Plomberie du Canal\",\"description\":\"Association artistique et culturelle\",\"publisher\":{\"@id\":\"https:\/\/laplomberieducanal.com\/#organization\"},\"potentialAction\":[{\"@type\":\"SearchAction\",\"target\":{\"@type\":\"EntryPoint\",\"urlTemplate\":\"https:\/\/laplomberieducanal.com\/?s={search_term_string}\"},\"query-input\":\"required name=search_term_string\"}],\"inLanguage\":\"fr-FR\"},{\"@type\":\"Organization\",\"@id\":\"https:\/\/laplomberieducanal.com\/#organization\",\"name\":\"La Plomberie du Canal\",\"url\":\"https:\/\/laplomberieducanal.com\/\",\"logo\":{\"@type\":\"ImageObject\",\"inLanguage\":\"fr-FR\",\"@id\":\"https:\/\/laplomberieducanal.com\/#\/schema\/logo\/image\/\",\"url\":\"https:\/\/i0.wp.com\/laplomberieducanal.com\/wp-content\/uploads\/2023\/04\/cropped-Logo-La-Plomberie-du-Canal-couleur-sans-contour.png?fit=2105%2C1964&ssl=1\",\"contentUrl\":\"https:\/\/i0.wp.com\/laplomberieducanal.com\/wp-content\/uploads\/2023\/04\/cropped-Logo-La-Plomberie-du-Canal-couleur-sans-contour.png?fit=2105%2C1964&ssl=1\",\"width\":2105,\"height\":1964,\"caption\":\"La Plomberie du Canal\"},\"image\":{\"@id\":\"https:\/\/laplomberieducanal.com\/#\/schema\/logo\/image\/\"}}]}<\/script>\n<!-- \/ Yoast SEO plugin. -->","yoast_head_json":{"title":"Notre histoire - La Plomberie du Canal","description":"Notre histoire commence en 1971, lorsque les entrep\u00f4ts \u00ab\u00a0Frigo Moisan\u00a0\u00bb cherchaient repreneurs. Odette et Albert Frogeais d\u00e9cident...","robots":{"index":"index","follow":"follow","max-snippet":"max-snippet:-1","max-image-preview":"max-image-preview:large","max-video-preview":"max-video-preview:-1"},"canonical":"https:\/\/laplomberieducanal.com\/index.php\/association-laplomberieducanal\/notre-histoire\/","og_locale":"fr_FR","og_type":"article","og_title":"Notre histoire - La Plomberie du Canal","og_description":"Notre histoire commence en 1971, lorsque les entrep\u00f4ts \u00ab\u00a0Frigo Moisan\u00a0\u00bb cherchaient repreneurs. Odette et Albert Frogeais d\u00e9cident...","og_url":"https:\/\/laplomberieducanal.com\/index.php\/association-laplomberieducanal\/notre-histoire\/","og_site_name":"La Plomberie du Canal","article_modified_time":"2023-09-22T13:24:04+00:00","og_image":[{"url":"https:\/\/laplomberieducanal.com\/wp-content\/uploads\/2021\/05\/Portrait-Albert-Frogeais_Catherine-Riverain.jpg"}],"twitter_card":"summary_large_image","twitter_misc":{"Dur\u00e9e de lecture estim\u00e9e":"3 minutes"},"schema":{"@context":"https:\/\/schema.org","@graph":[{"@type":"WebPage","@id":"https:\/\/laplomberieducanal.com\/index.php\/association-laplomberieducanal\/notre-histoire\/","url":"https:\/\/laplomberieducanal.com\/index.php\/association-laplomberieducanal\/notre-histoire\/","name":"Notre histoire - La Plomberie du Canal","isPartOf":{"@id":"https:\/\/laplomberieducanal.com\/#website"},"primaryImageOfPage":{"@id":"https:\/\/laplomberieducanal.com\/index.php\/association-laplomberieducanal\/notre-histoire\/#primaryimage"},"image":{"@id":"https:\/\/laplomberieducanal.com\/index.php\/association-laplomberieducanal\/notre-histoire\/#primaryimage"},"thumbnailUrl":"https:\/\/laplomberieducanal.com\/wp-content\/uploads\/2021\/05\/Portrait-Albert-Frogeais_Catherine-Riverain.jpg","datePublished":"2023-09-22T13:22:26+00:00","dateModified":"2023-09-22T13:24:04+00:00","description":"Notre histoire commence en 1971, lorsque les entrep\u00f4ts \u00ab\u00a0Frigo Moisan\u00a0\u00bb cherchaient repreneurs. Odette et Albert Frogeais d\u00e9cident...","breadcrumb":{"@id":"https:\/\/laplomberieducanal.com\/index.php\/association-laplomberieducanal\/notre-histoire\/#breadcrumb"},"inLanguage":"fr-FR","potentialAction":[{"@type":"ReadAction","target":["https:\/\/laplomberieducanal.com\/index.php\/association-laplomberieducanal\/notre-histoire\/"]}]},{"@type":"ImageObject","inLanguage":"fr-FR","@id":"https:\/\/laplomberieducanal.com\/index.php\/association-laplomberieducanal\/notre-histoire\/#primaryimage","url":"https:\/\/i0.wp.com\/laplomberieducanal.com\/wp-content\/uploads\/2021\/05\/Portrait-Albert-Frogeais_Catherine-Riverain.jpg?fit=300%2C300&ssl=1","contentUrl":"https:\/\/i0.wp.com\/laplomberieducanal.com\/wp-content\/uploads\/2021\/05\/Portrait-Albert-Frogeais_Catherine-Riverain.jpg?fit=300%2C300&ssl=1","width":300,"height":300},{"@type":"BreadcrumbList","@id":"https:\/\/laplomberieducanal.com\/index.php\/association-laplomberieducanal\/notre-histoire\/#breadcrumb","itemListElement":[{"@type":"ListItem","position":1,"name":"Accueil","item":"https:\/\/laplomberieducanal.com\/"},{"@type":"ListItem","position":2,"name":"L&#8217;association","item":"https:\/\/laplomberieducanal.com\/index.php\/association-laplomberieducanal\/"},{"@type":"ListItem","position":3,"name":"Notre histoire"}]},{"@type":"WebSite","@id":"https:\/\/laplomberieducanal.com\/#website","url":"https:\/\/laplomberieducanal.com\/","name":"La Plomberie du Canal","description":"Association artistique et culturelle","publisher":{"@id":"https:\/\/laplomberieducanal.com\/#organization"},"potentialAction":[{"@type":"SearchAction","target":{"@type":"EntryPoint","urlTemplate":"https:\/\/laplomberieducanal.com\/?s={search_term_string}"},"query-input":"required name=search_term_string"}],"inLanguage":"fr-FR"},{"@type":"Organization","@id":"https:\/\/laplomberieducanal.com\/#organization","name":"La Plomberie du Canal","url":"https:\/\/laplomberieducanal.com\/","logo":{"@type":"ImageObject","inLanguage":"fr-FR","@id":"https:\/\/laplomberieducanal.com\/#\/schema\/logo\/image\/","url":"https:\/\/i0.wp.com\/laplomberieducanal.com\/wp-content\/uploads\/2023\/04\/cropped-Logo-La-Plomberie-du-Canal-couleur-sans-contour.png?fit=2105%2C1964&ssl=1","contentUrl":"https:\/\/i0.wp.com\/laplomberieducanal.com\/wp-content\/uploads\/2023\/04\/cropped-Logo-La-Plomberie-du-Canal-couleur-sans-contour.png?fit=2105%2C1964&ssl=1","width":2105,"height":1964,"caption":"La Plomberie du Canal"},"image":{"@id":"https:\/\/laplomberieducanal.com\/#\/schema\/logo\/image\/"}}]}},"jetpack_sharing_enabled":true,"jetpack_likes_enabled":true,"jetpack_shortlink":"https:\/\/wp.me\/PdRAvF-j","_links":{"self":[{"href":"https:\/\/laplomberieducanal.com\/index.php\/wp-json\/wp\/v2\/pages\/19"}],"collection":[{"href":"https:\/\/laplomberieducanal.com\/index.php\/wp-json\/wp\/v2\/pages"}],"about":[{"href":"https:\/\/laplomberieducanal.com\/index.php\/wp-json\/wp\/v2\/types\/page"}],"author":[{"embeddable":true,"href":"https:\/\/laplomberieducanal.com\/index.php\/wp-json\/wp\/v2\/users\/1"}],"replies":[{"embeddable":true,"href":"https:\/\/laplomberieducanal.com\/index.php\/wp-json\/wp\/v2\/comments?post=19"}],"version-history":[{"count":18,"href":"https:\/\/laplomberieducanal.com\/index.php\/wp-json\/wp\/v2\/pages\/19\/revisions"}],"predecessor-version":[{"id":1811,"href":"https:\/\/laplomberieducanal.com\/index.php\/wp-json\/wp\/v2\/pages\/19\/revisions\/1811"}],"up":[{"embeddable":true,"href":"https:\/\/laplomberieducanal.com\/index.php\/wp-json\/wp\/v2\/pages\/11"}],"wp:attachment":[{"href":"https:\/\/laplomberieducanal.com\/index.php\/wp-json\/wp\/v2\/media?parent=19"}],"curies":[{"name":"wp","href":"https:\/\/api.w.org\/{rel}","templated":true}]}}