{"id":246,"date":"2021-05-20T11:39:16","date_gmt":"2021-05-20T09:39:16","guid":{"rendered":"https:\/\/laplomberieducanal.com\/?page_id=246"},"modified":"2024-03-08T17:26:30","modified_gmt":"2024-03-08T16:26:30","slug":"nos-rendez-vous-des-evenements-artistiques-et-culturels","status":"publish","type":"page","link":"https:\/\/laplomberieducanal.com\/index.php\/nos-rendez-vous-des-evenements-artistiques-et-culturels\/","title":{"rendered":"Les rendez-vous"},"content":{"rendered":"\n<h2 class=\"wp-block-heading\">La Plomberie du Canal, c&rsquo;est une association d&rsquo;artistes qui se veulent acteurs de la vie socioculturelle rennaise.<\/h2>\n\n\n\n<p>Nous avons cr\u00e9\u00e9 diff\u00e9rents rendez-vous pour c\u00e9l\u00e9brer et promouvoir nos actions. <strong>Ces rendez-vous sont des \u00e9v\u00e9nements artistiques et culturels, essentiels \u00e0 la vie de notre association<\/strong>.<\/p>\n\n\n\n<h2 class=\"wp-block-heading has-text-color\" style=\"color:#a70048\">Les Cr\u00e9atifs<\/h2>\n\n\n\n<h3 class=\"wp-block-heading\">Le spectacle vivant fait partie int\u00e9grante de l\u2019identit\u00e9 de La Plomberie du Canal.<\/h3>\n\n\n\n<div class=\"wp-block-columns is-layout-flex wp-container-core-columns-is-layout-1 wp-block-columns-is-layout-flex\">\n<div class=\"wp-block-column is-vertically-aligned-center is-layout-flow wp-block-column-is-layout-flow\">\n<p>Depuis plus de 10 ans, nous menons de <strong>multiples projets artistiques \u00e0 destination de tous les publics<\/strong>. <\/p>\n\n\n\n<p>Fondamentalement <strong>pluridisciplinaires<\/strong>, nos spectacles int\u00e8grent \u00e0 la fois le th\u00e9\u00e2tre, l&rsquo;audiovisuel, les arts plastiques, toujours avec la m\u00eame passion et la m\u00eame envie. <\/p>\n\n\n\n<p>Seul en sc\u00e8ne ou \u00e0 plusieurs, <strong>les artistes de l&rsquo;association vous emm\u00e8nent d\u00e9couvrir leurs riches univers artistiques<\/strong>.<\/p>\n\n\n\n<p>D\u00e9couvrez en image les teaser de nos derni\u00e8res cr\u00e9ation sur notre cha\u00eene Youtube : <a href=\"https:\/\/studio.youtube.com\/playlist\/PLJ_UtmslJPHgyRUS35HuD-4OUyh3uM5Z7\/edit\">La Plomberie en images<\/a><\/p>\n<\/div>\n\n\n\n<div class=\"wp-block-column is-vertically-aligned-center is-layout-flow wp-block-column-is-layout-flow\">\n<figure class=\"wp-block-image size-large\"><img data-recalc-dims=\"1\" loading=\"lazy\" decoding=\"async\" width=\"1024\" height=\"1024\" data-attachment-id=\"938\" data-permalink=\"https:\/\/laplomberieducanal.com\/index.php\/nos-rendez-vous-des-evenements-artistiques-et-culturels\/rendez-vous-creatifs-1\/\" data-orig-file=\"https:\/\/i0.wp.com\/laplomberieducanal.com\/wp-content\/uploads\/2021\/06\/Rendez-vous-Creatifs-1.jpg?fit=1080%2C1080&amp;ssl=1\" data-orig-size=\"1080,1080\" data-comments-opened=\"1\" data-image-meta=\"{&quot;aperture&quot;:&quot;0&quot;,&quot;credit&quot;:&quot;&quot;,&quot;camera&quot;:&quot;&quot;,&quot;caption&quot;:&quot;&quot;,&quot;created_timestamp&quot;:&quot;0&quot;,&quot;copyright&quot;:&quot;&quot;,&quot;focal_length&quot;:&quot;0&quot;,&quot;iso&quot;:&quot;0&quot;,&quot;shutter_speed&quot;:&quot;0&quot;,&quot;title&quot;:&quot;&quot;,&quot;orientation&quot;:&quot;1&quot;}\" data-image-title=\"Rendez-vous-Creatifs-1\" data-image-description=\"&lt;p&gt;Patchwork de spectacles et d&amp;rsquo;animation&lt;\/p&gt;\n\" data-image-caption=\"&lt;p&gt;Une offre diversifi\u00e9e de spectacles et d&amp;rsquo;animatons tout public&lt;\/p&gt;\n\" data-medium-file=\"https:\/\/i0.wp.com\/laplomberieducanal.com\/wp-content\/uploads\/2021\/06\/Rendez-vous-Creatifs-1.jpg?fit=300%2C300&amp;ssl=1\" data-large-file=\"https:\/\/i0.wp.com\/laplomberieducanal.com\/wp-content\/uploads\/2021\/06\/Rendez-vous-Creatifs-1.jpg?fit=1024%2C1024&amp;ssl=1\" tabindex=\"0\" role=\"button\" src=\"https:\/\/i0.wp.com\/laplomberieducanal.com\/wp-content\/uploads\/2021\/06\/Rendez-vous-Creatifs-1.jpg?resize=1024%2C1024&#038;ssl=1\" alt=\"\" class=\"wp-image-938\" srcset=\"https:\/\/i0.wp.com\/laplomberieducanal.com\/wp-content\/uploads\/2021\/06\/Rendez-vous-Creatifs-1.jpg?resize=1024%2C1024&amp;ssl=1 1024w, https:\/\/i0.wp.com\/laplomberieducanal.com\/wp-content\/uploads\/2021\/06\/Rendez-vous-Creatifs-1.jpg?resize=300%2C300&amp;ssl=1 300w, https:\/\/i0.wp.com\/laplomberieducanal.com\/wp-content\/uploads\/2021\/06\/Rendez-vous-Creatifs-1.jpg?resize=150%2C150&amp;ssl=1 150w, https:\/\/i0.wp.com\/laplomberieducanal.com\/wp-content\/uploads\/2021\/06\/Rendez-vous-Creatifs-1.jpg?resize=768%2C768&amp;ssl=1 768w, https:\/\/i0.wp.com\/laplomberieducanal.com\/wp-content\/uploads\/2021\/06\/Rendez-vous-Creatifs-1.jpg?w=1080&amp;ssl=1 1080w\" sizes=\"(max-width: 1024px) 100vw, 1024px\" \/><\/figure>\n<\/div>\n<\/div>\n\n\n\n<div class=\"wp-block-buttons is-horizontal is-content-justification-center is-layout-flex wp-container-core-buttons-is-layout-1 wp-block-buttons-is-layout-flex\">\n<div class=\"wp-block-button\"><a class=\"wp-block-button__link has-background wp-element-button\" href=\"https:\/\/laplomberieducanal.com\/index.php\/rendez-vous\/creatifs\/\" style=\"background-color:#febe32\">Cr\u00e9atifs<\/a><\/div>\n<\/div>\n\n\n\n<h2 class=\"wp-block-heading has-text-color\" style=\"color:#a70048\">Les Temps Forts<\/h2>\n\n\n\n<h3 class=\"wp-block-heading\">Les Temps Forts sont des rendez-vous importants qui mettent en lumi\u00e8re les artistes et membres adh\u00e9rents de l\u2019association.<\/h3>\n\n\n\n<p>Parce que La Plomberie du Canal, c&rsquo;est <strong>la mise en lumi\u00e8re des arts et de la culture<\/strong>, nous mettons un point d\u2019honneur \u00e0 c\u00e9l\u00e9brer les artistes et les membres actifs de l\u2019association.<\/p>\n\n\n\n<div class=\"wp-block-columns is-layout-flex wp-container-core-columns-is-layout-2 wp-block-columns-is-layout-flex\">\n<div class=\"wp-block-column is-vertically-aligned-center is-layout-flow wp-block-column-is-layout-flow\">\n<p>Ils peuvent prendre diff\u00e9rentes formes&nbsp;:<\/p>\n\n\n\n<ul>\n<li><strong>Croc\u2019N Show&nbsp;<\/strong>: ap\u00e9ros ou go\u00fbters avec des extraits de spectacles<\/li>\n\n\n\n<li><strong>Portes Ouvertes&nbsp;<\/strong>: en soutien aux artistes et \u00e0 l\u2019association<\/li>\n\n\n\n<li><strong>Les anniversaires de l\u2019association&nbsp;<\/strong>: pour c\u00e9l\u00e9brer nos missions et nos actions sur le territoire rennais<\/li>\n<\/ul>\n\n\n\n<p>Et bien d\u2019autres \u00e0 venir&nbsp;!<\/p>\n\n\n\n<p>Les <strong>Temps Forts<\/strong> se d\u00e9roulent en journ\u00e9e uniquement&nbsp;: les mercredi et les week-ends pendant la p\u00e9riode scolaire ou pendant les vacances scolaires.<\/p>\n<\/div>\n\n\n\n<div class=\"wp-block-column is-vertically-aligned-center is-layout-flow wp-block-column-is-layout-flow\">\n<figure class=\"wp-block-image size-large\"><img data-recalc-dims=\"1\" loading=\"lazy\" decoding=\"async\" width=\"1024\" height=\"1024\" data-attachment-id=\"939\" data-permalink=\"https:\/\/laplomberieducanal.com\/index.php\/nos-rendez-vous-des-evenements-artistiques-et-culturels\/rendez-vous-temps-forts\/\" data-orig-file=\"https:\/\/i0.wp.com\/laplomberieducanal.com\/wp-content\/uploads\/2021\/06\/Rendez-vous-Temps-Forts.jpg?fit=1080%2C1080&amp;ssl=1\" data-orig-size=\"1080,1080\" data-comments-opened=\"1\" data-image-meta=\"{&quot;aperture&quot;:&quot;0&quot;,&quot;credit&quot;:&quot;&quot;,&quot;camera&quot;:&quot;&quot;,&quot;caption&quot;:&quot;&quot;,&quot;created_timestamp&quot;:&quot;0&quot;,&quot;copyright&quot;:&quot;&quot;,&quot;focal_length&quot;:&quot;0&quot;,&quot;iso&quot;:&quot;0&quot;,&quot;shutter_speed&quot;:&quot;0&quot;,&quot;title&quot;:&quot;&quot;,&quot;orientation&quot;:&quot;1&quot;}\" data-image-title=\"Rendez-vous-Temps-Forts\" data-image-description=\"\" data-image-caption=\"\" data-medium-file=\"https:\/\/i0.wp.com\/laplomberieducanal.com\/wp-content\/uploads\/2021\/06\/Rendez-vous-Temps-Forts.jpg?fit=300%2C300&amp;ssl=1\" data-large-file=\"https:\/\/i0.wp.com\/laplomberieducanal.com\/wp-content\/uploads\/2021\/06\/Rendez-vous-Temps-Forts.jpg?fit=1024%2C1024&amp;ssl=1\" tabindex=\"0\" role=\"button\" src=\"https:\/\/i0.wp.com\/laplomberieducanal.com\/wp-content\/uploads\/2021\/06\/Rendez-vous-Temps-Forts.jpg?resize=1024%2C1024&#038;ssl=1\" alt=\"\" class=\"wp-image-939\" srcset=\"https:\/\/i0.wp.com\/laplomberieducanal.com\/wp-content\/uploads\/2021\/06\/Rendez-vous-Temps-Forts.jpg?resize=1024%2C1024&amp;ssl=1 1024w, https:\/\/i0.wp.com\/laplomberieducanal.com\/wp-content\/uploads\/2021\/06\/Rendez-vous-Temps-Forts.jpg?resize=300%2C300&amp;ssl=1 300w, https:\/\/i0.wp.com\/laplomberieducanal.com\/wp-content\/uploads\/2021\/06\/Rendez-vous-Temps-Forts.jpg?resize=150%2C150&amp;ssl=1 150w, https:\/\/i0.wp.com\/laplomberieducanal.com\/wp-content\/uploads\/2021\/06\/Rendez-vous-Temps-Forts.jpg?resize=768%2C768&amp;ssl=1 768w, https:\/\/i0.wp.com\/laplomberieducanal.com\/wp-content\/uploads\/2021\/06\/Rendez-vous-Temps-Forts.jpg?w=1080&amp;ssl=1 1080w\" sizes=\"(max-width: 1024px) 100vw, 1024px\" \/><\/figure>\n<\/div>\n<\/div>\n\n\n\n<div class=\"wp-block-buttons is-horizontal is-content-justification-center is-layout-flex wp-container-core-buttons-is-layout-2 wp-block-buttons-is-layout-flex\">\n<div class=\"wp-block-button\"><a class=\"wp-block-button__link has-background wp-element-button\" href=\"https:\/\/laplomberieducanal.com\/index.php\/category\/temps-forts\/\" style=\"background-color:#febe32\">Temps Forts<\/a><\/div>\n<\/div>\n\n\n\n<p>Selon leur forme et la programmation, ils peuvent \u00eatre ouverts au public ou seulement aux adh\u00e9rents.<\/p>\n\n\n\n<h2 class=\"wp-block-heading has-text-color\" style=\"color:#a70048\">Les Solid&rsquo;Art<\/h2>\n\n\n\n<h3 class=\"wp-block-heading\">La Plomberie du Canal, c&rsquo;est aussi le soutien aux actions sociales du territoire.<\/h3>\n\n\n\n<div class=\"wp-block-columns is-layout-flex wp-container-core-columns-is-layout-3 wp-block-columns-is-layout-flex\">\n<div class=\"wp-block-column is-vertically-aligned-center is-layout-flow wp-block-column-is-layout-flow\">\n<p>\u00c0 l\u2019initiative des adh\u00e9rents de l\u2019association, nous organisons ou participons ponctuellement \u00e0 des <strong>\u00e9v\u00e9nements artistiques et culturels dans un but social et\/ou caritatif<\/strong>.<\/p>\n\n\n\n<p><strong>Fondamentales \u00e0 nos valeurs<\/strong>, nous valorisons les actions sociales men\u00e9es sur le territoire rennais en y participant activement&nbsp;!<\/p>\n\n\n\n<ul>\n<li>T\u00e9l\u00e9thon<\/li>\n\n\n\n<li>Petits d\u00e9jeuners de la parentalit\u00e9 avec les parents d\u2019enfants extraordinaires<\/li>\n\n\n\n<li>Interventions et animations artistiques en maison de retraite<\/li>\n<\/ul>\n<\/div>\n\n\n\n<div class=\"wp-block-column is-vertically-aligned-center is-layout-flow wp-block-column-is-layout-flow\">\n<figure class=\"wp-block-image size-large\"><img data-recalc-dims=\"1\" loading=\"lazy\" decoding=\"async\" width=\"1024\" height=\"1024\" data-attachment-id=\"941\" data-permalink=\"https:\/\/laplomberieducanal.com\/index.php\/nos-rendez-vous-des-evenements-artistiques-et-culturels\/rendez-vous-solidart\/\" data-orig-file=\"https:\/\/i0.wp.com\/laplomberieducanal.com\/wp-content\/uploads\/2021\/06\/Rendez-vous-SolidArt.jpg?fit=1080%2C1080&amp;ssl=1\" data-orig-size=\"1080,1080\" data-comments-opened=\"1\" data-image-meta=\"{&quot;aperture&quot;:&quot;0&quot;,&quot;credit&quot;:&quot;&quot;,&quot;camera&quot;:&quot;&quot;,&quot;caption&quot;:&quot;&quot;,&quot;created_timestamp&quot;:&quot;0&quot;,&quot;copyright&quot;:&quot;&quot;,&quot;focal_length&quot;:&quot;0&quot;,&quot;iso&quot;:&quot;0&quot;,&quot;shutter_speed&quot;:&quot;0&quot;,&quot;title&quot;:&quot;&quot;,&quot;orientation&quot;:&quot;1&quot;}\" data-image-title=\"Rendez-vous-SolidArt\" data-image-description=\"\" data-image-caption=\"\" data-medium-file=\"https:\/\/i0.wp.com\/laplomberieducanal.com\/wp-content\/uploads\/2021\/06\/Rendez-vous-SolidArt.jpg?fit=300%2C300&amp;ssl=1\" data-large-file=\"https:\/\/i0.wp.com\/laplomberieducanal.com\/wp-content\/uploads\/2021\/06\/Rendez-vous-SolidArt.jpg?fit=1024%2C1024&amp;ssl=1\" tabindex=\"0\" role=\"button\" src=\"https:\/\/i0.wp.com\/laplomberieducanal.com\/wp-content\/uploads\/2021\/06\/Rendez-vous-SolidArt.jpg?resize=1024%2C1024&#038;ssl=1\" alt=\"animations et\/ou \u00e9v\u00e9nements artistiques et culturels pour un but social ou caritatif\" class=\"wp-image-941\" srcset=\"https:\/\/i0.wp.com\/laplomberieducanal.com\/wp-content\/uploads\/2021\/06\/Rendez-vous-SolidArt.jpg?resize=1024%2C1024&amp;ssl=1 1024w, https:\/\/i0.wp.com\/laplomberieducanal.com\/wp-content\/uploads\/2021\/06\/Rendez-vous-SolidArt.jpg?resize=300%2C300&amp;ssl=1 300w, https:\/\/i0.wp.com\/laplomberieducanal.com\/wp-content\/uploads\/2021\/06\/Rendez-vous-SolidArt.jpg?resize=150%2C150&amp;ssl=1 150w, https:\/\/i0.wp.com\/laplomberieducanal.com\/wp-content\/uploads\/2021\/06\/Rendez-vous-SolidArt.jpg?resize=768%2C768&amp;ssl=1 768w, https:\/\/i0.wp.com\/laplomberieducanal.com\/wp-content\/uploads\/2021\/06\/Rendez-vous-SolidArt.jpg?w=1080&amp;ssl=1 1080w\" sizes=\"(max-width: 1024px) 100vw, 1024px\" \/><\/figure>\n<\/div>\n<\/div>\n\n\n\n<div class=\"wp-block-buttons is-horizontal is-content-justification-center is-layout-flex wp-container-core-buttons-is-layout-3 wp-block-buttons-is-layout-flex\">\n<div class=\"wp-block-button\"><a class=\"wp-block-button__link has-background wp-element-button\" href=\"https:\/\/laplomberieducanal.com\/index.php\/category\/solid-art\/\" style=\"background-color:#febe32\">Solid&rsquo;Art<\/a><\/div>\n<\/div>\n\n\n\n<p>Nous nous associons aussi avec d\u2019autres organismes lors des Solid\u2019Art&nbsp;: la Maison Bleue, les Maisons de retraites, les CCAS et bien d\u2019autres encore.<\/p>\n","protected":false},"excerpt":{"rendered":"<p>La Plomberie du Canal, c&rsquo;est une association d&rsquo;artistes qui se veulent acteurs de la vie socioculturelle rennaise. Nous avons cr\u00e9\u00e9 diff\u00e9rents rendez-vous pour c\u00e9l\u00e9brer et promouvoir nos actions. Ces rendez-vous sont des \u00e9v\u00e9nements artistiques et culturels, essentiels \u00e0 la vie de notre association. Les Cr\u00e9atifs Le spectacle vivant fait partie int\u00e9grante de l\u2019identit\u00e9 de La&hellip; <br \/> <a class=\"read-more\" href=\"https:\/\/laplomberieducanal.com\/index.php\/nos-rendez-vous-des-evenements-artistiques-et-culturels\/\">Lire la suite<\/a><\/p>\n","protected":false},"author":1,"featured_media":0,"parent":0,"menu_order":0,"comment_status":"open","ping_status":"closed","template":"","meta":{"footnotes":""},"yoast_head":"<!-- This site is optimized with the Yoast SEO plugin v23.0 - https:\/\/yoast.com\/wordpress\/plugins\/seo\/ -->\n<title>Les rendez-vous - \u00e9v\u00e9nements artistiques et culturels<\/title>\n<meta name=\"description\" content=\"Nos rendez-vous sont des \u00e9v\u00e9nements artistiques et culturels pour tous les publics, essentiels \u00e0 la vie de notre association.\" \/>\n<meta name=\"robots\" content=\"index, follow, max-snippet:-1, max-image-preview:large, max-video-preview:-1\" \/>\n<link rel=\"canonical\" href=\"https:\/\/laplomberieducanal.com\/index.php\/nos-rendez-vous-des-evenements-artistiques-et-culturels\/\" \/>\n<meta property=\"og:locale\" content=\"fr_FR\" \/>\n<meta property=\"og:type\" content=\"article\" \/>\n<meta property=\"og:title\" content=\"Les rendez-vous - \u00e9v\u00e9nements artistiques et culturels\" \/>\n<meta property=\"og:description\" content=\"Nos rendez-vous sont des \u00e9v\u00e9nements artistiques et culturels pour tous les publics, essentiels \u00e0 la vie de notre association.\" \/>\n<meta property=\"og:url\" content=\"https:\/\/laplomberieducanal.com\/index.php\/nos-rendez-vous-des-evenements-artistiques-et-culturels\/\" \/>\n<meta property=\"og:site_name\" content=\"La Plomberie du Canal\" \/>\n<meta property=\"article:modified_time\" content=\"2024-03-08T16:26:30+00:00\" \/>\n<meta property=\"og:image\" content=\"https:\/\/laplomberieducanal.com\/wp-content\/uploads\/2021\/06\/Rendez-vous-Creatifs-1-1024x1024.jpg\" \/>\n<meta name=\"twitter:card\" content=\"summary_large_image\" \/>\n<meta name=\"twitter:label1\" content=\"Dur\u00e9e de lecture estim\u00e9e\" \/>\n\t<meta name=\"twitter:data1\" content=\"3 minutes\" \/>\n<script type=\"application\/ld+json\" class=\"yoast-schema-graph\">{\"@context\":\"https:\/\/schema.org\",\"@graph\":[{\"@type\":\"WebPage\",\"@id\":\"https:\/\/laplomberieducanal.com\/index.php\/nos-rendez-vous-des-evenements-artistiques-et-culturels\/\",\"url\":\"https:\/\/laplomberieducanal.com\/index.php\/nos-rendez-vous-des-evenements-artistiques-et-culturels\/\",\"name\":\"Les rendez-vous - \u00e9v\u00e9nements artistiques et culturels\",\"isPartOf\":{\"@id\":\"https:\/\/laplomberieducanal.com\/#website\"},\"primaryImageOfPage\":{\"@id\":\"https:\/\/laplomberieducanal.com\/index.php\/nos-rendez-vous-des-evenements-artistiques-et-culturels\/#primaryimage\"},\"image\":{\"@id\":\"https:\/\/laplomberieducanal.com\/index.php\/nos-rendez-vous-des-evenements-artistiques-et-culturels\/#primaryimage\"},\"thumbnailUrl\":\"https:\/\/laplomberieducanal.com\/wp-content\/uploads\/2021\/06\/Rendez-vous-Creatifs-1-1024x1024.jpg\",\"datePublished\":\"2021-05-20T09:39:16+00:00\",\"dateModified\":\"2024-03-08T16:26:30+00:00\",\"description\":\"Nos rendez-vous sont des \u00e9v\u00e9nements artistiques et culturels pour tous les publics, essentiels \u00e0 la vie de notre association.\",\"breadcrumb\":{\"@id\":\"https:\/\/laplomberieducanal.com\/index.php\/nos-rendez-vous-des-evenements-artistiques-et-culturels\/#breadcrumb\"},\"inLanguage\":\"fr-FR\",\"potentialAction\":[{\"@type\":\"ReadAction\",\"target\":[\"https:\/\/laplomberieducanal.com\/index.php\/nos-rendez-vous-des-evenements-artistiques-et-culturels\/\"]}]},{\"@type\":\"ImageObject\",\"inLanguage\":\"fr-FR\",\"@id\":\"https:\/\/laplomberieducanal.com\/index.php\/nos-rendez-vous-des-evenements-artistiques-et-culturels\/#primaryimage\",\"url\":\"https:\/\/i0.wp.com\/laplomberieducanal.com\/wp-content\/uploads\/2021\/06\/Rendez-vous-Creatifs-1.jpg?fit=1080%2C1080&ssl=1\",\"contentUrl\":\"https:\/\/i0.wp.com\/laplomberieducanal.com\/wp-content\/uploads\/2021\/06\/Rendez-vous-Creatifs-1.jpg?fit=1080%2C1080&ssl=1\",\"width\":1080,\"height\":1080,\"caption\":\"Une offre diversifi\u00e9e de spectacles et d'animatons tout public\"},{\"@type\":\"BreadcrumbList\",\"@id\":\"https:\/\/laplomberieducanal.com\/index.php\/nos-rendez-vous-des-evenements-artistiques-et-culturels\/#breadcrumb\",\"itemListElement\":[{\"@type\":\"ListItem\",\"position\":1,\"name\":\"Accueil\",\"item\":\"https:\/\/laplomberieducanal.com\/\"},{\"@type\":\"ListItem\",\"position\":2,\"name\":\"Les rendez-vous\"}]},{\"@type\":\"WebSite\",\"@id\":\"https:\/\/laplomberieducanal.com\/#website\",\"url\":\"https:\/\/laplomberieducanal.com\/\",\"name\":\"La Plomberie du Canal\",\"description\":\"Association artistique et culturelle\",\"publisher\":{\"@id\":\"https:\/\/laplomberieducanal.com\/#organization\"},\"potentialAction\":[{\"@type\":\"SearchAction\",\"target\":{\"@type\":\"EntryPoint\",\"urlTemplate\":\"https:\/\/laplomberieducanal.com\/?s={search_term_string}\"},\"query-input\":\"required name=search_term_string\"}],\"inLanguage\":\"fr-FR\"},{\"@type\":\"Organization\",\"@id\":\"https:\/\/laplomberieducanal.com\/#organization\",\"name\":\"La Plomberie du Canal\",\"url\":\"https:\/\/laplomberieducanal.com\/\",\"logo\":{\"@type\":\"ImageObject\",\"inLanguage\":\"fr-FR\",\"@id\":\"https:\/\/laplomberieducanal.com\/#\/schema\/logo\/image\/\",\"url\":\"https:\/\/i0.wp.com\/laplomberieducanal.com\/wp-content\/uploads\/2023\/04\/cropped-Logo-La-Plomberie-du-Canal-couleur-sans-contour.png?fit=2105%2C1964&ssl=1\",\"contentUrl\":\"https:\/\/i0.wp.com\/laplomberieducanal.com\/wp-content\/uploads\/2023\/04\/cropped-Logo-La-Plomberie-du-Canal-couleur-sans-contour.png?fit=2105%2C1964&ssl=1\",\"width\":2105,\"height\":1964,\"caption\":\"La Plomberie du Canal\"},\"image\":{\"@id\":\"https:\/\/laplomberieducanal.com\/#\/schema\/logo\/image\/\"}}]}<\/script>\n<!-- \/ Yoast SEO plugin. -->","yoast_head_json":{"title":"Les rendez-vous - \u00e9v\u00e9nements artistiques et culturels","description":"Nos rendez-vous sont des \u00e9v\u00e9nements artistiques et culturels pour tous les publics, essentiels \u00e0 la vie de notre association.","robots":{"index":"index","follow":"follow","max-snippet":"max-snippet:-1","max-image-preview":"max-image-preview:large","max-video-preview":"max-video-preview:-1"},"canonical":"https:\/\/laplomberieducanal.com\/index.php\/nos-rendez-vous-des-evenements-artistiques-et-culturels\/","og_locale":"fr_FR","og_type":"article","og_title":"Les rendez-vous - \u00e9v\u00e9nements artistiques et culturels","og_description":"Nos rendez-vous sont des \u00e9v\u00e9nements artistiques et culturels pour tous les publics, essentiels \u00e0 la vie de notre association.","og_url":"https:\/\/laplomberieducanal.com\/index.php\/nos-rendez-vous-des-evenements-artistiques-et-culturels\/","og_site_name":"La Plomberie du Canal","article_modified_time":"2024-03-08T16:26:30+00:00","og_image":[{"url":"https:\/\/laplomberieducanal.com\/wp-content\/uploads\/2021\/06\/Rendez-vous-Creatifs-1-1024x1024.jpg"}],"twitter_card":"summary_large_image","twitter_misc":{"Dur\u00e9e de lecture estim\u00e9e":"3 minutes"},"schema":{"@context":"https:\/\/schema.org","@graph":[{"@type":"WebPage","@id":"https:\/\/laplomberieducanal.com\/index.php\/nos-rendez-vous-des-evenements-artistiques-et-culturels\/","url":"https:\/\/laplomberieducanal.com\/index.php\/nos-rendez-vous-des-evenements-artistiques-et-culturels\/","name":"Les rendez-vous - \u00e9v\u00e9nements artistiques et culturels","isPartOf":{"@id":"https:\/\/laplomberieducanal.com\/#website"},"primaryImageOfPage":{"@id":"https:\/\/laplomberieducanal.com\/index.php\/nos-rendez-vous-des-evenements-artistiques-et-culturels\/#primaryimage"},"image":{"@id":"https:\/\/laplomberieducanal.com\/index.php\/nos-rendez-vous-des-evenements-artistiques-et-culturels\/#primaryimage"},"thumbnailUrl":"https:\/\/laplomberieducanal.com\/wp-content\/uploads\/2021\/06\/Rendez-vous-Creatifs-1-1024x1024.jpg","datePublished":"2021-05-20T09:39:16+00:00","dateModified":"2024-03-08T16:26:30+00:00","description":"Nos rendez-vous sont des \u00e9v\u00e9nements artistiques et culturels pour tous les publics, essentiels \u00e0 la vie de notre association.","breadcrumb":{"@id":"https:\/\/laplomberieducanal.com\/index.php\/nos-rendez-vous-des-evenements-artistiques-et-culturels\/#breadcrumb"},"inLanguage":"fr-FR","potentialAction":[{"@type":"ReadAction","target":["https:\/\/laplomberieducanal.com\/index.php\/nos-rendez-vous-des-evenements-artistiques-et-culturels\/"]}]},{"@type":"ImageObject","inLanguage":"fr-FR","@id":"https:\/\/laplomberieducanal.com\/index.php\/nos-rendez-vous-des-evenements-artistiques-et-culturels\/#primaryimage","url":"https:\/\/i0.wp.com\/laplomberieducanal.com\/wp-content\/uploads\/2021\/06\/Rendez-vous-Creatifs-1.jpg?fit=1080%2C1080&ssl=1","contentUrl":"https:\/\/i0.wp.com\/laplomberieducanal.com\/wp-content\/uploads\/2021\/06\/Rendez-vous-Creatifs-1.jpg?fit=1080%2C1080&ssl=1","width":1080,"height":1080,"caption":"Une offre diversifi\u00e9e de spectacles et d'animatons tout public"},{"@type":"BreadcrumbList","@id":"https:\/\/laplomberieducanal.com\/index.php\/nos-rendez-vous-des-evenements-artistiques-et-culturels\/#breadcrumb","itemListElement":[{"@type":"ListItem","position":1,"name":"Accueil","item":"https:\/\/laplomberieducanal.com\/"},{"@type":"ListItem","position":2,"name":"Les rendez-vous"}]},{"@type":"WebSite","@id":"https:\/\/laplomberieducanal.com\/#website","url":"https:\/\/laplomberieducanal.com\/","name":"La Plomberie du Canal","description":"Association artistique et culturelle","publisher":{"@id":"https:\/\/laplomberieducanal.com\/#organization"},"potentialAction":[{"@type":"SearchAction","target":{"@type":"EntryPoint","urlTemplate":"https:\/\/laplomberieducanal.com\/?s={search_term_string}"},"query-input":"required name=search_term_string"}],"inLanguage":"fr-FR"},{"@type":"Organization","@id":"https:\/\/laplomberieducanal.com\/#organization","name":"La Plomberie du Canal","url":"https:\/\/laplomberieducanal.com\/","logo":{"@type":"ImageObject","inLanguage":"fr-FR","@id":"https:\/\/laplomberieducanal.com\/#\/schema\/logo\/image\/","url":"https:\/\/i0.wp.com\/laplomberieducanal.com\/wp-content\/uploads\/2023\/04\/cropped-Logo-La-Plomberie-du-Canal-couleur-sans-contour.png?fit=2105%2C1964&ssl=1","contentUrl":"https:\/\/i0.wp.com\/laplomberieducanal.com\/wp-content\/uploads\/2023\/04\/cropped-Logo-La-Plomberie-du-Canal-couleur-sans-contour.png?fit=2105%2C1964&ssl=1","width":2105,"height":1964,"caption":"La Plomberie du Canal"},"image":{"@id":"https:\/\/laplomberieducanal.com\/#\/schema\/logo\/image\/"}}]}},"jetpack_sharing_enabled":true,"jetpack_likes_enabled":true,"jetpack_shortlink":"https:\/\/wp.me\/PdRAvF-3Y","_links":{"self":[{"href":"https:\/\/laplomberieducanal.com\/index.php\/wp-json\/wp\/v2\/pages\/246"}],"collection":[{"href":"https:\/\/laplomberieducanal.com\/index.php\/wp-json\/wp\/v2\/pages"}],"about":[{"href":"https:\/\/laplomberieducanal.com\/index.php\/wp-json\/wp\/v2\/types\/page"}],"author":[{"embeddable":true,"href":"https:\/\/laplomberieducanal.com\/index.php\/wp-json\/wp\/v2\/users\/1"}],"replies":[{"embeddable":true,"href":"https:\/\/laplomberieducanal.com\/index.php\/wp-json\/wp\/v2\/comments?post=246"}],"version-history":[{"count":6,"href":"https:\/\/laplomberieducanal.com\/index.php\/wp-json\/wp\/v2\/pages\/246\/revisions"}],"predecessor-version":[{"id":2050,"href":"https:\/\/laplomberieducanal.com\/index.php\/wp-json\/wp\/v2\/pages\/246\/revisions\/2050"}],"wp:attachment":[{"href":"https:\/\/laplomberieducanal.com\/index.php\/wp-json\/wp\/v2\/media?parent=246"}],"curies":[{"name":"wp","href":"https:\/\/api.w.org\/{rel}","templated":true}]}}