{"id":51,"date":"2023-07-25T10:34:00","date_gmt":"2023-07-25T08:34:00","guid":{"rendered":"https:\/\/laplomberieducanal.com\/?page_id=51"},"modified":"2025-08-18T13:32:46","modified_gmt":"2025-08-18T11:32:46","slug":"location-espace-scenique-et-jardin-residences-artistiques","status":"publish","type":"page","link":"https:\/\/laplomberieducanal.com\/index.php\/hang-art\/location-espace-scenique-et-jardin-residences-artistiques\/","title":{"rendered":"Location espace sc\u00e9nique et jardin"},"content":{"rendered":"\n<h2 class=\"wp-block-heading\"> Le Hang\u2019Art de La Plomberie du Canal vous accueille en r\u00e9sidences artistiques tout au long de l\u2019ann\u00e9e.<\/h2>\n\n\n\n<div class=\"wp-block-columns is-layout-flex wp-container-core-columns-is-layout-1 wp-block-columns-is-layout-flex\">\n<div class=\"wp-block-column is-vertically-aligned-center is-layout-flow wp-block-column-is-layout-flow\">\n<p class=\"has-black-color has-text-color has-medium-font-size\">Location espace sc\u00e9nique et jardin \u00e0 Rennes : <\/p>\n\n\n\n<p class=\"has-black-color has-text-color has-medium-font-size\">Dans le cadre unique des <strong>Prairies Saint-Martin<\/strong>, proches du centre ville et de l\u2019acc\u00e8s \u00e0 la rocade.<\/p>\n\n\n\n<p class=\"has-black-color has-text-color has-medium-font-size\"><strong>La Plomberie du Canal<\/strong> met \u00e0 votre disposition un <strong>espace sc\u00e9nique <\/strong>de <strong>70m\u00b2<\/strong> (appel\u00e9 <strong>Salle Albert<\/strong>). Vous pouvez <strong>louer cet espace <\/strong>avec un <strong>acc\u00e8s au jardin<\/strong>. Pour une <strong>utilisation \u00e9v\u00e9nementielle<\/strong> du jardin, merci de <strong>nous <a href=\"https:\/\/laplomberieducanal.com\/index.php\/contact-la-plomberie-du-canal-association-artistique-et-culturelle\/\"><mark style=\"background-color:rgba(0, 0, 0, 0);color:#0742f4\" class=\"has-inline-color\">contacter<\/mark><\/a> pour les tarifs.<\/strong> Disponible \u00e0 la <strong>location toute l&rsquo;ann\u00e9e<\/strong> au <a href=\"https:\/\/youtu.be\/Z8zmPjZ_q4w\"><strong><mark style=\"background-color:rgba(0, 0, 0, 0);color:#0742f4\" class=\"has-inline-color\">44, Canal Saint-Martin <\/mark><\/strong><\/a> \u00e0 <strong>Rennes<\/strong>. <\/p>\n\n\n\n<p class=\"has-black-color has-text-color has-medium-font-size\">Vous pourrez cr\u00e9er, exp\u00e9rimenter et tester, grandeur nature, vos diff\u00e9rents projets artistiques.<\/p>\n<\/div>\n\n\n\n<div class=\"wp-block-column is-vertically-aligned-center is-layout-flow wp-block-column-is-layout-flow\">\n<figure class=\"wp-block-image size-large\"><img data-recalc-dims=\"1\" loading=\"lazy\" decoding=\"async\" width=\"1024\" height=\"631\" data-attachment-id=\"967\" data-permalink=\"https:\/\/laplomberieducanal.com\/index.php\/hang-art\/location-espace-scenique-et-jardin-residences-artistiques\/espace-public\/\" data-orig-file=\"https:\/\/i0.wp.com\/laplomberieducanal.com\/wp-content\/uploads\/2021\/06\/Espace-public.jpg?fit=1080%2C665&amp;ssl=1\" data-orig-size=\"1080,665\" data-comments-opened=\"1\" data-image-meta=\"{&quot;aperture&quot;:&quot;0&quot;,&quot;credit&quot;:&quot;&quot;,&quot;camera&quot;:&quot;&quot;,&quot;caption&quot;:&quot;&quot;,&quot;created_timestamp&quot;:&quot;1624030148&quot;,&quot;copyright&quot;:&quot;&quot;,&quot;focal_length&quot;:&quot;0&quot;,&quot;iso&quot;:&quot;0&quot;,&quot;shutter_speed&quot;:&quot;0&quot;,&quot;title&quot;:&quot;&quot;,&quot;orientation&quot;:&quot;1&quot;}\" data-image-title=\"Espace-public\" data-image-description=\"\" data-image-caption=\"\" data-medium-file=\"https:\/\/i0.wp.com\/laplomberieducanal.com\/wp-content\/uploads\/2021\/06\/Espace-public.jpg?fit=300%2C185&amp;ssl=1\" data-large-file=\"https:\/\/i0.wp.com\/laplomberieducanal.com\/wp-content\/uploads\/2021\/06\/Espace-public.jpg?fit=1024%2C631&amp;ssl=1\" tabindex=\"0\" role=\"button\" src=\"https:\/\/i0.wp.com\/laplomberieducanal.com\/wp-content\/uploads\/2021\/06\/Espace-public.jpg?resize=1024%2C631&#038;ssl=1\" alt=\"\" class=\"wp-image-967\" srcset=\"https:\/\/i0.wp.com\/laplomberieducanal.com\/wp-content\/uploads\/2021\/06\/Espace-public.jpg?resize=1024%2C631&amp;ssl=1 1024w, https:\/\/i0.wp.com\/laplomberieducanal.com\/wp-content\/uploads\/2021\/06\/Espace-public.jpg?resize=300%2C185&amp;ssl=1 300w, https:\/\/i0.wp.com\/laplomberieducanal.com\/wp-content\/uploads\/2021\/06\/Espace-public.jpg?resize=768%2C473&amp;ssl=1 768w, https:\/\/i0.wp.com\/laplomberieducanal.com\/wp-content\/uploads\/2021\/06\/Espace-public.jpg?w=1080&amp;ssl=1 1080w\" sizes=\"(max-width: 1024px) 100vw, 1024px\" \/><\/figure>\n<\/div>\n<\/div>\n\n\n\n<div class=\"wp-block-columns is-layout-flex wp-container-core-columns-is-layout-2 wp-block-columns-is-layout-flex\">\n<div class=\"wp-block-column is-layout-flow wp-block-column-is-layout-flow\">\n<figure class=\"wp-block-image size-large is-style-default\"><img data-recalc-dims=\"1\" loading=\"lazy\" decoding=\"async\" width=\"1024\" height=\"734\" data-attachment-id=\"1470\" data-permalink=\"https:\/\/laplomberieducanal.com\/turi-ukwa-1-2\/\" data-orig-file=\"https:\/\/i0.wp.com\/laplomberieducanal.com\/wp-content\/uploads\/2023\/07\/cropped-Turi-ukwa-1-scaled-1.jpg?fit=2367%2C1696&amp;ssl=1\" data-orig-size=\"2367,1696\" data-comments-opened=\"1\" data-image-meta=\"{&quot;aperture&quot;:&quot;0&quot;,&quot;credit&quot;:&quot;&quot;,&quot;camera&quot;:&quot;&quot;,&quot;caption&quot;:&quot;&quot;,&quot;created_timestamp&quot;:&quot;0&quot;,&quot;copyright&quot;:&quot;&quot;,&quot;focal_length&quot;:&quot;0&quot;,&quot;iso&quot;:&quot;0&quot;,&quot;shutter_speed&quot;:&quot;0&quot;,&quot;title&quot;:&quot;&quot;,&quot;orientation&quot;:&quot;0&quot;}\" data-image-title=\"jardin\" data-image-description=\"&lt;p&gt;https:\/\/laplomberieducanal.com\/wp-content\/uploads\/2023\/07\/cropped-Turi-ukwa-1-scaled-1.jpg&lt;\/p&gt;\n\" data-image-caption=\"\" data-medium-file=\"https:\/\/i0.wp.com\/laplomberieducanal.com\/wp-content\/uploads\/2023\/07\/cropped-Turi-ukwa-1-scaled-1.jpg?fit=300%2C215&amp;ssl=1\" data-large-file=\"https:\/\/i0.wp.com\/laplomberieducanal.com\/wp-content\/uploads\/2023\/07\/cropped-Turi-ukwa-1-scaled-1.jpg?fit=1024%2C734&amp;ssl=1\" tabindex=\"0\" role=\"button\" src=\"https:\/\/i0.wp.com\/laplomberieducanal.com\/wp-content\/uploads\/2023\/07\/cropped-Turi-ukwa-1-scaled-1.jpg?resize=1024%2C734&#038;ssl=1\" alt=\"location espace sc\u00e9nique et jardin\" class=\"wp-image-1470\" srcset=\"https:\/\/i0.wp.com\/laplomberieducanal.com\/wp-content\/uploads\/2023\/07\/cropped-Turi-ukwa-1-scaled-1.jpg?resize=1024%2C734&amp;ssl=1 1024w, https:\/\/i0.wp.com\/laplomberieducanal.com\/wp-content\/uploads\/2023\/07\/cropped-Turi-ukwa-1-scaled-1.jpg?resize=300%2C215&amp;ssl=1 300w, https:\/\/i0.wp.com\/laplomberieducanal.com\/wp-content\/uploads\/2023\/07\/cropped-Turi-ukwa-1-scaled-1.jpg?resize=768%2C550&amp;ssl=1 768w, https:\/\/i0.wp.com\/laplomberieducanal.com\/wp-content\/uploads\/2023\/07\/cropped-Turi-ukwa-1-scaled-1.jpg?resize=1536%2C1101&amp;ssl=1 1536w, https:\/\/i0.wp.com\/laplomberieducanal.com\/wp-content\/uploads\/2023\/07\/cropped-Turi-ukwa-1-scaled-1.jpg?resize=2048%2C1467&amp;ssl=1 2048w, https:\/\/i0.wp.com\/laplomberieducanal.com\/wp-content\/uploads\/2023\/07\/cropped-Turi-ukwa-1-scaled-1.jpg?resize=1507%2C1080&amp;ssl=1 1507w\" sizes=\"(max-width: 1024px) 100vw, 1024px\" \/><\/figure>\n<\/div>\n\n\n\n<div class=\"wp-block-column is-vertically-aligned-center is-layout-flow wp-block-column-is-layout-flow\">\n<blockquote class=\"wp-block-quote is-style-default has-black-color has-text-color has-medium-font-size is-layout-flow wp-block-quote-is-layout-flow\">\n<p class=\"has-black-color has-text-color has-medium-font-size\"><em>Notre but&nbsp;: partager et promouvoir la cr\u00e9ation artistique sous toutes ses formes.<\/em><\/p>\n<cite>Eddy Frogeais, directeur artistique et p\u00e9dagogique<\/cite><\/blockquote>\n\n\n\n<div class=\"wp-block-buttons is-horizontal is-content-justification-center is-layout-flex wp-container-core-buttons-is-layout-1 wp-block-buttons-is-layout-flex\">\n<div class=\"wp-block-button\"><a class=\"wp-block-button__link has-background wp-element-button\" href=\"https:\/\/laplomberieducanal.com\/index.php\/hang-art\/agenda-des-locations\/\" style=\"background-color:#a70042\">Voir l&rsquo;agenda des locations<\/a><\/div>\n\n\n\n<div class=\"wp-block-button\"><a class=\"wp-block-button__link has-background wp-element-button\" href=\"https:\/\/laplomberieducanal.com\/index.php\/association-laplomberieducanal\/\" style=\"background-color:#febe32\">D\u00e9couvrir notre association<\/a><\/div>\n<\/div>\n\n\n\n<p><\/p>\n<\/div>\n<\/div>\n\n\n\n<div style=\"height:20px\" aria-hidden=\"true\" class=\"wp-block-spacer\"><\/div>\n\n\n\n<h2 class=\"wp-block-heading has-text-color has-large-font-size\" style=\"color:#a70042\">Pour louer l&rsquo;espace sc\u00e9nique et le jardin, voici nos informations et tarifs de location<\/h2>\n\n\n\n<div class=\"wp-block-buttons is-content-justification-center is-layout-flex wp-container-core-buttons-is-layout-2 wp-block-buttons-is-layout-flex\">\n<div class=\"wp-block-button\"><a class=\"wp-block-button__link has-background wp-element-button\" href=\"https:\/\/laplomberieducanal.com\/wp-content\/uploads\/2021\/05\/Consignes-de-mises-a-disposition.pdf\" style=\"background-color:#a70042\">Voir nos consignes<\/a><\/div>\n<\/div>\n\n\n\n<div style=\"height:5px\" aria-hidden=\"true\" class=\"wp-block-spacer\"><\/div>\n\n\n\n<div class=\"wp-block-buttons is-content-justification-center is-layout-flex wp-container-core-buttons-is-layout-3 wp-block-buttons-is-layout-flex\">\n<div class=\"wp-block-button is-style-outline\"><a class=\"wp-block-button__link has-black-color has-text-color has-background wp-element-button\" href=\"https:\/\/laplomberieducanal.com\/wp-content\/uploads\/2025\/08\/Tarifs-de-mise-a-disposition-2025-2026.pdf\" style=\"background-color:#febe32\" target=\"_blank\" rel=\"noreferrer noopener\">Voir nos tarifs<\/a><\/div>\n<\/div>\n\n\n\n<div style=\"height:20px\" aria-hidden=\"true\" class=\"wp-block-spacer\"><\/div>\n\n\n\n<p class=\"has-black-color has-text-color has-medium-font-size\"><a href=\"https:\/\/laplomberieducanal.com\/index.php\/association-laplomberieducanal\/equipe\/\"><mark style=\"background-color:rgba(0, 0, 0, 0);color:#0742f4\" class=\"has-inline-color\">L&rsquo;\u00e9quipe de La Plomberie du Canal<\/mark><\/a> met tout en \u0153uvre pour offrir un espace sc\u00e9nique o\u00f9 la libert\u00e9 artistique est reine, o\u00f9 les id\u00e9es s&rsquo;\u00e9panouissent sans contrainte et o\u00f9 les collaborations \u00e9mergent naturellement.<\/p>\n\n\n\n<p class=\"has-black-color has-text-color has-medium-font-size\">En louant l&rsquo;espace sc\u00e9nique et\/ou le jardin, nous cultivons un environnement o\u00f9 l&rsquo;expression artistique et culturelle est c\u00e9l\u00e9br\u00e9e, respect\u00e9e et promue sous toutes ses formes.<\/p>\n\n\n\n<div style=\"height:20px\" aria-hidden=\"true\" class=\"wp-block-spacer\"><\/div>\n\n\n\n<h2 class=\"wp-block-heading\">Location de l&rsquo;espace sc\u00e9nique par des <a href=\"https:\/\/laplomberieducanal.com\/index.php\/association-laplomberieducanal\/partenaires\/\">artistes en r\u00e9sidence<\/a><\/h2>\n\n\n\n<p class=\"has-black-color has-text-color has-medium-font-size\">Depuis 2009, notre association accueille une grande vari\u00e9t\u00e9 d&rsquo;artistes talentueux : com\u00e9diens, musiciens, marionnettistes, plasticiens, humoristes, slameurs, danseurs, body artists, photographes, et bien d&rsquo;autres encore.<\/p>\n\n\n\n<p class=\"has-black-color has-text-color has-medium-font-size\">Au-del\u00e0 de leurs diff\u00e9rences artistiques, ils partagent tous une essence commune. Celle de belles personnes qui travaillent avec acharnement et passion. Afin de donner vie \u00e0 leurs projets et continuer \u00e0 inspirer le plus grand nombre.<\/p>\n\n\n\n<div class=\"wp-block-buttons is-horizontal is-content-justification-center is-layout-flex wp-container-core-buttons-is-layout-4 wp-block-buttons-is-layout-flex\">\n<div class=\"wp-block-button\"><a class=\"wp-block-button__link has-background wp-element-button\" href=\"https:\/\/laplomberieducanal.com\/wp-content\/uploads\/2023\/09\/Formulaire-dadhesion-inscription-2025-2026.pdf\" style=\"background-color:#febe32\">Demander une r\u00e9servation<\/a><\/div>\n<\/div>\n\n\n\n<h2 class=\"wp-block-heading\">Notre espace sc\u00e9nique a un petit quelque chose \u00e0 vous dire<\/h2>\n\n\n\n<p class=\"has-black-color has-text-color has-medium-font-size\">Retrouvez les \u00e9v\u00e9nements qui se sont d\u00e9roul\u00e9s dans le Hang\u2019Art en nous suivant sur nos diff\u00e9rents r\u00e9seaux sociaux. Notamment sur&nbsp;<a href=\"https:\/\/www.instagram.com\/plomberieducanal\/\">Instagram<\/a>,&nbsp;<a href=\"https:\/\/www.facebook.com\/PlomberieduCanal\/\">Facebook&nbsp;<\/a>et&nbsp;<a href=\"https:\/\/www.youtube.com\/@laplomberieducanal\">YouTube<\/a>  ! <\/p>\n\n\n\n<p class=\"has-black-color has-text-color has-medium-font-size\">Vous pouvez soutenir l\u2019acc\u00e8s \u00e0 l\u2019art et \u00e0 la culture pour tous, en partageant, en donnant votre avis et en likant nos diff\u00e9rentes publications.<\/p>\n\n\n\n<p><\/p>\n","protected":false},"excerpt":{"rendered":"<p>Le Hang\u2019Art de La Plomberie du Canal vous accueille en r\u00e9sidences artistiques tout au long de l\u2019ann\u00e9e. Location espace sc\u00e9nique et jardin \u00e0 Rennes : Dans le cadre unique des Prairies Saint-Martin, proches du centre ville et de l\u2019acc\u00e8s \u00e0 la rocade. La Plomberie du Canal met \u00e0 votre disposition un espace sc\u00e9nique de 70m\u00b2&hellip; <br \/> <a class=\"read-more\" href=\"https:\/\/laplomberieducanal.com\/index.php\/hang-art\/location-espace-scenique-et-jardin-residences-artistiques\/\">Lire la suite<\/a><\/p>\n","protected":false},"author":1,"featured_media":0,"parent":13,"menu_order":0,"comment_status":"closed","ping_status":"closed","template":"","meta":{"footnotes":""},"yoast_head":"<!-- This site is optimized with the Yoast SEO plugin v23.0 - https:\/\/yoast.com\/wordpress\/plugins\/seo\/ -->\n<title>Location espace sc\u00e9nique et jardin - La Plomberie du Canal<\/title>\n<meta name=\"description\" content=\"Location espace sc\u00e9nique avec ou sans jardin. R\u00e9sidence artistique disponible \u00e0 la location toute l&#039;ann\u00e9e au 44, Canal Saint-Martin \u00e0 Rennes.\" \/>\n<meta name=\"robots\" content=\"index, follow, max-snippet:-1, max-image-preview:large, max-video-preview:-1\" \/>\n<link rel=\"canonical\" href=\"https:\/\/laplomberieducanal.com\/index.php\/hang-art\/location-espace-scenique-et-jardin-residences-artistiques\/\" \/>\n<meta property=\"og:locale\" content=\"fr_FR\" \/>\n<meta property=\"og:type\" content=\"article\" \/>\n<meta property=\"og:title\" content=\"Location espace sc\u00e9nique et jardin - La Plomberie du Canal\" \/>\n<meta property=\"og:description\" content=\"Location espace sc\u00e9nique avec ou sans jardin. R\u00e9sidence artistique disponible \u00e0 la location toute l&#039;ann\u00e9e au 44, Canal Saint-Martin \u00e0 Rennes.\" \/>\n<meta property=\"og:url\" content=\"https:\/\/laplomberieducanal.com\/index.php\/hang-art\/location-espace-scenique-et-jardin-residences-artistiques\/\" \/>\n<meta property=\"og:site_name\" content=\"La Plomberie du Canal\" \/>\n<meta property=\"article:modified_time\" content=\"2025-08-18T11:32:46+00:00\" \/>\n<meta property=\"og:image\" content=\"https:\/\/laplomberieducanal.com\/wp-content\/uploads\/2021\/06\/Espace-public-1024x631.jpg\" \/>\n<meta name=\"twitter:card\" content=\"summary_large_image\" \/>\n<meta name=\"twitter:label1\" content=\"Dur\u00e9e de lecture estim\u00e9e\" \/>\n\t<meta name=\"twitter:data1\" content=\"3 minutes\" \/>\n<script type=\"application\/ld+json\" class=\"yoast-schema-graph\">{\"@context\":\"https:\/\/schema.org\",\"@graph\":[{\"@type\":\"WebPage\",\"@id\":\"https:\/\/laplomberieducanal.com\/index.php\/hang-art\/location-espace-scenique-et-jardin-residences-artistiques\/\",\"url\":\"https:\/\/laplomberieducanal.com\/index.php\/hang-art\/location-espace-scenique-et-jardin-residences-artistiques\/\",\"name\":\"Location espace sc\u00e9nique et jardin - La Plomberie du Canal\",\"isPartOf\":{\"@id\":\"https:\/\/laplomberieducanal.com\/#website\"},\"primaryImageOfPage\":{\"@id\":\"https:\/\/laplomberieducanal.com\/index.php\/hang-art\/location-espace-scenique-et-jardin-residences-artistiques\/#primaryimage\"},\"image\":{\"@id\":\"https:\/\/laplomberieducanal.com\/index.php\/hang-art\/location-espace-scenique-et-jardin-residences-artistiques\/#primaryimage\"},\"thumbnailUrl\":\"https:\/\/laplomberieducanal.com\/wp-content\/uploads\/2021\/06\/Espace-public-1024x631.jpg\",\"datePublished\":\"2023-07-25T08:34:00+00:00\",\"dateModified\":\"2025-08-18T11:32:46+00:00\",\"description\":\"Location espace sc\u00e9nique avec ou sans jardin. R\u00e9sidence artistique disponible \u00e0 la location toute l'ann\u00e9e au 44, Canal Saint-Martin \u00e0 Rennes.\",\"breadcrumb\":{\"@id\":\"https:\/\/laplomberieducanal.com\/index.php\/hang-art\/location-espace-scenique-et-jardin-residences-artistiques\/#breadcrumb\"},\"inLanguage\":\"fr-FR\",\"potentialAction\":[{\"@type\":\"ReadAction\",\"target\":[\"https:\/\/laplomberieducanal.com\/index.php\/hang-art\/location-espace-scenique-et-jardin-residences-artistiques\/\"]}]},{\"@type\":\"ImageObject\",\"inLanguage\":\"fr-FR\",\"@id\":\"https:\/\/laplomberieducanal.com\/index.php\/hang-art\/location-espace-scenique-et-jardin-residences-artistiques\/#primaryimage\",\"url\":\"https:\/\/i0.wp.com\/laplomberieducanal.com\/wp-content\/uploads\/2021\/06\/Espace-public.jpg?fit=1080%2C665&ssl=1\",\"contentUrl\":\"https:\/\/i0.wp.com\/laplomberieducanal.com\/wp-content\/uploads\/2021\/06\/Espace-public.jpg?fit=1080%2C665&ssl=1\",\"width\":1080,\"height\":665},{\"@type\":\"BreadcrumbList\",\"@id\":\"https:\/\/laplomberieducanal.com\/index.php\/hang-art\/location-espace-scenique-et-jardin-residences-artistiques\/#breadcrumb\",\"itemListElement\":[{\"@type\":\"ListItem\",\"position\":1,\"name\":\"Accueil\",\"item\":\"https:\/\/laplomberieducanal.com\/\"},{\"@type\":\"ListItem\",\"position\":2,\"name\":\"Le Hang&#8217;Art de La Plomberie du Canal\",\"item\":\"https:\/\/laplomberieducanal.com\/index.php\/hang-art\/\"},{\"@type\":\"ListItem\",\"position\":3,\"name\":\"Location espace sc\u00e9nique et jardin\"}]},{\"@type\":\"WebSite\",\"@id\":\"https:\/\/laplomberieducanal.com\/#website\",\"url\":\"https:\/\/laplomberieducanal.com\/\",\"name\":\"La Plomberie du Canal\",\"description\":\"Association artistique et culturelle\",\"publisher\":{\"@id\":\"https:\/\/laplomberieducanal.com\/#organization\"},\"potentialAction\":[{\"@type\":\"SearchAction\",\"target\":{\"@type\":\"EntryPoint\",\"urlTemplate\":\"https:\/\/laplomberieducanal.com\/?s={search_term_string}\"},\"query-input\":\"required name=search_term_string\"}],\"inLanguage\":\"fr-FR\"},{\"@type\":\"Organization\",\"@id\":\"https:\/\/laplomberieducanal.com\/#organization\",\"name\":\"La Plomberie du Canal\",\"url\":\"https:\/\/laplomberieducanal.com\/\",\"logo\":{\"@type\":\"ImageObject\",\"inLanguage\":\"fr-FR\",\"@id\":\"https:\/\/laplomberieducanal.com\/#\/schema\/logo\/image\/\",\"url\":\"https:\/\/i0.wp.com\/laplomberieducanal.com\/wp-content\/uploads\/2023\/04\/cropped-Logo-La-Plomberie-du-Canal-couleur-sans-contour.png?fit=2105%2C1964&ssl=1\",\"contentUrl\":\"https:\/\/i0.wp.com\/laplomberieducanal.com\/wp-content\/uploads\/2023\/04\/cropped-Logo-La-Plomberie-du-Canal-couleur-sans-contour.png?fit=2105%2C1964&ssl=1\",\"width\":2105,\"height\":1964,\"caption\":\"La Plomberie du Canal\"},\"image\":{\"@id\":\"https:\/\/laplomberieducanal.com\/#\/schema\/logo\/image\/\"}}]}<\/script>\n<!-- \/ Yoast SEO plugin. -->","yoast_head_json":{"title":"Location espace sc\u00e9nique et jardin - La Plomberie du Canal","description":"Location espace sc\u00e9nique avec ou sans jardin. R\u00e9sidence artistique disponible \u00e0 la location toute l'ann\u00e9e au 44, Canal Saint-Martin \u00e0 Rennes.","robots":{"index":"index","follow":"follow","max-snippet":"max-snippet:-1","max-image-preview":"max-image-preview:large","max-video-preview":"max-video-preview:-1"},"canonical":"https:\/\/laplomberieducanal.com\/index.php\/hang-art\/location-espace-scenique-et-jardin-residences-artistiques\/","og_locale":"fr_FR","og_type":"article","og_title":"Location espace sc\u00e9nique et jardin - La Plomberie du Canal","og_description":"Location espace sc\u00e9nique avec ou sans jardin. R\u00e9sidence artistique disponible \u00e0 la location toute l'ann\u00e9e au 44, Canal Saint-Martin \u00e0 Rennes.","og_url":"https:\/\/laplomberieducanal.com\/index.php\/hang-art\/location-espace-scenique-et-jardin-residences-artistiques\/","og_site_name":"La Plomberie du Canal","article_modified_time":"2025-08-18T11:32:46+00:00","og_image":[{"url":"https:\/\/laplomberieducanal.com\/wp-content\/uploads\/2021\/06\/Espace-public-1024x631.jpg"}],"twitter_card":"summary_large_image","twitter_misc":{"Dur\u00e9e de lecture estim\u00e9e":"3 minutes"},"schema":{"@context":"https:\/\/schema.org","@graph":[{"@type":"WebPage","@id":"https:\/\/laplomberieducanal.com\/index.php\/hang-art\/location-espace-scenique-et-jardin-residences-artistiques\/","url":"https:\/\/laplomberieducanal.com\/index.php\/hang-art\/location-espace-scenique-et-jardin-residences-artistiques\/","name":"Location espace sc\u00e9nique et jardin - La Plomberie du Canal","isPartOf":{"@id":"https:\/\/laplomberieducanal.com\/#website"},"primaryImageOfPage":{"@id":"https:\/\/laplomberieducanal.com\/index.php\/hang-art\/location-espace-scenique-et-jardin-residences-artistiques\/#primaryimage"},"image":{"@id":"https:\/\/laplomberieducanal.com\/index.php\/hang-art\/location-espace-scenique-et-jardin-residences-artistiques\/#primaryimage"},"thumbnailUrl":"https:\/\/laplomberieducanal.com\/wp-content\/uploads\/2021\/06\/Espace-public-1024x631.jpg","datePublished":"2023-07-25T08:34:00+00:00","dateModified":"2025-08-18T11:32:46+00:00","description":"Location espace sc\u00e9nique avec ou sans jardin. R\u00e9sidence artistique disponible \u00e0 la location toute l'ann\u00e9e au 44, Canal Saint-Martin \u00e0 Rennes.","breadcrumb":{"@id":"https:\/\/laplomberieducanal.com\/index.php\/hang-art\/location-espace-scenique-et-jardin-residences-artistiques\/#breadcrumb"},"inLanguage":"fr-FR","potentialAction":[{"@type":"ReadAction","target":["https:\/\/laplomberieducanal.com\/index.php\/hang-art\/location-espace-scenique-et-jardin-residences-artistiques\/"]}]},{"@type":"ImageObject","inLanguage":"fr-FR","@id":"https:\/\/laplomberieducanal.com\/index.php\/hang-art\/location-espace-scenique-et-jardin-residences-artistiques\/#primaryimage","url":"https:\/\/i0.wp.com\/laplomberieducanal.com\/wp-content\/uploads\/2021\/06\/Espace-public.jpg?fit=1080%2C665&ssl=1","contentUrl":"https:\/\/i0.wp.com\/laplomberieducanal.com\/wp-content\/uploads\/2021\/06\/Espace-public.jpg?fit=1080%2C665&ssl=1","width":1080,"height":665},{"@type":"BreadcrumbList","@id":"https:\/\/laplomberieducanal.com\/index.php\/hang-art\/location-espace-scenique-et-jardin-residences-artistiques\/#breadcrumb","itemListElement":[{"@type":"ListItem","position":1,"name":"Accueil","item":"https:\/\/laplomberieducanal.com\/"},{"@type":"ListItem","position":2,"name":"Le Hang&#8217;Art de La Plomberie du Canal","item":"https:\/\/laplomberieducanal.com\/index.php\/hang-art\/"},{"@type":"ListItem","position":3,"name":"Location espace sc\u00e9nique et jardin"}]},{"@type":"WebSite","@id":"https:\/\/laplomberieducanal.com\/#website","url":"https:\/\/laplomberieducanal.com\/","name":"La Plomberie du Canal","description":"Association artistique et culturelle","publisher":{"@id":"https:\/\/laplomberieducanal.com\/#organization"},"potentialAction":[{"@type":"SearchAction","target":{"@type":"EntryPoint","urlTemplate":"https:\/\/laplomberieducanal.com\/?s={search_term_string}"},"query-input":"required name=search_term_string"}],"inLanguage":"fr-FR"},{"@type":"Organization","@id":"https:\/\/laplomberieducanal.com\/#organization","name":"La Plomberie du Canal","url":"https:\/\/laplomberieducanal.com\/","logo":{"@type":"ImageObject","inLanguage":"fr-FR","@id":"https:\/\/laplomberieducanal.com\/#\/schema\/logo\/image\/","url":"https:\/\/i0.wp.com\/laplomberieducanal.com\/wp-content\/uploads\/2023\/04\/cropped-Logo-La-Plomberie-du-Canal-couleur-sans-contour.png?fit=2105%2C1964&ssl=1","contentUrl":"https:\/\/i0.wp.com\/laplomberieducanal.com\/wp-content\/uploads\/2023\/04\/cropped-Logo-La-Plomberie-du-Canal-couleur-sans-contour.png?fit=2105%2C1964&ssl=1","width":2105,"height":1964,"caption":"La Plomberie du Canal"},"image":{"@id":"https:\/\/laplomberieducanal.com\/#\/schema\/logo\/image\/"}}]}},"jetpack_sharing_enabled":true,"jetpack_likes_enabled":true,"jetpack_shortlink":"https:\/\/wp.me\/PdRAvF-P","_links":{"self":[{"href":"https:\/\/laplomberieducanal.com\/index.php\/wp-json\/wp\/v2\/pages\/51"}],"collection":[{"href":"https:\/\/laplomberieducanal.com\/index.php\/wp-json\/wp\/v2\/pages"}],"about":[{"href":"https:\/\/laplomberieducanal.com\/index.php\/wp-json\/wp\/v2\/types\/page"}],"author":[{"embeddable":true,"href":"https:\/\/laplomberieducanal.com\/index.php\/wp-json\/wp\/v2\/users\/1"}],"replies":[{"embeddable":true,"href":"https:\/\/laplomberieducanal.com\/index.php\/wp-json\/wp\/v2\/comments?post=51"}],"version-history":[{"count":61,"href":"https:\/\/laplomberieducanal.com\/index.php\/wp-json\/wp\/v2\/pages\/51\/revisions"}],"predecessor-version":[{"id":2645,"href":"https:\/\/laplomberieducanal.com\/index.php\/wp-json\/wp\/v2\/pages\/51\/revisions\/2645"}],"up":[{"embeddable":true,"href":"https:\/\/laplomberieducanal.com\/index.php\/wp-json\/wp\/v2\/pages\/13"}],"wp:attachment":[{"href":"https:\/\/laplomberieducanal.com\/index.php\/wp-json\/wp\/v2\/media?parent=51"}],"curies":[{"name":"wp","href":"https:\/\/api.w.org\/{rel}","templated":true}]}}