{"id":525,"date":"2021-05-31T14:17:32","date_gmt":"2021-05-31T12:17:32","guid":{"rendered":"https:\/\/laplomberieducanal.com\/?page_id=525"},"modified":"2024-03-08T16:54:18","modified_gmt":"2024-03-08T15:54:18","slug":"nos-creations-des-evenements-artistiques-originaux","status":"publish","type":"page","link":"https:\/\/laplomberieducanal.com\/index.php\/nos-rendez-vous-des-evenements-artistiques-et-culturels\/nos-creations-des-evenements-artistiques-originaux\/","title":{"rendered":"Nos \u00e9v\u00e9nements Cr\u00e9atifs"},"content":{"rendered":"\n<h2 class=\"wp-block-heading\">La Plomberie du Canal, c\u2019est avant tout des artistes passionn\u00e9s par les arts de la sc\u00e8ne et du spectacle.<\/h2>\n\n\n\n<p>Le <strong>spectacle vivant<\/strong> fait partie int\u00e9grante de l\u2019identit\u00e9 de <strong>La Plomberie du Canal<\/strong>. \u00c0 ce titre, nous menons, depuis plus de 10 ans, diff\u00e9rents <strong>projets artistiques<\/strong>.<\/p>\n\n\n\n<p>Par d\u00e9finition, le <strong>spectacle vivant<\/strong> est \u00e9ph\u00e9m\u00e8re et ne continue d\u2019exister que dans la m\u00e9moire des spectateurs.<br>Apr\u00e8s les derniers mois que nous avons v\u00e9cu sous la COVID 19, <strong>notre passion des arts de la sc\u00e8ne et du spectacle<\/strong> en ressort grandie&nbsp;: une urgence de <strong>cr\u00e9er<\/strong> et d\u2019<strong>exister en temps qu\u2019artistes<\/strong> nous anime encore davantage. D\u00e9couvrez nos cr\u00e9ations : des \u00e9v\u00e9nements artistiques originaux et culturels.<\/p>\n\n\n\n<div class=\"wp-block-buttons is-horizontal is-content-justification-center is-layout-flex wp-container-core-buttons-is-layout-1 wp-block-buttons-is-layout-flex\">\n<div class=\"wp-block-button\"><a class=\"wp-block-button__link has-background wp-element-button\" href=\"https:\/\/laplomberieducanal.com\/index.php\/association\/equipe\/\" style=\"background-color:#febe32\">Notre \u00e9quipe<\/a><\/div>\n\n\n\n<div class=\"wp-block-button\"><a class=\"wp-block-button__link has-background wp-element-button\" href=\"https:\/\/laplomberieducanal.com\/index.php\/association\/actualite\/\" style=\"background-color:#febe32\">Notre actualit\u00e9<\/a><\/div>\n<\/div>\n\n\n\n<p>Nous avons la conviction que <strong>la vitalit\u00e9 des arts du spectacle<\/strong> d\u00e9pend de ce que nous ferons des difficult\u00e9s qui se pr\u00e9sente \u00e0 lui&nbsp;: les corps et les textes doivent continuer de s\u2019exprimer.<\/p>\n\n\n\n<p>D\u00e9couvrez nos cr\u00e9ations : des \u00e9v\u00e9nements artistiques originaux et culturels.<\/p>\n\n\n\n<figure class=\"wp-block-image is-resized\"><img data-recalc-dims=\"1\" loading=\"lazy\" decoding=\"async\" width=\"1080\" height=\"1080\" data-attachment-id=\"937\" data-permalink=\"https:\/\/laplomberieducanal.com\/index.php\/nos-rendez-vous-des-evenements-artistiques-et-culturels\/rendez-vous-creatifs\/\" data-orig-file=\"https:\/\/i0.wp.com\/laplomberieducanal.com\/wp-content\/uploads\/2021\/06\/Rendez-vous-Creatifs.jpg?fit=1080%2C1080&amp;ssl=1\" data-orig-size=\"1080,1080\" data-comments-opened=\"1\" data-image-meta=\"{&quot;aperture&quot;:&quot;0&quot;,&quot;credit&quot;:&quot;&quot;,&quot;camera&quot;:&quot;&quot;,&quot;caption&quot;:&quot;&quot;,&quot;created_timestamp&quot;:&quot;0&quot;,&quot;copyright&quot;:&quot;&quot;,&quot;focal_length&quot;:&quot;0&quot;,&quot;iso&quot;:&quot;0&quot;,&quot;shutter_speed&quot;:&quot;0&quot;,&quot;title&quot;:&quot;&quot;,&quot;orientation&quot;:&quot;1&quot;}\" data-image-title=\"Rendez-vous-Creatifs\" data-image-description=\"&lt;p&gt;Nos cr\u00e9ations : des \u00e9v\u00e9nements artistiques&lt;\/p&gt;\n\" data-image-caption=\"&lt;p&gt;Les rendez-vous Cr\u00e9atifs ce sont des \u00e9v\u00e9nements artistiques et culturels originaux&lt;\/p&gt;\n\" data-medium-file=\"https:\/\/i0.wp.com\/laplomberieducanal.com\/wp-content\/uploads\/2021\/06\/Rendez-vous-Creatifs.jpg?fit=300%2C300&amp;ssl=1\" data-large-file=\"https:\/\/i0.wp.com\/laplomberieducanal.com\/wp-content\/uploads\/2021\/06\/Rendez-vous-Creatifs.jpg?fit=1024%2C1024&amp;ssl=1\" tabindex=\"0\" role=\"button\" src=\"https:\/\/i0.wp.com\/laplomberieducanal.com\/wp-content\/uploads\/2021\/06\/Rendez-vous-Creatifs.jpg?resize=1080%2C1080&#038;ssl=1\" alt=\"Cr\u00e9ations artistiques : th\u00e9\u00e2trales, musicales ou animations jeune public\" class=\"wp-image-937\" style=\"width:840px;height:auto\" srcset=\"https:\/\/i0.wp.com\/laplomberieducanal.com\/wp-content\/uploads\/2021\/06\/Rendez-vous-Creatifs.jpg?w=1080&amp;ssl=1 1080w, https:\/\/i0.wp.com\/laplomberieducanal.com\/wp-content\/uploads\/2021\/06\/Rendez-vous-Creatifs.jpg?resize=300%2C300&amp;ssl=1 300w, https:\/\/i0.wp.com\/laplomberieducanal.com\/wp-content\/uploads\/2021\/06\/Rendez-vous-Creatifs.jpg?resize=1024%2C1024&amp;ssl=1 1024w, https:\/\/i0.wp.com\/laplomberieducanal.com\/wp-content\/uploads\/2021\/06\/Rendez-vous-Creatifs.jpg?resize=150%2C150&amp;ssl=1 150w, https:\/\/i0.wp.com\/laplomberieducanal.com\/wp-content\/uploads\/2021\/06\/Rendez-vous-Creatifs.jpg?resize=768%2C768&amp;ssl=1 768w\" sizes=\"(max-width: 1080px) 100vw, 1080px\" \/><figcaption class=\"wp-element-caption\">Les rendez-vous Cr\u00e9atifs ce sont des \u00e9v\u00e9nements artistiques et culturels originaux<\/figcaption><\/figure>\n\n\n\n<h3 class=\"wp-block-heading\">Nos \u00e9v\u00e8nements cr\u00e9atifs : des spectacles  \u00e0 la fois culturels et divertissant<\/h3>\n\n\n\n<p>Nos cr\u00e9ations, s&rsquo;inspirent du patrimoine culturel et artistique : du th\u00e9\u00e2tre, \u00e0 la po\u00e9sie, de la chanson fran\u00e7aise \u00e0 la vari\u00e9t\u00e9 internationale, des spectacles pour passionn\u00e9s ou du bon divertissement familial. <\/p>\n\n\n\n<p>Nous pouvons aussi avec \u00ab\u00a0<a href=\"https:\/\/laplomberieducanal.com\/index.php\/2021\/05\/17\/mondes-imaginaires\/\">Les mondes imaginaires<\/a>\u00a0\u00bb cr\u00e9er de toute pi\u00e8ce un spectacle ou une animation \u00e0 la demande. Nous y mettons nos 25 ans d&rsquo;exp\u00e9riences dans le monde du spectacle, de la sc\u00e8ne, de la com\u00e9die et aussi du cin\u00e9ma. Notre but : rendre ce moment inoubliable et riche en partage.<\/p>\n\n\n\n<p>Retrouver les teaser de nos derniers spectacles sur notre cha\u00eene Youtube <a href=\"https:\/\/www.youtube.com\/channel\/UCfL0yD1Nxy3m1qIve26IGfA\">La Plomberie en images<\/a><\/p>\n\n\n\n<div class=\"wp-block-columns is-layout-flex wp-container-core-columns-is-layout-1 wp-block-columns-is-layout-flex\">\n<div class=\"wp-block-column is-layout-flow wp-block-column-is-layout-flow\">\n<ul>\n<li><a href=\"https:\/\/laplomberieducanal.com\/index.php\/2021\/05\/17\/qui-dit-mots-dimey\/\">Qui dit \u00ab&nbsp;mots&nbsp;\u00bb, Dimey<\/a> (depuis 2023)<\/li>\n\n\n\n<li><a href=\"https:\/\/laplomberieducanal.com\/index.php\/2021\/05\/17\/montand-forever\/\">Montand Forever<\/a> (depuis 2018)<\/li>\n\n\n\n<li><a href=\"https:\/\/laplomberieducanal.com\/index.php\/2021\/05\/17\/mondes-imaginaires\/\">Le fabuleux tr\u00e9sor des noeuds<\/a> (depuis 2009)<\/li>\n\n\n\n<li>Croc\u2019n Shows (2018-2019)<\/li>\n\n\n\n<li>Festival O Canal (2010-2012-2014-2016-2017)<\/li>\n\n\n\n<li>Book Story (2013)<\/li>\n\n\n\n<li>Demain, on se marie (2009-2012)<\/li>\n<\/ul>\n<\/div>\n\n\n\n<div class=\"wp-block-column is-vertically-aligned-center is-layout-flow wp-block-column-is-layout-flow\">\n<div class=\"wp-block-buttons is-horizontal is-content-justification-center is-layout-flex wp-container-core-buttons-is-layout-2 wp-block-buttons-is-layout-flex\">\n<div class=\"wp-block-button\"><a class=\"wp-block-button__link has-background wp-element-button\" href=\"https:\/\/laplomberieducanal.com\/index.php\/rendez-vous\/\" style=\"background-color:#febe32\">Nos rendez-vous<\/a><\/div>\n<\/div>\n<\/div>\n<\/div>\n\n\n\n<p><\/p>\n","protected":false},"excerpt":{"rendered":"<p>La Plomberie du Canal, c\u2019est avant tout des artistes passionn\u00e9s par les arts de la sc\u00e8ne et du spectacle. Le spectacle vivant fait partie int\u00e9grante de l\u2019identit\u00e9 de La Plomberie du Canal. \u00c0 ce titre, nous menons, depuis plus de 10 ans, diff\u00e9rents projets artistiques. Par d\u00e9finition, le spectacle vivant est \u00e9ph\u00e9m\u00e8re et ne continue&hellip; <br \/> <a class=\"read-more\" href=\"https:\/\/laplomberieducanal.com\/index.php\/nos-rendez-vous-des-evenements-artistiques-et-culturels\/nos-creations-des-evenements-artistiques-originaux\/\">Lire la suite<\/a><\/p>\n","protected":false},"author":1,"featured_media":0,"parent":246,"menu_order":0,"comment_status":"open","ping_status":"closed","template":"","meta":{"footnotes":""},"yoast_head":"<!-- This site is optimized with the Yoast SEO plugin v23.0 - https:\/\/yoast.com\/wordpress\/plugins\/seo\/ -->\n<title>Ev\u00e9nements artistiques cr\u00e9ations originales<\/title>\n<meta name=\"description\" content=\"Notre association cr\u00e9e des spectacles de toute pi\u00e8ce. Nos cr\u00e9ations, ce sont des \u00e9v\u00e9nements artistiques originaux\" \/>\n<meta name=\"robots\" content=\"index, follow, max-snippet:-1, max-image-preview:large, max-video-preview:-1\" \/>\n<link rel=\"canonical\" href=\"https:\/\/laplomberieducanal.com\/index.php\/nos-rendez-vous-des-evenements-artistiques-et-culturels\/nos-creations-des-evenements-artistiques-originaux\/\" \/>\n<meta property=\"og:locale\" content=\"fr_FR\" \/>\n<meta property=\"og:type\" content=\"article\" \/>\n<meta property=\"og:title\" content=\"Ev\u00e9nements artistiques cr\u00e9ations originales\" \/>\n<meta property=\"og:description\" content=\"Notre association cr\u00e9e des spectacles de toute pi\u00e8ce. Nos cr\u00e9ations, ce sont des \u00e9v\u00e9nements artistiques originaux\" \/>\n<meta property=\"og:url\" content=\"https:\/\/laplomberieducanal.com\/index.php\/nos-rendez-vous-des-evenements-artistiques-et-culturels\/nos-creations-des-evenements-artistiques-originaux\/\" \/>\n<meta property=\"og:site_name\" content=\"La Plomberie du Canal\" \/>\n<meta property=\"article:modified_time\" content=\"2024-03-08T15:54:18+00:00\" \/>\n<meta property=\"og:image\" content=\"https:\/\/laplomberieducanal.com\/wp-content\/uploads\/2021\/06\/Rendez-vous-Creatifs.jpg\" \/>\n<meta name=\"twitter:card\" content=\"summary_large_image\" \/>\n<meta name=\"twitter:label1\" content=\"Dur\u00e9e de lecture estim\u00e9e\" \/>\n\t<meta name=\"twitter:data1\" content=\"2 minutes\" \/>\n<script type=\"application\/ld+json\" class=\"yoast-schema-graph\">{\"@context\":\"https:\/\/schema.org\",\"@graph\":[{\"@type\":\"WebPage\",\"@id\":\"https:\/\/laplomberieducanal.com\/index.php\/nos-rendez-vous-des-evenements-artistiques-et-culturels\/nos-creations-des-evenements-artistiques-originaux\/\",\"url\":\"https:\/\/laplomberieducanal.com\/index.php\/nos-rendez-vous-des-evenements-artistiques-et-culturels\/nos-creations-des-evenements-artistiques-originaux\/\",\"name\":\"Ev\u00e9nements artistiques cr\u00e9ations originales\",\"isPartOf\":{\"@id\":\"https:\/\/laplomberieducanal.com\/#website\"},\"primaryImageOfPage\":{\"@id\":\"https:\/\/laplomberieducanal.com\/index.php\/nos-rendez-vous-des-evenements-artistiques-et-culturels\/nos-creations-des-evenements-artistiques-originaux\/#primaryimage\"},\"image\":{\"@id\":\"https:\/\/laplomberieducanal.com\/index.php\/nos-rendez-vous-des-evenements-artistiques-et-culturels\/nos-creations-des-evenements-artistiques-originaux\/#primaryimage\"},\"thumbnailUrl\":\"https:\/\/laplomberieducanal.com\/wp-content\/uploads\/2021\/06\/Rendez-vous-Creatifs.jpg\",\"datePublished\":\"2021-05-31T12:17:32+00:00\",\"dateModified\":\"2024-03-08T15:54:18+00:00\",\"description\":\"Notre association cr\u00e9e des spectacles de toute pi\u00e8ce. Nos cr\u00e9ations, ce sont des \u00e9v\u00e9nements artistiques originaux\",\"breadcrumb\":{\"@id\":\"https:\/\/laplomberieducanal.com\/index.php\/nos-rendez-vous-des-evenements-artistiques-et-culturels\/nos-creations-des-evenements-artistiques-originaux\/#breadcrumb\"},\"inLanguage\":\"fr-FR\",\"potentialAction\":[{\"@type\":\"ReadAction\",\"target\":[\"https:\/\/laplomberieducanal.com\/index.php\/nos-rendez-vous-des-evenements-artistiques-et-culturels\/nos-creations-des-evenements-artistiques-originaux\/\"]}]},{\"@type\":\"ImageObject\",\"inLanguage\":\"fr-FR\",\"@id\":\"https:\/\/laplomberieducanal.com\/index.php\/nos-rendez-vous-des-evenements-artistiques-et-culturels\/nos-creations-des-evenements-artistiques-originaux\/#primaryimage\",\"url\":\"https:\/\/i0.wp.com\/laplomberieducanal.com\/wp-content\/uploads\/2021\/06\/Rendez-vous-Creatifs.jpg?fit=1080%2C1080&ssl=1\",\"contentUrl\":\"https:\/\/i0.wp.com\/laplomberieducanal.com\/wp-content\/uploads\/2021\/06\/Rendez-vous-Creatifs.jpg?fit=1080%2C1080&ssl=1\",\"width\":1080,\"height\":1080,\"caption\":\"Les rendez-vous Cr\u00e9atifs ce sont des \u00e9v\u00e9nements artistiques et culturels originaux\"},{\"@type\":\"BreadcrumbList\",\"@id\":\"https:\/\/laplomberieducanal.com\/index.php\/nos-rendez-vous-des-evenements-artistiques-et-culturels\/nos-creations-des-evenements-artistiques-originaux\/#breadcrumb\",\"itemListElement\":[{\"@type\":\"ListItem\",\"position\":1,\"name\":\"Accueil\",\"item\":\"https:\/\/laplomberieducanal.com\/\"},{\"@type\":\"ListItem\",\"position\":2,\"name\":\"Les rendez-vous\",\"item\":\"https:\/\/laplomberieducanal.com\/index.php\/nos-rendez-vous-des-evenements-artistiques-et-culturels\/\"},{\"@type\":\"ListItem\",\"position\":3,\"name\":\"Nos \u00e9v\u00e9nements Cr\u00e9atifs\"}]},{\"@type\":\"WebSite\",\"@id\":\"https:\/\/laplomberieducanal.com\/#website\",\"url\":\"https:\/\/laplomberieducanal.com\/\",\"name\":\"La Plomberie du Canal\",\"description\":\"Association artistique et culturelle\",\"publisher\":{\"@id\":\"https:\/\/laplomberieducanal.com\/#organization\"},\"potentialAction\":[{\"@type\":\"SearchAction\",\"target\":{\"@type\":\"EntryPoint\",\"urlTemplate\":\"https:\/\/laplomberieducanal.com\/?s={search_term_string}\"},\"query-input\":\"required name=search_term_string\"}],\"inLanguage\":\"fr-FR\"},{\"@type\":\"Organization\",\"@id\":\"https:\/\/laplomberieducanal.com\/#organization\",\"name\":\"La Plomberie du Canal\",\"url\":\"https:\/\/laplomberieducanal.com\/\",\"logo\":{\"@type\":\"ImageObject\",\"inLanguage\":\"fr-FR\",\"@id\":\"https:\/\/laplomberieducanal.com\/#\/schema\/logo\/image\/\",\"url\":\"https:\/\/i0.wp.com\/laplomberieducanal.com\/wp-content\/uploads\/2023\/04\/cropped-Logo-La-Plomberie-du-Canal-couleur-sans-contour.png?fit=2105%2C1964&ssl=1\",\"contentUrl\":\"https:\/\/i0.wp.com\/laplomberieducanal.com\/wp-content\/uploads\/2023\/04\/cropped-Logo-La-Plomberie-du-Canal-couleur-sans-contour.png?fit=2105%2C1964&ssl=1\",\"width\":2105,\"height\":1964,\"caption\":\"La Plomberie du Canal\"},\"image\":{\"@id\":\"https:\/\/laplomberieducanal.com\/#\/schema\/logo\/image\/\"}}]}<\/script>\n<!-- \/ Yoast SEO plugin. -->","yoast_head_json":{"title":"Ev\u00e9nements artistiques cr\u00e9ations originales","description":"Notre association cr\u00e9e des spectacles de toute pi\u00e8ce. Nos cr\u00e9ations, ce sont des \u00e9v\u00e9nements artistiques originaux","robots":{"index":"index","follow":"follow","max-snippet":"max-snippet:-1","max-image-preview":"max-image-preview:large","max-video-preview":"max-video-preview:-1"},"canonical":"https:\/\/laplomberieducanal.com\/index.php\/nos-rendez-vous-des-evenements-artistiques-et-culturels\/nos-creations-des-evenements-artistiques-originaux\/","og_locale":"fr_FR","og_type":"article","og_title":"Ev\u00e9nements artistiques cr\u00e9ations originales","og_description":"Notre association cr\u00e9e des spectacles de toute pi\u00e8ce. Nos cr\u00e9ations, ce sont des \u00e9v\u00e9nements artistiques originaux","og_url":"https:\/\/laplomberieducanal.com\/index.php\/nos-rendez-vous-des-evenements-artistiques-et-culturels\/nos-creations-des-evenements-artistiques-originaux\/","og_site_name":"La Plomberie du Canal","article_modified_time":"2024-03-08T15:54:18+00:00","og_image":[{"url":"https:\/\/laplomberieducanal.com\/wp-content\/uploads\/2021\/06\/Rendez-vous-Creatifs.jpg"}],"twitter_card":"summary_large_image","twitter_misc":{"Dur\u00e9e de lecture estim\u00e9e":"2 minutes"},"schema":{"@context":"https:\/\/schema.org","@graph":[{"@type":"WebPage","@id":"https:\/\/laplomberieducanal.com\/index.php\/nos-rendez-vous-des-evenements-artistiques-et-culturels\/nos-creations-des-evenements-artistiques-originaux\/","url":"https:\/\/laplomberieducanal.com\/index.php\/nos-rendez-vous-des-evenements-artistiques-et-culturels\/nos-creations-des-evenements-artistiques-originaux\/","name":"Ev\u00e9nements artistiques cr\u00e9ations originales","isPartOf":{"@id":"https:\/\/laplomberieducanal.com\/#website"},"primaryImageOfPage":{"@id":"https:\/\/laplomberieducanal.com\/index.php\/nos-rendez-vous-des-evenements-artistiques-et-culturels\/nos-creations-des-evenements-artistiques-originaux\/#primaryimage"},"image":{"@id":"https:\/\/laplomberieducanal.com\/index.php\/nos-rendez-vous-des-evenements-artistiques-et-culturels\/nos-creations-des-evenements-artistiques-originaux\/#primaryimage"},"thumbnailUrl":"https:\/\/laplomberieducanal.com\/wp-content\/uploads\/2021\/06\/Rendez-vous-Creatifs.jpg","datePublished":"2021-05-31T12:17:32+00:00","dateModified":"2024-03-08T15:54:18+00:00","description":"Notre association cr\u00e9e des spectacles de toute pi\u00e8ce. Nos cr\u00e9ations, ce sont des \u00e9v\u00e9nements artistiques originaux","breadcrumb":{"@id":"https:\/\/laplomberieducanal.com\/index.php\/nos-rendez-vous-des-evenements-artistiques-et-culturels\/nos-creations-des-evenements-artistiques-originaux\/#breadcrumb"},"inLanguage":"fr-FR","potentialAction":[{"@type":"ReadAction","target":["https:\/\/laplomberieducanal.com\/index.php\/nos-rendez-vous-des-evenements-artistiques-et-culturels\/nos-creations-des-evenements-artistiques-originaux\/"]}]},{"@type":"ImageObject","inLanguage":"fr-FR","@id":"https:\/\/laplomberieducanal.com\/index.php\/nos-rendez-vous-des-evenements-artistiques-et-culturels\/nos-creations-des-evenements-artistiques-originaux\/#primaryimage","url":"https:\/\/i0.wp.com\/laplomberieducanal.com\/wp-content\/uploads\/2021\/06\/Rendez-vous-Creatifs.jpg?fit=1080%2C1080&ssl=1","contentUrl":"https:\/\/i0.wp.com\/laplomberieducanal.com\/wp-content\/uploads\/2021\/06\/Rendez-vous-Creatifs.jpg?fit=1080%2C1080&ssl=1","width":1080,"height":1080,"caption":"Les rendez-vous Cr\u00e9atifs ce sont des \u00e9v\u00e9nements artistiques et culturels originaux"},{"@type":"BreadcrumbList","@id":"https:\/\/laplomberieducanal.com\/index.php\/nos-rendez-vous-des-evenements-artistiques-et-culturels\/nos-creations-des-evenements-artistiques-originaux\/#breadcrumb","itemListElement":[{"@type":"ListItem","position":1,"name":"Accueil","item":"https:\/\/laplomberieducanal.com\/"},{"@type":"ListItem","position":2,"name":"Les rendez-vous","item":"https:\/\/laplomberieducanal.com\/index.php\/nos-rendez-vous-des-evenements-artistiques-et-culturels\/"},{"@type":"ListItem","position":3,"name":"Nos \u00e9v\u00e9nements Cr\u00e9atifs"}]},{"@type":"WebSite","@id":"https:\/\/laplomberieducanal.com\/#website","url":"https:\/\/laplomberieducanal.com\/","name":"La Plomberie du Canal","description":"Association artistique et culturelle","publisher":{"@id":"https:\/\/laplomberieducanal.com\/#organization"},"potentialAction":[{"@type":"SearchAction","target":{"@type":"EntryPoint","urlTemplate":"https:\/\/laplomberieducanal.com\/?s={search_term_string}"},"query-input":"required name=search_term_string"}],"inLanguage":"fr-FR"},{"@type":"Organization","@id":"https:\/\/laplomberieducanal.com\/#organization","name":"La Plomberie du Canal","url":"https:\/\/laplomberieducanal.com\/","logo":{"@type":"ImageObject","inLanguage":"fr-FR","@id":"https:\/\/laplomberieducanal.com\/#\/schema\/logo\/image\/","url":"https:\/\/i0.wp.com\/laplomberieducanal.com\/wp-content\/uploads\/2023\/04\/cropped-Logo-La-Plomberie-du-Canal-couleur-sans-contour.png?fit=2105%2C1964&ssl=1","contentUrl":"https:\/\/i0.wp.com\/laplomberieducanal.com\/wp-content\/uploads\/2023\/04\/cropped-Logo-La-Plomberie-du-Canal-couleur-sans-contour.png?fit=2105%2C1964&ssl=1","width":2105,"height":1964,"caption":"La Plomberie du Canal"},"image":{"@id":"https:\/\/laplomberieducanal.com\/#\/schema\/logo\/image\/"}}]}},"jetpack_sharing_enabled":true,"jetpack_likes_enabled":true,"jetpack_shortlink":"https:\/\/wp.me\/PdRAvF-8t","_links":{"self":[{"href":"https:\/\/laplomberieducanal.com\/index.php\/wp-json\/wp\/v2\/pages\/525"}],"collection":[{"href":"https:\/\/laplomberieducanal.com\/index.php\/wp-json\/wp\/v2\/pages"}],"about":[{"href":"https:\/\/laplomberieducanal.com\/index.php\/wp-json\/wp\/v2\/types\/page"}],"author":[{"embeddable":true,"href":"https:\/\/laplomberieducanal.com\/index.php\/wp-json\/wp\/v2\/users\/1"}],"replies":[{"embeddable":true,"href":"https:\/\/laplomberieducanal.com\/index.php\/wp-json\/wp\/v2\/comments?post=525"}],"version-history":[{"count":7,"href":"https:\/\/laplomberieducanal.com\/index.php\/wp-json\/wp\/v2\/pages\/525\/revisions"}],"predecessor-version":[{"id":2046,"href":"https:\/\/laplomberieducanal.com\/index.php\/wp-json\/wp\/v2\/pages\/525\/revisions\/2046"}],"up":[{"embeddable":true,"href":"https:\/\/laplomberieducanal.com\/index.php\/wp-json\/wp\/v2\/pages\/246"}],"wp:attachment":[{"href":"https:\/\/laplomberieducanal.com\/index.php\/wp-json\/wp\/v2\/media?parent=525"}],"curies":[{"name":"wp","href":"https:\/\/api.w.org\/{rel}","templated":true}]}}