{"id":58,"date":"2023-07-26T16:50:00","date_gmt":"2023-07-26T14:50:00","guid":{"rendered":"https:\/\/laplomberieducanal.com\/?page_id=58"},"modified":"2025-08-18T13:40:03","modified_gmt":"2025-08-18T11:40:03","slug":"projet-pedagogique-theatre","status":"publish","type":"page","link":"https:\/\/laplomberieducanal.com\/index.php\/ateliers-stages\/projet-pedagogique-theatre\/","title":{"rendered":"Projet p\u00e9dagogique"},"content":{"rendered":"\n<h2 class=\"wp-block-heading\">La Plomberie du Canal s\u2019inscrit dans une d\u00e9marche d\u2019\u00e9ducation populaire&nbsp;: les ateliers th\u00e9\u00e2tre et les stages pluridisciplinaires sont port\u00e9s par un projet p\u00e9dagogique.<\/h2>\n\n\n\n<p class=\"has-medium-font-size\">En sa qualit\u00e9 de directeur artistique et p\u00e9dagogique, Eddy Frogeais a r\u00e9dig\u00e9 ce projet p\u00e9dagogique. Fondamental <a href=\"https:\/\/laplomberieducanal.com\/index.php\/association-laplomberieducanal\/\">aux valeurs port\u00e9es par l\u2019association<\/a>, il encadre l\u2019action des com\u00e9diens professionnels.<\/p>\n\n\n\n<div class=\"wp-block-buttons is-horizontal is-content-justification-center is-layout-flex wp-container-core-buttons-is-layout-1 wp-block-buttons-is-layout-flex\">\n<div class=\"wp-block-button is-style-outline\"><a class=\"wp-block-button__link has-black-color has-luminous-vivid-amber-background-color has-text-color has-background wp-element-button\" href=\"https:\/\/laplomberieducanal.com\/index.php\/contact\/\">Contactons-nous<\/a><\/div>\n<\/div>\n\n\n\n<div style=\"height:20px\" aria-hidden=\"true\" class=\"wp-block-spacer\"><\/div>\n\n\n\n<p class=\"has-medium-font-size\"><a href=\"https:\/\/laplomberieducanal.com\/index.php\/2023\/07\/25\/stages-et-cours-de-theatre-pour-enfants-et-adultes\/\">Nos ateliers th\u00e9\u00e2tre<\/a> et les <a href=\"https:\/\/laplomberieducanal.com\/index.php\/2025\/07\/07\/rennes-stages-de-theatre\/\">stages pluridisciplinaires<\/a> s\u2019inscrivent dans la volont\u00e9 du d\u00e9veloppement de la personne par l\u2019art.<\/p>\n\n\n\n<h2 class=\"wp-block-heading has-text-color\" style=\"color:#a70048\">Po\u00e9tique th\u00e9\u00e2trale et projet p\u00e9dagogique<\/h2>\n\n\n\n<p class=\"has-medium-font-size\">Par<a href=\"https:\/\/laplomberieducanal.com\/index.php\/2023\/07\/25\/stages-et-cours-de-theatre-pour-enfants-et-adultes\/\"> le th\u00e9\u00e2tre<\/a>, notre philosophie est de mettre en avant des valeurs humaines : l\u2019esprit d\u2019\u00e9quipe, l\u2019\u00e9coute, le partage, le respect et la solidarit\u00e9.<\/p>\n\n\n\n<p class=\"has-medium-font-size\">En utilisant le langage th\u00e9\u00e2tral, notre approche vise \u00e0 d\u00e9velopper des attitudes de citoyens et de former des groupes o\u00f9 les enfants peuvent mieux se conna\u00eetre, prendre de l&rsquo;assurance et s&rsquo;habituer \u00e0 jouer ensemble.<\/p>\n\n\n\n<p class=\"has-medium-font-size\"><strong>\u00c0 travers nos ateliers, nous avons \u00e0 c\u0153ur que les participants cultivent leur imagination et leur cr\u00e9ativit\u00e9 dans un cadre ludique tout en respectant l\u2019autre dans sa diff\u00e9rence. Initier les \u00e9l\u00e8ves au th\u00e9\u00e2tre dans la diversit\u00e9 de ses formes et de ses modes de cr\u00e9ation pour s&rsquo;habituer \u00e0 regarder plus loin est notre but final.<\/strong><\/p>\n\n\n\n<p class=\"has-medium-font-size\"><strong>En un mot, le \u00ab bien vivre ensemble \u00bb par le jeu.<\/strong><\/p>\n\n\n\n<h2 class=\"wp-block-heading has-text-color\" style=\"color:#a70048\">Objectifs du projet p\u00e9dagogique<\/h2>\n\n\n\n<ul>\n<li class=\"has-medium-font-size\">Le d\u00e9veloppement des diff\u00e9rentes formes de la communication verbale et non verbale<\/li>\n\n\n\n<li class=\"has-medium-font-size\">Le support \u00e0 la personne dans la prise de conscience de l\u2019individualit\u00e9, en stimulant l\u2019expression personnelle et le potentiel de chacun<\/li>\n\n\n\n<li class=\"has-medium-font-size\">L&rsquo;entra\u00eenement des individus \u00e0 la vie r\u00e9elle sociale, facteur de croissance personnelle<\/li>\n\n\n\n<li class=\"has-medium-font-size\">Donner les moyens de mieux appr\u00e9hender le monde en favorisant la prise de parole en public, l&rsquo;autonomie et l&rsquo;esprit critique<\/li>\n\n\n\n<li class=\"has-medium-font-size\">Valoriser le travail de chacun dans la pr\u00e9sentation d\u2019un spectacle mis en sc\u00e8ne.<\/li>\n<\/ul>\n\n\n\n<h2 class=\"wp-block-heading has-text-color\" style=\"color:#a70048\">Nos outils<\/h2>\n\n\n\n<ul>\n<li class=\"has-medium-font-size\">L\u2019enseignement des fondamentaux<\/li>\n\n\n\n<li class=\"has-medium-font-size\">Le mime<\/li>\n\n\n\n<li class=\"has-medium-font-size\">Les sens<\/li>\n\n\n\n<li class=\"has-medium-font-size\">Le travail sur les personnages (attitudes, mimiques, costumes, d\u00e9marches, animalit\u00e9, musique int\u00e9rieure)<\/li>\n\n\n\n<li class=\"has-medium-font-size\">L\u2019expression corporelle-la danse<\/li>\n\n\n\n<li class=\"has-medium-font-size\">La voix<\/li>\n\n\n\n<li class=\"has-medium-font-size\">L\u2019espace<\/li>\n\n\n\n<li class=\"has-medium-font-size\">Les \u00e9motions<\/li>\n\n\n\n<li class=\"has-medium-font-size\">Les improvisations<\/li>\n\n\n\n<li class=\"has-medium-font-size\">Tout l\u2019univers du th\u00e9\u00e2tre, du classique au contemporain<\/li>\n<\/ul>\n\n\n\n<div class=\"wp-block-file alignright\"><a id=\"wp-block-file--media-e6f66d98-0939-4d7a-b207-d72335b88b8a\" href=\"https:\/\/laplomberieducanal.com\/wp-content\/uploads\/2021\/05\/Projet-pedagogique.pdf\">Projet p\u00e9dagogique<\/a><a href=\"https:\/\/laplomberieducanal.com\/wp-content\/uploads\/2021\/05\/Projet-pedagogique.pdf\" class=\"wp-block-file__button wp-element-button\" download aria-describedby=\"wp-block-file--media-e6f66d98-0939-4d7a-b207-d72335b88b8a\">T\u00e9l\u00e9charger<\/a><\/div>\n\n\n\n<div class=\"wp-block-buttons is-horizontal is-content-justification-center is-layout-flex wp-container-core-buttons-is-layout-2 wp-block-buttons-is-layout-flex\">\n<div class=\"wp-block-button is-style-outline\"><a class=\"wp-block-button__link has-black-color has-luminous-vivid-amber-background-color has-text-color has-background wp-element-button\" href=\"https:\/\/laplomberieducanal.com\/index.php\/contact\/\">Contactons-nous<\/a><\/div>\n<\/div>\n\n\n\n<div style=\"height:20px\" aria-hidden=\"true\" class=\"wp-block-spacer\"><\/div>\n\n\n\n<h2 class=\"wp-block-heading\">D\u00e9couvrez les retours d&rsquo;exp\u00e9riences de vos enfants en images et vid\u00e9os<\/h2>\n\n\n\n<figure class=\"wp-block-image size-medium is-style-rounded\"><img data-recalc-dims=\"1\" loading=\"lazy\" decoding=\"async\" width=\"300\" height=\"286\" data-attachment-id=\"1698\" data-permalink=\"https:\/\/laplomberieducanal.com\/index.php\/ateliers-stages\/projet-pedagogique-theatre\/img_20230620_174423_22\/\" data-orig-file=\"https:\/\/i0.wp.com\/laplomberieducanal.com\/wp-content\/uploads\/2023\/08\/IMG_20230620_174423_22-scaled.jpg?fit=2560%2C2445&amp;ssl=1\" data-orig-size=\"2560,2445\" data-comments-opened=\"1\" data-image-meta=\"{&quot;aperture&quot;:&quot;1.7&quot;,&quot;credit&quot;:&quot;&quot;,&quot;camera&quot;:&quot;F1&quot;,&quot;caption&quot;:&quot;&quot;,&quot;created_timestamp&quot;:&quot;1687283063&quot;,&quot;copyright&quot;:&quot;&quot;,&quot;focal_length&quot;:&quot;3.93&quot;,&quot;iso&quot;:&quot;476&quot;,&quot;shutter_speed&quot;:&quot;0.05&quot;,&quot;title&quot;:&quot;&quot;,&quot;orientation&quot;:&quot;1&quot;}\" data-image-title=\"Projet p\u00e9dagogique photos et vid\u00e9os  parents\" data-image-description=\"\" data-image-caption=\"\" data-medium-file=\"https:\/\/i0.wp.com\/laplomberieducanal.com\/wp-content\/uploads\/2023\/08\/IMG_20230620_174423_22-scaled.jpg?fit=300%2C286&amp;ssl=1\" data-large-file=\"https:\/\/i0.wp.com\/laplomberieducanal.com\/wp-content\/uploads\/2023\/08\/IMG_20230620_174423_22-scaled.jpg?fit=1024%2C978&amp;ssl=1\" tabindex=\"0\" role=\"button\" src=\"https:\/\/i0.wp.com\/laplomberieducanal.com\/wp-content\/uploads\/2023\/08\/IMG_20230620_174423_22.jpg?resize=300%2C286&#038;ssl=1\" alt=\"Projet p\u00e9dagogique photos et vid\u00e9os  parents, enfants\" class=\"wp-image-1698\" srcset=\"https:\/\/i0.wp.com\/laplomberieducanal.com\/wp-content\/uploads\/2023\/08\/IMG_20230620_174423_22-scaled.jpg?resize=300%2C286&amp;ssl=1 300w, https:\/\/i0.wp.com\/laplomberieducanal.com\/wp-content\/uploads\/2023\/08\/IMG_20230620_174423_22-scaled.jpg?resize=1024%2C978&amp;ssl=1 1024w, https:\/\/i0.wp.com\/laplomberieducanal.com\/wp-content\/uploads\/2023\/08\/IMG_20230620_174423_22-scaled.jpg?resize=768%2C733&amp;ssl=1 768w, https:\/\/i0.wp.com\/laplomberieducanal.com\/wp-content\/uploads\/2023\/08\/IMG_20230620_174423_22-scaled.jpg?resize=1536%2C1467&amp;ssl=1 1536w, https:\/\/i0.wp.com\/laplomberieducanal.com\/wp-content\/uploads\/2023\/08\/IMG_20230620_174423_22-scaled.jpg?resize=2048%2C1956&amp;ssl=1 2048w, https:\/\/i0.wp.com\/laplomberieducanal.com\/wp-content\/uploads\/2023\/08\/IMG_20230620_174423_22-scaled.jpg?resize=1131%2C1080&amp;ssl=1 1131w\" sizes=\"(max-width: 300px) 100vw, 300px\" \/><\/figure>\n\n\n\n<p class=\"has-medium-font-size\">L&rsquo;\u00e9quipe de La Plomberie du Canal propose aux parents des \u00e9l\u00e8ves qui ont adh\u00e9r\u00e9 \u00e0 notre association de r\u00e9cup\u00e9rer les photos et vid\u00e9os des repr\u00e9sentations th\u00e9\u00e2trales de leurs enfants.<\/p>\n\n\n\n<h3 class=\"wp-block-heading has-text-color\" style=\"color:#a70042\">Pour que cela soit possible<\/h3>\n\n\n\n<ul>\n<li class=\"has-medium-font-size\"><strong>Votre enfant doit \u00eatre inscrit \u00e0 nos ateliers th\u00e9\u00e2tre et pr\u00e9sent lors de la repr\u00e9sentation.<\/strong><\/li>\n\n\n\n<li class=\"has-medium-font-size\"><strong>Vous devez \u00eatre <a href=\"https:\/\/laplomberieducanal.com\/index.php\/adherer-association-laplomberieducanal\/\">membre de notre association<\/a>.&nbsp;<\/strong><\/li>\n\n\n\n<li class=\"has-medium-font-size\"><strong><a href=\"https:\/\/laplomberieducanal.com\/index.php\/contact\/\">Nous contacter<\/a> en pr\u00e9cisant le nom, le pr\u00e9nom et l&rsquo;\u00e9cole (structure) de votre enfant. Ainsi que votre nom, pr\u00e9nom et lien de parent\u00e9.<\/strong><\/li>\n<\/ul>\n\n\n\n<p class=\"has-medium-font-size\">D\u00e8s r\u00e9ception de votre demande, apr\u00e8s v\u00e9rification, notre \u00e9quipe vous enverra un lien afin que vous puissiez avoir un acc\u00e8s priv\u00e9 \u00e0 ces photos et vid\u00e9os.<\/p>\n\n\n\n<h3 class=\"wp-block-heading has-text-color\" style=\"color:#a70042\">La Plomberie du Canal respecte le droit \u00e0 la vie priv\u00e9e de chacun<\/h3>\n\n\n\n<p class=\"has-medium-font-size\">La Plomberie du Canal respecte le droit \u00e0 la vie priv\u00e9e de chacun. C&rsquo;est pourquoi nous ne publions pas ces contenus directement sur notre site. Mais nous souhaitons que vos enfants gardent un petit souvenir de leur travail, afin qu&rsquo;ils puissent se rendre compte de leurs progr\u00e8s. Ils en riront dans quelques ann\u00e9es !<\/p>\n\n\n\n<p class=\"has-white-color has-text-color has-background has-medium-font-size\" style=\"background-color:#a70042\"><strong>Nous vous remercions de respecter cette politique du droit \u00e0 l&rsquo;image, et de ne pas divulguer de contenus pouvant montrer le visage d&rsquo;autres enfants sans l&rsquo;accord pr\u00e9alable de leurs parents. L&rsquo;association La Plomberie du Canal ne peut \u00eatre tenue pour responsable d&rsquo;une \u00e9ventuelle utilisation abusive.<\/strong><\/p>\n\n\n\n<div style=\"height:20px\" aria-hidden=\"true\" class=\"wp-block-spacer\"><\/div>\n\n\n\n<div class=\"wp-block-buttons is-content-justification-center is-layout-flex wp-container-core-buttons-is-layout-3 wp-block-buttons-is-layout-flex\">\n<div class=\"wp-block-button is-style-outline\"><a class=\"wp-block-button__link has-white-color has-text-color has-background wp-element-button\" href=\"https:\/\/laplomberieducanal.com\/index.php\/contact\/\" style=\"background-color:#a70042\">Demande d&rsquo;acc\u00e8s aux photos et vid\u00e9os<\/a><\/div>\n\n\n\n<div class=\"wp-block-button is-style-outline\"><a class=\"wp-block-button__link has-black-color has-luminous-vivid-amber-background-color has-text-color has-background wp-element-button\" href=\"https:\/\/laplomberieducanal.com\/index.php\/adherer-association-laplomberieducanal\/\">Adh\u00e9rer \u00e0 l&rsquo;association<\/a><\/div>\n<\/div>\n\n\n\n<div style=\"height:20px\" aria-hidden=\"true\" class=\"wp-block-spacer\"><\/div>\n\n\n\n<p class=\"has-medium-font-size\">D\u00e9couvrez ce qui se passe \u00e0 La Plomberie en nous suivant sur nos diff\u00e9rents r\u00e9seaux sociaux. Notamment sur&nbsp;<a href=\"https:\/\/www.instagram.com\/plomberieducanal\/\">Instagram<\/a>,&nbsp;<a href=\"https:\/\/www.facebook.com\/PlomberieduCanal\/\">Facebook&nbsp;<\/a>et&nbsp;<a href=\"https:\/\/www.youtube.com\/@laplomberieducanal\">YouTube<\/a>&nbsp;! Vous pouvez soutenir l&rsquo;acc\u00e8s \u00e0 l&rsquo;art et \u00e0 la culture pour tous, en partageant, en donnant votre avis et en likant nos diff\u00e9rentes publications.<\/p>\n","protected":false},"excerpt":{"rendered":"<p>La Plomberie du Canal s\u2019inscrit dans une d\u00e9marche d\u2019\u00e9ducation populaire&nbsp;: les ateliers th\u00e9\u00e2tre et les stages pluridisciplinaires sont port\u00e9s par un projet p\u00e9dagogique. En sa qualit\u00e9 de directeur artistique et p\u00e9dagogique, Eddy Frogeais a r\u00e9dig\u00e9 ce projet p\u00e9dagogique. Fondamental aux valeurs port\u00e9es par l\u2019association, il encadre l\u2019action des com\u00e9diens professionnels. Nos ateliers th\u00e9\u00e2tre et les&hellip; <br \/> <a class=\"read-more\" href=\"https:\/\/laplomberieducanal.com\/index.php\/ateliers-stages\/projet-pedagogique-theatre\/\">Lire la suite<\/a><\/p>\n","protected":false},"author":1,"featured_media":1468,"parent":15,"menu_order":0,"comment_status":"closed","ping_status":"closed","template":"","meta":{"footnotes":""},"yoast_head":"<!-- This site is optimized with the Yoast SEO plugin v23.0 - https:\/\/yoast.com\/wordpress\/plugins\/seo\/ -->\n<title>Projet p\u00e9dagogique - La Plomberie du Canal<\/title>\n<meta name=\"description\" content=\"Projet p\u00e9dagogique. Initier les \u00e9l\u00e8ves au th\u00e9\u00e2tre et de les habituer \u00e0 regarder plus loin. En un mot, le \u00ab bien vivre ensemble \u00bb par le jeu.\" \/>\n<meta name=\"robots\" content=\"index, follow, max-snippet:-1, max-image-preview:large, max-video-preview:-1\" \/>\n<link rel=\"canonical\" href=\"https:\/\/laplomberieducanal.com\/index.php\/ateliers-stages\/projet-pedagogique-theatre\/\" \/>\n<meta property=\"og:locale\" content=\"fr_FR\" \/>\n<meta property=\"og:type\" content=\"article\" \/>\n<meta property=\"og:title\" content=\"Projet p\u00e9dagogique - La Plomberie du Canal\" \/>\n<meta property=\"og:description\" content=\"Projet p\u00e9dagogique. Initier les \u00e9l\u00e8ves au th\u00e9\u00e2tre et de les habituer \u00e0 regarder plus loin. En un mot, le \u00ab bien vivre ensemble \u00bb par le jeu.\" \/>\n<meta property=\"og:url\" content=\"https:\/\/laplomberieducanal.com\/index.php\/ateliers-stages\/projet-pedagogique-theatre\/\" \/>\n<meta property=\"og:site_name\" content=\"La Plomberie du Canal\" \/>\n<meta property=\"article:modified_time\" content=\"2025-08-18T11:40:03+00:00\" \/>\n<meta property=\"og:image\" content=\"https:\/\/laplomberieducanal.com\/wp-content\/uploads\/2023\/07\/cropped-cropped-20161013_132605-scaled-1.jpg\" \/>\n\t<meta property=\"og:image:width\" content=\"2503\" \/>\n\t<meta property=\"og:image:height\" content=\"1547\" \/>\n\t<meta property=\"og:image:type\" content=\"image\/jpeg\" \/>\n<meta name=\"twitter:card\" content=\"summary_large_image\" \/>\n<meta name=\"twitter:label1\" content=\"Dur\u00e9e de lecture estim\u00e9e\" \/>\n\t<meta name=\"twitter:data1\" content=\"4 minutes\" \/>\n<script type=\"application\/ld+json\" class=\"yoast-schema-graph\">{\"@context\":\"https:\/\/schema.org\",\"@graph\":[{\"@type\":\"WebPage\",\"@id\":\"https:\/\/laplomberieducanal.com\/index.php\/ateliers-stages\/projet-pedagogique-theatre\/\",\"url\":\"https:\/\/laplomberieducanal.com\/index.php\/ateliers-stages\/projet-pedagogique-theatre\/\",\"name\":\"Projet p\u00e9dagogique - La Plomberie du Canal\",\"isPartOf\":{\"@id\":\"https:\/\/laplomberieducanal.com\/#website\"},\"primaryImageOfPage\":{\"@id\":\"https:\/\/laplomberieducanal.com\/index.php\/ateliers-stages\/projet-pedagogique-theatre\/#primaryimage\"},\"image\":{\"@id\":\"https:\/\/laplomberieducanal.com\/index.php\/ateliers-stages\/projet-pedagogique-theatre\/#primaryimage\"},\"thumbnailUrl\":\"https:\/\/i0.wp.com\/laplomberieducanal.com\/wp-content\/uploads\/2023\/07\/cropped-cropped-20161013_132605-scaled-1.jpg?fit=2503%2C1547&ssl=1\",\"datePublished\":\"2023-07-26T14:50:00+00:00\",\"dateModified\":\"2025-08-18T11:40:03+00:00\",\"description\":\"Projet p\u00e9dagogique. Initier les \u00e9l\u00e8ves au th\u00e9\u00e2tre et de les habituer \u00e0 regarder plus loin. En un mot, le \u00ab bien vivre ensemble \u00bb par le jeu.\",\"breadcrumb\":{\"@id\":\"https:\/\/laplomberieducanal.com\/index.php\/ateliers-stages\/projet-pedagogique-theatre\/#breadcrumb\"},\"inLanguage\":\"fr-FR\",\"potentialAction\":[{\"@type\":\"ReadAction\",\"target\":[\"https:\/\/laplomberieducanal.com\/index.php\/ateliers-stages\/projet-pedagogique-theatre\/\"]}]},{\"@type\":\"ImageObject\",\"inLanguage\":\"fr-FR\",\"@id\":\"https:\/\/laplomberieducanal.com\/index.php\/ateliers-stages\/projet-pedagogique-theatre\/#primaryimage\",\"url\":\"https:\/\/i0.wp.com\/laplomberieducanal.com\/wp-content\/uploads\/2023\/07\/cropped-cropped-20161013_132605-scaled-1.jpg?fit=2503%2C1547&ssl=1\",\"contentUrl\":\"https:\/\/i0.wp.com\/laplomberieducanal.com\/wp-content\/uploads\/2023\/07\/cropped-cropped-20161013_132605-scaled-1.jpg?fit=2503%2C1547&ssl=1\",\"width\":2503,\"height\":1547,\"caption\":\"Projet p\u00e9dagogique\"},{\"@type\":\"BreadcrumbList\",\"@id\":\"https:\/\/laplomberieducanal.com\/index.php\/ateliers-stages\/projet-pedagogique-theatre\/#breadcrumb\",\"itemListElement\":[{\"@type\":\"ListItem\",\"position\":1,\"name\":\"Accueil\",\"item\":\"https:\/\/laplomberieducanal.com\/\"},{\"@type\":\"ListItem\",\"position\":2,\"name\":\"Ateliers et Stages\",\"item\":\"https:\/\/laplomberieducanal.com\/index.php\/ateliers-stages\/\"},{\"@type\":\"ListItem\",\"position\":3,\"name\":\"Projet p\u00e9dagogique\"}]},{\"@type\":\"WebSite\",\"@id\":\"https:\/\/laplomberieducanal.com\/#website\",\"url\":\"https:\/\/laplomberieducanal.com\/\",\"name\":\"La Plomberie du Canal\",\"description\":\"Association artistique et culturelle\",\"publisher\":{\"@id\":\"https:\/\/laplomberieducanal.com\/#organization\"},\"potentialAction\":[{\"@type\":\"SearchAction\",\"target\":{\"@type\":\"EntryPoint\",\"urlTemplate\":\"https:\/\/laplomberieducanal.com\/?s={search_term_string}\"},\"query-input\":\"required name=search_term_string\"}],\"inLanguage\":\"fr-FR\"},{\"@type\":\"Organization\",\"@id\":\"https:\/\/laplomberieducanal.com\/#organization\",\"name\":\"La Plomberie du Canal\",\"url\":\"https:\/\/laplomberieducanal.com\/\",\"logo\":{\"@type\":\"ImageObject\",\"inLanguage\":\"fr-FR\",\"@id\":\"https:\/\/laplomberieducanal.com\/#\/schema\/logo\/image\/\",\"url\":\"https:\/\/i0.wp.com\/laplomberieducanal.com\/wp-content\/uploads\/2023\/04\/cropped-Logo-La-Plomberie-du-Canal-couleur-sans-contour.png?fit=2105%2C1964&ssl=1\",\"contentUrl\":\"https:\/\/i0.wp.com\/laplomberieducanal.com\/wp-content\/uploads\/2023\/04\/cropped-Logo-La-Plomberie-du-Canal-couleur-sans-contour.png?fit=2105%2C1964&ssl=1\",\"width\":2105,\"height\":1964,\"caption\":\"La Plomberie du Canal\"},\"image\":{\"@id\":\"https:\/\/laplomberieducanal.com\/#\/schema\/logo\/image\/\"}}]}<\/script>\n<!-- \/ Yoast SEO plugin. -->","yoast_head_json":{"title":"Projet p\u00e9dagogique - La Plomberie du Canal","description":"Projet p\u00e9dagogique. Initier les \u00e9l\u00e8ves au th\u00e9\u00e2tre et de les habituer \u00e0 regarder plus loin. En un mot, le \u00ab bien vivre ensemble \u00bb par le jeu.","robots":{"index":"index","follow":"follow","max-snippet":"max-snippet:-1","max-image-preview":"max-image-preview:large","max-video-preview":"max-video-preview:-1"},"canonical":"https:\/\/laplomberieducanal.com\/index.php\/ateliers-stages\/projet-pedagogique-theatre\/","og_locale":"fr_FR","og_type":"article","og_title":"Projet p\u00e9dagogique - La Plomberie du Canal","og_description":"Projet p\u00e9dagogique. Initier les \u00e9l\u00e8ves au th\u00e9\u00e2tre et de les habituer \u00e0 regarder plus loin. En un mot, le \u00ab bien vivre ensemble \u00bb par le jeu.","og_url":"https:\/\/laplomberieducanal.com\/index.php\/ateliers-stages\/projet-pedagogique-theatre\/","og_site_name":"La Plomberie du Canal","article_modified_time":"2025-08-18T11:40:03+00:00","og_image":[{"width":2503,"height":1547,"url":"https:\/\/laplomberieducanal.com\/wp-content\/uploads\/2023\/07\/cropped-cropped-20161013_132605-scaled-1.jpg","type":"image\/jpeg"}],"twitter_card":"summary_large_image","twitter_misc":{"Dur\u00e9e de lecture estim\u00e9e":"4 minutes"},"schema":{"@context":"https:\/\/schema.org","@graph":[{"@type":"WebPage","@id":"https:\/\/laplomberieducanal.com\/index.php\/ateliers-stages\/projet-pedagogique-theatre\/","url":"https:\/\/laplomberieducanal.com\/index.php\/ateliers-stages\/projet-pedagogique-theatre\/","name":"Projet p\u00e9dagogique - La Plomberie du Canal","isPartOf":{"@id":"https:\/\/laplomberieducanal.com\/#website"},"primaryImageOfPage":{"@id":"https:\/\/laplomberieducanal.com\/index.php\/ateliers-stages\/projet-pedagogique-theatre\/#primaryimage"},"image":{"@id":"https:\/\/laplomberieducanal.com\/index.php\/ateliers-stages\/projet-pedagogique-theatre\/#primaryimage"},"thumbnailUrl":"https:\/\/i0.wp.com\/laplomberieducanal.com\/wp-content\/uploads\/2023\/07\/cropped-cropped-20161013_132605-scaled-1.jpg?fit=2503%2C1547&ssl=1","datePublished":"2023-07-26T14:50:00+00:00","dateModified":"2025-08-18T11:40:03+00:00","description":"Projet p\u00e9dagogique. Initier les \u00e9l\u00e8ves au th\u00e9\u00e2tre et de les habituer \u00e0 regarder plus loin. En un mot, le \u00ab bien vivre ensemble \u00bb par le jeu.","breadcrumb":{"@id":"https:\/\/laplomberieducanal.com\/index.php\/ateliers-stages\/projet-pedagogique-theatre\/#breadcrumb"},"inLanguage":"fr-FR","potentialAction":[{"@type":"ReadAction","target":["https:\/\/laplomberieducanal.com\/index.php\/ateliers-stages\/projet-pedagogique-theatre\/"]}]},{"@type":"ImageObject","inLanguage":"fr-FR","@id":"https:\/\/laplomberieducanal.com\/index.php\/ateliers-stages\/projet-pedagogique-theatre\/#primaryimage","url":"https:\/\/i0.wp.com\/laplomberieducanal.com\/wp-content\/uploads\/2023\/07\/cropped-cropped-20161013_132605-scaled-1.jpg?fit=2503%2C1547&ssl=1","contentUrl":"https:\/\/i0.wp.com\/laplomberieducanal.com\/wp-content\/uploads\/2023\/07\/cropped-cropped-20161013_132605-scaled-1.jpg?fit=2503%2C1547&ssl=1","width":2503,"height":1547,"caption":"Projet p\u00e9dagogique"},{"@type":"BreadcrumbList","@id":"https:\/\/laplomberieducanal.com\/index.php\/ateliers-stages\/projet-pedagogique-theatre\/#breadcrumb","itemListElement":[{"@type":"ListItem","position":1,"name":"Accueil","item":"https:\/\/laplomberieducanal.com\/"},{"@type":"ListItem","position":2,"name":"Ateliers et Stages","item":"https:\/\/laplomberieducanal.com\/index.php\/ateliers-stages\/"},{"@type":"ListItem","position":3,"name":"Projet p\u00e9dagogique"}]},{"@type":"WebSite","@id":"https:\/\/laplomberieducanal.com\/#website","url":"https:\/\/laplomberieducanal.com\/","name":"La Plomberie du Canal","description":"Association artistique et culturelle","publisher":{"@id":"https:\/\/laplomberieducanal.com\/#organization"},"potentialAction":[{"@type":"SearchAction","target":{"@type":"EntryPoint","urlTemplate":"https:\/\/laplomberieducanal.com\/?s={search_term_string}"},"query-input":"required name=search_term_string"}],"inLanguage":"fr-FR"},{"@type":"Organization","@id":"https:\/\/laplomberieducanal.com\/#organization","name":"La Plomberie du Canal","url":"https:\/\/laplomberieducanal.com\/","logo":{"@type":"ImageObject","inLanguage":"fr-FR","@id":"https:\/\/laplomberieducanal.com\/#\/schema\/logo\/image\/","url":"https:\/\/i0.wp.com\/laplomberieducanal.com\/wp-content\/uploads\/2023\/04\/cropped-Logo-La-Plomberie-du-Canal-couleur-sans-contour.png?fit=2105%2C1964&ssl=1","contentUrl":"https:\/\/i0.wp.com\/laplomberieducanal.com\/wp-content\/uploads\/2023\/04\/cropped-Logo-La-Plomberie-du-Canal-couleur-sans-contour.png?fit=2105%2C1964&ssl=1","width":2105,"height":1964,"caption":"La Plomberie du Canal"},"image":{"@id":"https:\/\/laplomberieducanal.com\/#\/schema\/logo\/image\/"}}]}},"jetpack_sharing_enabled":true,"jetpack_likes_enabled":true,"jetpack_shortlink":"https:\/\/wp.me\/PdRAvF-W","_links":{"self":[{"href":"https:\/\/laplomberieducanal.com\/index.php\/wp-json\/wp\/v2\/pages\/58"}],"collection":[{"href":"https:\/\/laplomberieducanal.com\/index.php\/wp-json\/wp\/v2\/pages"}],"about":[{"href":"https:\/\/laplomberieducanal.com\/index.php\/wp-json\/wp\/v2\/types\/page"}],"author":[{"embeddable":true,"href":"https:\/\/laplomberieducanal.com\/index.php\/wp-json\/wp\/v2\/users\/1"}],"replies":[{"embeddable":true,"href":"https:\/\/laplomberieducanal.com\/index.php\/wp-json\/wp\/v2\/comments?post=58"}],"version-history":[{"count":10,"href":"https:\/\/laplomberieducanal.com\/index.php\/wp-json\/wp\/v2\/pages\/58\/revisions"}],"predecessor-version":[{"id":2647,"href":"https:\/\/laplomberieducanal.com\/index.php\/wp-json\/wp\/v2\/pages\/58\/revisions\/2647"}],"up":[{"embeddable":true,"href":"https:\/\/laplomberieducanal.com\/index.php\/wp-json\/wp\/v2\/pages\/15"}],"wp:featuredmedia":[{"embeddable":true,"href":"https:\/\/laplomberieducanal.com\/index.php\/wp-json\/wp\/v2\/media\/1468"}],"wp:attachment":[{"href":"https:\/\/laplomberieducanal.com\/index.php\/wp-json\/wp\/v2\/media?parent=58"}],"curies":[{"name":"wp","href":"https:\/\/api.w.org\/{rel}","templated":true}]}}