{"id":68,"date":"2023-07-25T11:28:00","date_gmt":"2023-07-25T09:28:00","guid":{"rendered":"https:\/\/laplomberieducanal.com\/?page_id=68"},"modified":"2023-11-23T11:31:14","modified_gmt":"2023-11-23T10:31:14","slug":"location-lieu-atypique-rennes-pour-evenement-anniversaires","status":"publish","type":"page","link":"https:\/\/laplomberieducanal.com\/index.php\/hang-art\/location-lieu-atypique-rennes-pour-evenement-anniversaires\/","title":{"rendered":"Location pour \u00e9v\u00e8nement Rennes"},"content":{"rendered":"\n<h2 class=\"wp-block-heading has-black-color has-text-color has-large-font-size\">Si tout le monde n&rsquo;a pas la chance d&rsquo;avoir un espace assez grand, ni un jardin, pour organiser et c\u00e9l\u00e9brer les moments importants de la vie, le Hang&rsquo;Art est l\u00e0 pour vous !<\/h2>\n\n\n\n<figure class=\"wp-block-gallery has-nested-images columns-default is-cropped wp-block-gallery-2 is-layout-flex wp-block-gallery-is-layout-flex\">\n<figure class=\"wp-block-image size-thumbnail is-style-rounded wp-duotone-unset-1\"><img data-recalc-dims=\"1\" loading=\"lazy\" decoding=\"async\" width=\"150\" height=\"150\" data-attachment-id=\"1675\" data-permalink=\"https:\/\/laplomberieducanal.com\/index.php\/hang-art\/location-lieu-atypique-rennes-pour-evenement-anniversaires\/capture\/\" data-orig-file=\"https:\/\/i0.wp.com\/laplomberieducanal.com\/wp-content\/uploads\/2023\/08\/Capture.png?fit=428%2C435&amp;ssl=1\" data-orig-size=\"428,435\" data-comments-opened=\"1\" data-image-meta=\"{&quot;aperture&quot;:&quot;0&quot;,&quot;credit&quot;:&quot;&quot;,&quot;camera&quot;:&quot;&quot;,&quot;caption&quot;:&quot;&quot;,&quot;created_timestamp&quot;:&quot;0&quot;,&quot;copyright&quot;:&quot;&quot;,&quot;focal_length&quot;:&quot;0&quot;,&quot;iso&quot;:&quot;0&quot;,&quot;shutter_speed&quot;:&quot;0&quot;,&quot;title&quot;:&quot;&quot;,&quot;orientation&quot;:&quot;0&quot;}\" data-image-title=\"Location pour evenement Rennes\" data-image-description=\"\" data-image-caption=\"&lt;p&gt;Renaissance de la Plomberie&lt;\/p&gt;\n\" data-medium-file=\"https:\/\/i0.wp.com\/laplomberieducanal.com\/wp-content\/uploads\/2023\/08\/Capture.png?fit=295%2C300&amp;ssl=1\" data-large-file=\"https:\/\/i0.wp.com\/laplomberieducanal.com\/wp-content\/uploads\/2023\/08\/Capture.png?fit=428%2C435&amp;ssl=1\" tabindex=\"0\" role=\"button\" data-id=\"1675\" src=\"https:\/\/i0.wp.com\/laplomberieducanal.com\/wp-content\/uploads\/2023\/08\/Capture.png?resize=150%2C150&#038;ssl=1\" alt=\"Location pour evenement Rennes\" class=\"wp-image-1675\" srcset=\"https:\/\/i0.wp.com\/laplomberieducanal.com\/wp-content\/uploads\/2023\/08\/Capture.png?resize=150%2C150&amp;ssl=1 150w, https:\/\/i0.wp.com\/laplomberieducanal.com\/wp-content\/uploads\/2023\/08\/Capture.png?zoom=2&amp;resize=150%2C150&amp;ssl=1 300w\" sizes=\"(max-width: 150px) 100vw, 150px\" \/><\/figure>\n<\/figure>\n\n\n\n<p class=\"has-medium-font-size\">Location pour \u00e9v\u00e8nement Rennes (3500)<\/p>\n\n\n\n<p class=\"has-black-color has-text-color has-medium-font-size\">La Plomberie du Canal propose la location du Hang&rsquo;Art et\/ou du jardin aux particuliers souhaitant c\u00e9l\u00e9brer un \u00e9v\u00e9nement particulier : (anniversaires, d\u00e9parts en retraite, expositions, th\u00e9s dansants, bapt\u00eames, etc.)<\/p>\n\n\n\n<div style=\"height:20px\" aria-hidden=\"true\" class=\"wp-block-spacer\"><\/div>\n\n\n\n<div class=\"wp-block-buttons is-content-justification-center is-layout-flex wp-container-core-buttons-is-layout-1 wp-block-buttons-is-layout-flex\">\n<div class=\"wp-block-button\"><a class=\"wp-block-button__link has-background wp-element-button\" href=\"https:\/\/laplomberieducanal.com\/index.php\/hang-art\/agenda-des-locations\/\" style=\"background-color:#a70042\">Voir l&rsquo;agenda des locations<\/a><\/div>\n<\/div>\n\n\n\n<h2 class=\"wp-block-heading has-black-color has-text-color has-large-font-size\">Mise en sc\u00e8ne, sc\u00e9nographie pour vos \u00e9v\u00e9nements \u00e0 Rennes<\/h2>\n\n\n\n<p class=\"has-black-color has-text-color has-medium-font-size\">Nous pouvons apporter notre exp\u00e9rience de <strong>la mise en sc\u00e8ne<\/strong>, de la <strong>sc\u00e9nographie <\/strong>pour rendre le lieu encore plus magique.<\/p>\n\n\n\n<h2 class=\"wp-block-heading has-black-color has-text-color has-large-font-size\">R\u00e9seau d\u2019artistes professionnels<\/h2>\n\n\n\n<p class=\"has-black-color has-text-color has-medium-font-size\">Pour l\u2019occasion, nous pouvons \u00e9galement faire jouer notre r\u00e9seau d\u2019artistes professionnels&nbsp;:<\/p>\n\n\n\n<ul>\n<li class=\"has-medium-font-size\">D\u00e9cors<\/li>\n\n\n\n<li class=\"has-medium-font-size\">Costumes<\/li>\n\n\n\n<li class=\"has-medium-font-size\">Maquillages artistiques<\/li>\n\n\n\n<li class=\"has-medium-font-size\">Spectacles et animations<\/li>\n<\/ul>\n\n\n\n<div class=\"wp-block-buttons is-horizontal is-content-justification-center is-layout-flex wp-container-core-buttons-is-layout-2 wp-block-buttons-is-layout-flex\">\n<div class=\"wp-block-button\"><a class=\"wp-block-button__link has-white-color has-text-color has-background wp-element-button\" href=\"https:\/\/laplomberieducanal.com\/wp-content\/uploads\/2021\/05\/Formulaire-de-demande-de-mise-a-disposition.pdf\" style=\"background-color:#febe32\">Demande de r\u00e9servation<\/a><\/div>\n\n\n\n<div class=\"wp-block-button is-style-outline\"><a class=\"wp-block-button__link has-background wp-element-button\" href=\"https:\/\/laplomberieducanal.com\/index.php\/contact\/\" style=\"background-color:#febe32\">Nous contacter<\/a><\/div>\n<\/div>\n\n\n\n<h2 class=\"wp-block-heading has-text-color has-large-font-size\" style=\"color:#a70048\">Informations <\/h2>\n\n\n\n<p class=\"has-black-color has-text-color has-medium-font-size\">La location s\u2019effectue en journ\u00e9e uniquement. <br><\/p>\n\n\n\n<h2 class=\"wp-block-heading has-text-color has-large-font-size\" style=\"color:#a70048\">Nous situer<\/h2>\n\n\n\n<div class=\"wp-block-columns is-layout-flex wp-container-core-columns-is-layout-1 wp-block-columns-is-layout-flex\">\n<div class=\"wp-block-column is-layout-flow wp-block-column-is-layout-flow\" style=\"flex-basis:33.33%\">\n<iframe src=\"https:\/\/www.google.com\/maps\/embed?pb=!1m14!1m8!1m3!1d10653.374751929729!2d-1.6784378!3d48.1228951!3m2!1i1024!2i768!4f13.1!3m3!1m2!1s0x0%3A0x147cf83f27e35463!2sLa%20Plomberie%20du%20Canal!5e0!3m2!1sfr!2sfr!4v1621517876901!5m2!1sfr!2sfr\" width=\"600\" height=\"450\" style=\"border:0;\" allowfullscreen=\"\" loading=\"lazy\"><\/iframe>\n<\/div>\n\n\n\n<div class=\"wp-block-column is-vertically-aligned-center is-layout-flow wp-block-column-is-layout-flow\" style=\"flex-basis:66.66%\">\n<p class=\"has-medium-font-size\">Pour s&rsquo;y rendre :<\/p>\n\n\n\n<ul>\n<li class=\"has-medium-font-size\"><strong>V\u00e9lo<\/strong> : Station Pont Saint-Martin<\/li>\n\n\n\n<li class=\"has-medium-font-size\"><strong>Bus<\/strong> : n\u00b012 (Arr\u00eat Auberge de Jeunesse)<\/li>\n\n\n\n<li class=\"has-medium-font-size\"><strong>M\u00e9tro ligne A<\/strong> : Arr\u00eats Anatole France ou Sainte-Anne (10-15 minutes \u00e0 pied)<\/li>\n\n\n\n<li class=\"has-medium-font-size\"><strong>M\u00e9tro ligne B <\/strong>: arr\u00eat Jules Ferry (15 minutes \u00e0 pied)<\/li>\n\n\n\n<li class=\"has-medium-font-size\"><strong>Voiture<\/strong> : Rocade, sortie Beauregard ou Saint-Martin<\/li>\n<\/ul>\n\n\n\n<div class=\"wp-block-buttons is-horizontal is-content-justification-center is-layout-flex wp-container-core-buttons-is-layout-3 wp-block-buttons-is-layout-flex\">\n<div class=\"wp-block-button is-style-outline\"><a class=\"wp-block-button__link has-black-color has-luminous-vivid-amber-background-color has-text-color has-background wp-element-button\" href=\"https:\/\/laplomberieducanal.com\/index.php\/contact\/\">Nous contacter<\/a><\/div>\n<\/div>\n<\/div>\n<\/div>\n\n\n\n<p class=\"has-medium-font-size\">Retrouvez les \u00e9v\u00e9nements qui se sont d\u00e9roul\u00e9s dans le Hang\u2019Art en nous suivant sur nos diff\u00e9rents r\u00e9seaux sociaux. Notamment sur&nbsp;<a href=\"https:\/\/www.instagram.com\/plomberieducanal\/\">Instagram<\/a>,&nbsp;<a href=\"https:\/\/www.facebook.com\/PlomberieduCanal\/\">Facebook&nbsp;<\/a>et&nbsp;<a href=\"https:\/\/www.youtube.com\/@laplomberieducanal\">YouTube<\/a>&nbsp;!<\/p>\n","protected":false},"excerpt":{"rendered":"<p>Si tout le monde n&rsquo;a pas la chance d&rsquo;avoir un espace assez grand, ni un jardin, pour organiser et c\u00e9l\u00e9brer les moments importants de la vie, le Hang&rsquo;Art est l\u00e0 pour vous ! Location pour \u00e9v\u00e8nement Rennes (3500) La Plomberie du Canal propose la location du Hang&rsquo;Art et\/ou du jardin aux particuliers souhaitant c\u00e9l\u00e9brer un&hellip; <br \/> <a class=\"read-more\" href=\"https:\/\/laplomberieducanal.com\/index.php\/hang-art\/location-lieu-atypique-rennes-pour-evenement-anniversaires\/\">Lire la suite<\/a><\/p>\n","protected":false},"author":1,"featured_media":1675,"parent":13,"menu_order":0,"comment_status":"open","ping_status":"closed","template":"","meta":{"footnotes":""},"yoast_head":"<!-- This site is optimized with the Yoast SEO plugin v23.0 - https:\/\/yoast.com\/wordpress\/plugins\/seo\/ -->\n<title>Location pour \u00e9v\u00e8nement Rennes - La Plomberie du Canal<\/title>\n<meta name=\"description\" content=\"Location lieu atypique Rennes pour evenement : anniversaire, d\u00e9part en retraite, exposition, th\u00e9 dansant, bapt\u00eame, baby shower, naissance...\" \/>\n<meta name=\"robots\" content=\"index, follow, max-snippet:-1, max-image-preview:large, max-video-preview:-1\" \/>\n<link rel=\"canonical\" href=\"https:\/\/laplomberieducanal.com\/index.php\/hang-art\/location-lieu-atypique-rennes-pour-evenement-anniversaires\/\" \/>\n<meta property=\"og:locale\" content=\"fr_FR\" \/>\n<meta property=\"og:type\" content=\"article\" \/>\n<meta property=\"og:title\" content=\"Location pour \u00e9v\u00e8nement Rennes - La Plomberie du Canal\" \/>\n<meta property=\"og:description\" content=\"Location lieu atypique Rennes pour evenement : anniversaire, d\u00e9part en retraite, exposition, th\u00e9 dansant, bapt\u00eame, baby shower, naissance...\" \/>\n<meta property=\"og:url\" content=\"https:\/\/laplomberieducanal.com\/index.php\/hang-art\/location-lieu-atypique-rennes-pour-evenement-anniversaires\/\" \/>\n<meta property=\"og:site_name\" content=\"La Plomberie du Canal\" \/>\n<meta property=\"article:modified_time\" content=\"2023-11-23T10:31:14+00:00\" \/>\n<meta property=\"og:image\" content=\"https:\/\/laplomberieducanal.com\/wp-content\/uploads\/2023\/08\/Capture.png\" \/>\n\t<meta property=\"og:image:width\" content=\"428\" \/>\n\t<meta property=\"og:image:height\" content=\"435\" \/>\n\t<meta property=\"og:image:type\" content=\"image\/png\" \/>\n<meta name=\"twitter:card\" content=\"summary_large_image\" \/>\n<meta name=\"twitter:label1\" content=\"Dur\u00e9e de lecture estim\u00e9e\" \/>\n\t<meta name=\"twitter:data1\" content=\"2 minutes\" \/>\n<script type=\"application\/ld+json\" class=\"yoast-schema-graph\">{\"@context\":\"https:\/\/schema.org\",\"@graph\":[{\"@type\":\"WebPage\",\"@id\":\"https:\/\/laplomberieducanal.com\/index.php\/hang-art\/location-lieu-atypique-rennes-pour-evenement-anniversaires\/\",\"url\":\"https:\/\/laplomberieducanal.com\/index.php\/hang-art\/location-lieu-atypique-rennes-pour-evenement-anniversaires\/\",\"name\":\"Location pour \u00e9v\u00e8nement Rennes - La Plomberie du Canal\",\"isPartOf\":{\"@id\":\"https:\/\/laplomberieducanal.com\/#website\"},\"primaryImageOfPage\":{\"@id\":\"https:\/\/laplomberieducanal.com\/index.php\/hang-art\/location-lieu-atypique-rennes-pour-evenement-anniversaires\/#primaryimage\"},\"image\":{\"@id\":\"https:\/\/laplomberieducanal.com\/index.php\/hang-art\/location-lieu-atypique-rennes-pour-evenement-anniversaires\/#primaryimage\"},\"thumbnailUrl\":\"https:\/\/i0.wp.com\/laplomberieducanal.com\/wp-content\/uploads\/2023\/08\/Capture.png?fit=428%2C435&ssl=1\",\"datePublished\":\"2023-07-25T09:28:00+00:00\",\"dateModified\":\"2023-11-23T10:31:14+00:00\",\"description\":\"Location lieu atypique Rennes pour evenement : anniversaire, d\u00e9part en retraite, exposition, th\u00e9 dansant, bapt\u00eame, baby shower, naissance...\",\"breadcrumb\":{\"@id\":\"https:\/\/laplomberieducanal.com\/index.php\/hang-art\/location-lieu-atypique-rennes-pour-evenement-anniversaires\/#breadcrumb\"},\"inLanguage\":\"fr-FR\",\"potentialAction\":[{\"@type\":\"ReadAction\",\"target\":[\"https:\/\/laplomberieducanal.com\/index.php\/hang-art\/location-lieu-atypique-rennes-pour-evenement-anniversaires\/\"]}]},{\"@type\":\"ImageObject\",\"inLanguage\":\"fr-FR\",\"@id\":\"https:\/\/laplomberieducanal.com\/index.php\/hang-art\/location-lieu-atypique-rennes-pour-evenement-anniversaires\/#primaryimage\",\"url\":\"https:\/\/i0.wp.com\/laplomberieducanal.com\/wp-content\/uploads\/2023\/08\/Capture.png?fit=428%2C435&ssl=1\",\"contentUrl\":\"https:\/\/i0.wp.com\/laplomberieducanal.com\/wp-content\/uploads\/2023\/08\/Capture.png?fit=428%2C435&ssl=1\",\"width\":428,\"height\":435,\"caption\":\"Renaissance de la Plomberie\"},{\"@type\":\"BreadcrumbList\",\"@id\":\"https:\/\/laplomberieducanal.com\/index.php\/hang-art\/location-lieu-atypique-rennes-pour-evenement-anniversaires\/#breadcrumb\",\"itemListElement\":[{\"@type\":\"ListItem\",\"position\":1,\"name\":\"Accueil\",\"item\":\"https:\/\/laplomberieducanal.com\/\"},{\"@type\":\"ListItem\",\"position\":2,\"name\":\"Le Hang&#8217;Art de La Plomberie du Canal\",\"item\":\"https:\/\/laplomberieducanal.com\/index.php\/hang-art\/\"},{\"@type\":\"ListItem\",\"position\":3,\"name\":\"Location pour \u00e9v\u00e8nement Rennes\"}]},{\"@type\":\"WebSite\",\"@id\":\"https:\/\/laplomberieducanal.com\/#website\",\"url\":\"https:\/\/laplomberieducanal.com\/\",\"name\":\"La Plomberie du Canal\",\"description\":\"Association artistique et culturelle\",\"publisher\":{\"@id\":\"https:\/\/laplomberieducanal.com\/#organization\"},\"potentialAction\":[{\"@type\":\"SearchAction\",\"target\":{\"@type\":\"EntryPoint\",\"urlTemplate\":\"https:\/\/laplomberieducanal.com\/?s={search_term_string}\"},\"query-input\":\"required name=search_term_string\"}],\"inLanguage\":\"fr-FR\"},{\"@type\":\"Organization\",\"@id\":\"https:\/\/laplomberieducanal.com\/#organization\",\"name\":\"La Plomberie du Canal\",\"url\":\"https:\/\/laplomberieducanal.com\/\",\"logo\":{\"@type\":\"ImageObject\",\"inLanguage\":\"fr-FR\",\"@id\":\"https:\/\/laplomberieducanal.com\/#\/schema\/logo\/image\/\",\"url\":\"https:\/\/i0.wp.com\/laplomberieducanal.com\/wp-content\/uploads\/2023\/04\/cropped-Logo-La-Plomberie-du-Canal-couleur-sans-contour.png?fit=2105%2C1964&ssl=1\",\"contentUrl\":\"https:\/\/i0.wp.com\/laplomberieducanal.com\/wp-content\/uploads\/2023\/04\/cropped-Logo-La-Plomberie-du-Canal-couleur-sans-contour.png?fit=2105%2C1964&ssl=1\",\"width\":2105,\"height\":1964,\"caption\":\"La Plomberie du Canal\"},\"image\":{\"@id\":\"https:\/\/laplomberieducanal.com\/#\/schema\/logo\/image\/\"}}]}<\/script>\n<!-- \/ Yoast SEO plugin. -->","yoast_head_json":{"title":"Location pour \u00e9v\u00e8nement Rennes - La Plomberie du Canal","description":"Location lieu atypique Rennes pour evenement : anniversaire, d\u00e9part en retraite, exposition, th\u00e9 dansant, bapt\u00eame, baby shower, naissance...","robots":{"index":"index","follow":"follow","max-snippet":"max-snippet:-1","max-image-preview":"max-image-preview:large","max-video-preview":"max-video-preview:-1"},"canonical":"https:\/\/laplomberieducanal.com\/index.php\/hang-art\/location-lieu-atypique-rennes-pour-evenement-anniversaires\/","og_locale":"fr_FR","og_type":"article","og_title":"Location pour \u00e9v\u00e8nement Rennes - La Plomberie du Canal","og_description":"Location lieu atypique Rennes pour evenement : anniversaire, d\u00e9part en retraite, exposition, th\u00e9 dansant, bapt\u00eame, baby shower, naissance...","og_url":"https:\/\/laplomberieducanal.com\/index.php\/hang-art\/location-lieu-atypique-rennes-pour-evenement-anniversaires\/","og_site_name":"La Plomberie du Canal","article_modified_time":"2023-11-23T10:31:14+00:00","og_image":[{"width":428,"height":435,"url":"https:\/\/laplomberieducanal.com\/wp-content\/uploads\/2023\/08\/Capture.png","type":"image\/png"}],"twitter_card":"summary_large_image","twitter_misc":{"Dur\u00e9e de lecture estim\u00e9e":"2 minutes"},"schema":{"@context":"https:\/\/schema.org","@graph":[{"@type":"WebPage","@id":"https:\/\/laplomberieducanal.com\/index.php\/hang-art\/location-lieu-atypique-rennes-pour-evenement-anniversaires\/","url":"https:\/\/laplomberieducanal.com\/index.php\/hang-art\/location-lieu-atypique-rennes-pour-evenement-anniversaires\/","name":"Location pour \u00e9v\u00e8nement Rennes - La Plomberie du Canal","isPartOf":{"@id":"https:\/\/laplomberieducanal.com\/#website"},"primaryImageOfPage":{"@id":"https:\/\/laplomberieducanal.com\/index.php\/hang-art\/location-lieu-atypique-rennes-pour-evenement-anniversaires\/#primaryimage"},"image":{"@id":"https:\/\/laplomberieducanal.com\/index.php\/hang-art\/location-lieu-atypique-rennes-pour-evenement-anniversaires\/#primaryimage"},"thumbnailUrl":"https:\/\/i0.wp.com\/laplomberieducanal.com\/wp-content\/uploads\/2023\/08\/Capture.png?fit=428%2C435&ssl=1","datePublished":"2023-07-25T09:28:00+00:00","dateModified":"2023-11-23T10:31:14+00:00","description":"Location lieu atypique Rennes pour evenement : anniversaire, d\u00e9part en retraite, exposition, th\u00e9 dansant, bapt\u00eame, baby shower, naissance...","breadcrumb":{"@id":"https:\/\/laplomberieducanal.com\/index.php\/hang-art\/location-lieu-atypique-rennes-pour-evenement-anniversaires\/#breadcrumb"},"inLanguage":"fr-FR","potentialAction":[{"@type":"ReadAction","target":["https:\/\/laplomberieducanal.com\/index.php\/hang-art\/location-lieu-atypique-rennes-pour-evenement-anniversaires\/"]}]},{"@type":"ImageObject","inLanguage":"fr-FR","@id":"https:\/\/laplomberieducanal.com\/index.php\/hang-art\/location-lieu-atypique-rennes-pour-evenement-anniversaires\/#primaryimage","url":"https:\/\/i0.wp.com\/laplomberieducanal.com\/wp-content\/uploads\/2023\/08\/Capture.png?fit=428%2C435&ssl=1","contentUrl":"https:\/\/i0.wp.com\/laplomberieducanal.com\/wp-content\/uploads\/2023\/08\/Capture.png?fit=428%2C435&ssl=1","width":428,"height":435,"caption":"Renaissance de la Plomberie"},{"@type":"BreadcrumbList","@id":"https:\/\/laplomberieducanal.com\/index.php\/hang-art\/location-lieu-atypique-rennes-pour-evenement-anniversaires\/#breadcrumb","itemListElement":[{"@type":"ListItem","position":1,"name":"Accueil","item":"https:\/\/laplomberieducanal.com\/"},{"@type":"ListItem","position":2,"name":"Le Hang&#8217;Art de La Plomberie du Canal","item":"https:\/\/laplomberieducanal.com\/index.php\/hang-art\/"},{"@type":"ListItem","position":3,"name":"Location pour \u00e9v\u00e8nement Rennes"}]},{"@type":"WebSite","@id":"https:\/\/laplomberieducanal.com\/#website","url":"https:\/\/laplomberieducanal.com\/","name":"La Plomberie du Canal","description":"Association artistique et culturelle","publisher":{"@id":"https:\/\/laplomberieducanal.com\/#organization"},"potentialAction":[{"@type":"SearchAction","target":{"@type":"EntryPoint","urlTemplate":"https:\/\/laplomberieducanal.com\/?s={search_term_string}"},"query-input":"required name=search_term_string"}],"inLanguage":"fr-FR"},{"@type":"Organization","@id":"https:\/\/laplomberieducanal.com\/#organization","name":"La Plomberie du Canal","url":"https:\/\/laplomberieducanal.com\/","logo":{"@type":"ImageObject","inLanguage":"fr-FR","@id":"https:\/\/laplomberieducanal.com\/#\/schema\/logo\/image\/","url":"https:\/\/i0.wp.com\/laplomberieducanal.com\/wp-content\/uploads\/2023\/04\/cropped-Logo-La-Plomberie-du-Canal-couleur-sans-contour.png?fit=2105%2C1964&ssl=1","contentUrl":"https:\/\/i0.wp.com\/laplomberieducanal.com\/wp-content\/uploads\/2023\/04\/cropped-Logo-La-Plomberie-du-Canal-couleur-sans-contour.png?fit=2105%2C1964&ssl=1","width":2105,"height":1964,"caption":"La Plomberie du Canal"},"image":{"@id":"https:\/\/laplomberieducanal.com\/#\/schema\/logo\/image\/"}}]}},"jetpack_sharing_enabled":true,"jetpack_likes_enabled":true,"jetpack_shortlink":"https:\/\/wp.me\/PdRAvF-16","_links":{"self":[{"href":"https:\/\/laplomberieducanal.com\/index.php\/wp-json\/wp\/v2\/pages\/68"}],"collection":[{"href":"https:\/\/laplomberieducanal.com\/index.php\/wp-json\/wp\/v2\/pages"}],"about":[{"href":"https:\/\/laplomberieducanal.com\/index.php\/wp-json\/wp\/v2\/types\/page"}],"author":[{"embeddable":true,"href":"https:\/\/laplomberieducanal.com\/index.php\/wp-json\/wp\/v2\/users\/1"}],"replies":[{"embeddable":true,"href":"https:\/\/laplomberieducanal.com\/index.php\/wp-json\/wp\/v2\/comments?post=68"}],"version-history":[{"count":21,"href":"https:\/\/laplomberieducanal.com\/index.php\/wp-json\/wp\/v2\/pages\/68\/revisions"}],"predecessor-version":[{"id":2003,"href":"https:\/\/laplomberieducanal.com\/index.php\/wp-json\/wp\/v2\/pages\/68\/revisions\/2003"}],"up":[{"embeddable":true,"href":"https:\/\/laplomberieducanal.com\/index.php\/wp-json\/wp\/v2\/pages\/13"}],"wp:featuredmedia":[{"embeddable":true,"href":"https:\/\/laplomberieducanal.com\/index.php\/wp-json\/wp\/v2\/media\/1675"}],"wp:attachment":[{"href":"https:\/\/laplomberieducanal.com\/index.php\/wp-json\/wp\/v2\/media?parent=68"}],"curies":[{"name":"wp","href":"https:\/\/api.w.org\/{rel}","templated":true}]}}